{"id":3811,"date":"2023-11-07T16:59:24","date_gmt":"2023-11-07T15:59:24","guid":{"rendered":"https:\/\/hilaturas.es\/\/?page_id=3811"},"modified":"2023-11-07T17:00:35","modified_gmt":"2023-11-07T16:00:35","slug":"hazte-distribuidor","status":"publish","type":"page","link":"https:\/\/hilaturas.es\/pt\/hazte-distribuidor\/","title":{"rendered":"Hazte distribuidor"},"content":{"rendered":"<div data-elementor-type=\"wp-page\" data-elementor-id=\"3811\" class=\"elementor elementor-3811\">\n\t\t\t\t<div class=\"elementor-element elementor-element-1036329 e-flex e-con-boxed wpr-particle-no wpr-jarallax-no wpr-parallax-no wpr-sticky-section-no e-con e-parent\" data-id=\"1036329\" data-element_type=\"container\">\r\n\t\t\t\t\t<div class=\"e-con-inner\">\r\n\t\t\t\t<div class=\"elementor-element elementor-element-cb3f6e0 elementor-widget elementor-widget-porto_ultimate_heading\" data-id=\"cb3f6e0\" data-element_type=\"widget\" data-widget_type=\"porto_ultimate_heading.default\">\n\t\t\t\t<div class=\"elementor-widget-container\">\n\t\t\t\t\t<div class=\"porto-u-heading  porto-u-7cde7bb859728a21207628191890e260\"><div class=\"porto-u-main-heading\"><h2   >\u00bfQUIERES SER DISTRIBUIDOR DE HILATURAS.ES?<\/h2><\/div><div class=\"porto-u-sub-heading\" style=\"\"><p>Si eres un profesional del ramo de la confecci\u00f3n, talabarter\u00eda, calzado, marroquiner\u00eda, dise\u00f1ador de moda, o tienes una p\u00e1gina web de manualidades, o eres un profesional que necesita de un hilo de calidad, tenemos la soluci\u00f3n a su medida para la distribuci\u00f3n de nuestros art\u00edculos. Somos fabricantes y mayoristas de art\u00edculos confeccionados con hilos trenzados.\u00a0<\/p><p>Tan solo necesitamos que nos pueda demostrar su volumen de compras y a cambio le ofrecemos:<\/p><p>- Precios Especiales con precios de Tarifa Distribuidor.<\/p><p>- Stock actualizado de todo nuestro catalogo y env\u00edos 24\/48 h, seg\u00fan volumen a enviar.<\/p><p>- Material para promoci\u00f3n y exposici\u00f3n de art\u00edculos.<\/p><p>\u00a0<\/p><h3><strong>Requisitos<\/strong><\/h3><p>- Enviarnos el IAE o Mod036, Mod037.<\/p><p>- Volumen de compra mensual.<\/p><p>- Forma de comercializaci\u00f3n \u2013 DIGITAL\u00a0 (indicar p\u00e1gina web) o en TIENDA F\u00cdSICA (indicar metros de exposici\u00f3n, metros almac\u00e9n y n\u00famero de sucursales).<\/p><p>\u00a0<\/p><h3><strong>Proceso de alta<\/strong><\/h3><p>- Reg\u00edstrese en nuestra web como usuario<\/p><p>- Env\u00edenos un email: distribuidores@hilaturas.es\u00a0 adjunt\u00e1ndonos una copia del IAE o Mod036, o nos indica por qu\u00e9 cree que re\u00fane las condiciones para la tarifa especial de distribuci\u00f3n.\u00a0<\/p><p>\u00a0<\/p><p>En breve le enviaremos una confirmaci\u00f3n de alta como distribuidor y al entrar de nuevo con su email y contrase\u00f1a, la web mostrara los precios de distribuci\u00f3n autom\u00e1ticamente.<\/p><p>LA TARIFA DE DISTRIBUIDOR SOLO SE APLICAR\u00c1 A CLIENTES CON UN VOLUMEN DE COMPRA DETERMINADO Y CLIENTES QUE MANTENGAN UNA RELACI\u00d3N CORDIAL, SI NO CUMPLE CUALQUIERA DE ESTAS 2 CONDICIONES PROCEDEREMOS A DESACTIVAR DICHA TARIFA SIN PREVIO AVISO.<\/p><\/div><style>.porto-u-7cde7bb859728a21207628191890e260.porto-u-heading{text-align:left}<\/style><\/div>\t\t\t\t<\/div>\n\t\t\t\t<\/div>\n\t\t\t\t\t<\/div>\n\t\t\t\t<\/div>\n\t\t\t\t<\/div>","protected":false},"excerpt":{"rendered":"<p>\u00bfQUIERES SER DISTRIBUIDOR DE HILATURAS.ES? Si eres un profesional del ramo de la confecci\u00f3n, talabarter\u00eda, calzado, marroquiner\u00eda, dise\u00f1ador de moda, o tienes una p\u00e1gina web de manualidades, o eres un profesional que necesita de un hilo de calidad, tenemos la soluci\u00f3n a su medida para la distribuci\u00f3n de nuestros art\u00edculos. Somos fabricantes y mayoristas de art\u00edculos confeccionados con hilos trenzados.\u00a0 Tan solo necesitamos que nos pueda demostrar su volumen de compras y a cambio le ofrecemos: &#8211; Precios Especiales con precios de Tarifa Distribuidor. &#8211; Stock actualizado de todo nuestro catalogo y env\u00edos 24\/48 h, seg\u00fan volumen a enviar. &#8211; Material para promoci\u00f3n y exposici\u00f3n de art\u00edculos. \u00a0 Requisitos &#8211; Enviarnos el IAE o Mod036, Mod037. &#8211; Volumen de compra mensual. &#8211; Forma de comercializaci\u00f3n \u2013 DIGITAL\u00a0 (indicar p\u00e1gina web) o en TIENDA F\u00cdSICA (indicar metros de exposici\u00f3n, metros almac\u00e9n y n\u00famero de sucursales). \u00a0 Proceso de alta &#8211; Reg\u00edstrese en nuestra web como usuario &#8211; Env\u00edenos un email: distribuidores@hilaturas.es\u00a0 adjunt\u00e1ndonos una copia del IAE o Mod036, o nos indica por qu\u00e9 cree que re\u00fane las condiciones para la tarifa especial de distribuci\u00f3n.\u00a0 \u00a0 En breve le enviaremos una confirmaci\u00f3n de alta como distribuidor y al entrar de nuevo con su email y contrase\u00f1a, la web mostrara los precios de distribuci\u00f3n autom\u00e1ticamente. LA TARIFA DE DISTRIBUIDOR SOLO SE APLICAR\u00c1 A CLIENTES CON UN VOLUMEN DE COMPRA DETERMINADO Y CLIENTES QUE MANTENGAN UNA RELACI\u00d3N CORDIAL, SI NO CUMPLE CUALQUIERA DE ESTAS 2 CONDICIONES PROCEDEREMOS A DESACTIVAR DICHA TARIFA SIN PREVIO AVISO.<\/p>","protected":false},"author":1,"featured_media":0,"parent":0,"menu_order":0,"comment_status":"closed","ping_status":"closed","template":"","meta":{"footnotes":""},"class_list":["post-3811","page","type-page","status-publish","hentry"],"yoast_head":"<!-- This site is optimized with the Yoast SEO plugin v27.5 - https:\/\/yoast.com\/product\/yoast-seo-wordpress\/ -->\n<title>Hazte distribuidor - Hilaturas.es<\/title>\n<meta name=\"robots\" content=\"noindex, follow\" \/>\n<meta property=\"og:locale\" content=\"pt_PT\" \/>\n<meta property=\"og:type\" content=\"article\" \/>\n<meta property=\"og:title\" content=\"Hazte distribuidor - Hilaturas.es\" \/>\n<meta property=\"og:description\" content=\"\u00bfQUIERES SER DISTRIBUIDOR DE HILATURAS.ES? Si eres un profesional del ramo de la confecci\u00f3n, talabarter\u00eda, calzado, marroquiner\u00eda, dise\u00f1ador de moda, o tienes una p\u00e1gina web de manualidades, o eres un profesional que necesita de un hilo de calidad, tenemos la soluci\u00f3n a su medida para la distribuci\u00f3n de nuestros art\u00edculos. Somos fabricantes y mayoristas de art\u00edculos confeccionados con hilos trenzados.\u00a0 Tan solo necesitamos que nos pueda demostrar su volumen de compras y a cambio le ofrecemos: &#8211; Precios Especiales con precios de Tarifa Distribuidor. &#8211; Stock actualizado de todo nuestro catalogo y env\u00edos 24\/48 h, seg\u00fan volumen a enviar. &#8211; Material para promoci\u00f3n y exposici\u00f3n de art\u00edculos. \u00a0 Requisitos &#8211; Enviarnos el IAE o Mod036, Mod037. &#8211; Volumen de compra mensual. &#8211; Forma de comercializaci\u00f3n \u2013 DIGITAL\u00a0 (indicar p\u00e1gina web) o en TIENDA F\u00cdSICA (indicar metros de exposici\u00f3n, metros almac\u00e9n y n\u00famero de sucursales). \u00a0 Proceso de alta &#8211; Reg\u00edstrese en nuestra web como usuario &#8211; Env\u00edenos un email: distribuidores@hilaturas.es\u00a0 adjunt\u00e1ndonos una copia del IAE o Mod036, o nos indica por qu\u00e9 cree que re\u00fane las condiciones para la tarifa especial de distribuci\u00f3n.\u00a0 \u00a0 En breve le enviaremos una confirmaci\u00f3n de alta como distribuidor y al entrar de nuevo con su email y contrase\u00f1a, la web mostrara los precios de distribuci\u00f3n autom\u00e1ticamente. LA TARIFA DE DISTRIBUIDOR SOLO SE APLICAR\u00c1 A CLIENTES CON UN VOLUMEN DE COMPRA DETERMINADO Y CLIENTES QUE MANTENGAN UNA RELACI\u00d3N CORDIAL, SI NO CUMPLE CUALQUIERA DE ESTAS 2 CONDICIONES PROCEDEREMOS A DESACTIVAR DICHA TARIFA SIN PREVIO AVISO.\" \/>\n<meta property=\"og:url\" content=\"https:\/\/hilaturas.es\/pt\/hazte-distribuidor\/\" \/>\n<meta property=\"og:site_name\" content=\"Hilaturas.es\" \/>\n<meta property=\"article:publisher\" content=\"https:\/\/facebook.com\/hilaturas.es\" \/>\n<meta property=\"article:modified_time\" content=\"2023-11-07T16:00:35+00:00\" \/>\n<meta property=\"og:image\" content=\"https:\/\/hilaturas.es\/wp-content\/uploads\/2025\/08\/Logo-Hilaturas-1200x675-1.webp\" \/>\n\t<meta property=\"og:image:width\" content=\"1200\" \/>\n\t<meta property=\"og:image:height\" content=\"675\" \/>\n\t<meta property=\"og:image:type\" content=\"image\/jpeg\" \/>\n<meta name=\"twitter:card\" content=\"summary_large_image\" \/>\n<meta name=\"twitter:label1\" content=\"Tempo estimado de leitura\" \/>\n\t<meta name=\"twitter:data1\" content=\"1 minuto\" \/>\n<script type=\"application\/ld+json\" class=\"yoast-schema-graph\">{\"@context\":\"https:\\\/\\\/schema.org\",\"@graph\":[{\"@type\":\"WebPage\",\"@id\":\"https:\\\/\\\/hilaturas.es\\\/hazte-distribuidor\\\/\",\"url\":\"https:\\\/\\\/hilaturas.es\\\/hazte-distribuidor\\\/\",\"name\":\"Hazte distribuidor - Hilaturas.es\",\"isPartOf\":{\"@id\":\"https:\\\/\\\/hilaturas.es\\\/#website\"},\"datePublished\":\"2023-11-07T15:59:24+00:00\",\"dateModified\":\"2023-11-07T16:00:35+00:00\",\"breadcrumb\":{\"@id\":\"https:\\\/\\\/hilaturas.es\\\/hazte-distribuidor\\\/#breadcrumb\"},\"inLanguage\":\"pt-PT\",\"potentialAction\":[{\"@type\":\"ReadAction\",\"target\":[\"https:\\\/\\\/hilaturas.es\\\/hazte-distribuidor\\\/\"]}]},{\"@type\":\"BreadcrumbList\",\"@id\":\"https:\\\/\\\/hilaturas.es\\\/hazte-distribuidor\\\/#breadcrumb\",\"itemListElement\":[{\"@type\":\"ListItem\",\"position\":1,\"name\":\"Portada\",\"item\":\"https:\\\/\\\/hilaturas.es\\\/\"},{\"@type\":\"ListItem\",\"position\":2,\"name\":\"Hazte distribuidor\"}]},{\"@type\":\"WebSite\",\"@id\":\"https:\\\/\\\/hilaturas.es\\\/#website\",\"url\":\"https:\\\/\\\/hilaturas.es\\\/\",\"name\":\"HilaturasMP\",\"description\":\"Hilos trenzados para industria o trabajos manuales, encerados y sin encerar, hilo de kevlar, herramientas...\",\"publisher\":{\"@id\":\"https:\\\/\\\/hilaturas.es\\\/#organization\"},\"alternateName\":\"HilaturasMP\",\"potentialAction\":[{\"@type\":\"SearchAction\",\"target\":{\"@type\":\"EntryPoint\",\"urlTemplate\":\"https:\\\/\\\/hilaturas.es\\\/?s={search_term_string}\"},\"query-input\":{\"@type\":\"PropertyValueSpecification\",\"valueRequired\":true,\"valueName\":\"search_term_string\"}}],\"inLanguage\":\"pt-PT\"},{\"@type\":\"Organization\",\"@id\":\"https:\\\/\\\/hilaturas.es\\\/#organization\",\"name\":\"Hilaturas MP - Hilos trenzados\",\"alternateName\":\"HilaturasMP\",\"url\":\"https:\\\/\\\/hilaturas.es\\\/\",\"logo\":{\"@type\":\"ImageObject\",\"inLanguage\":\"pt-PT\",\"@id\":\"https:\\\/\\\/hilaturas.es\\\/#\\\/schema\\\/logo\\\/image\\\/\",\"url\":\"https:\\\/\\\/hilaturas.es\\\/wp-content\\\/uploads\\\/2025\\\/08\\\/Logo-Hilaturas-696x696-1.webp\",\"contentUrl\":\"https:\\\/\\\/hilaturas.es\\\/wp-content\\\/uploads\\\/2025\\\/08\\\/Logo-Hilaturas-696x696-1.webp\",\"width\":696,\"height\":696,\"caption\":\"Hilaturas MP - Hilos trenzados\"},\"image\":{\"@id\":\"https:\\\/\\\/hilaturas.es\\\/#\\\/schema\\\/logo\\\/image\\\/\"},\"sameAs\":[\"https:\\\/\\\/facebook.com\\\/hilaturas.es\"]}]}<\/script>\n<!-- \/ Yoast SEO plugin. -->","yoast_head_json":{"title":"Hazte distribuidor - Hilaturas.es","robots":{"index":"noindex","follow":"follow"},"og_locale":"pt_PT","og_type":"article","og_title":"Hazte distribuidor - Hilaturas.es","og_description":"\u00bfQUIERES SER DISTRIBUIDOR DE HILATURAS.ES? Si eres un profesional del ramo de la confecci\u00f3n, talabarter\u00eda, calzado, marroquiner\u00eda, dise\u00f1ador de moda, o tienes una p\u00e1gina web de manualidades, o eres un profesional que necesita de un hilo de calidad, tenemos la soluci\u00f3n a su medida para la distribuci\u00f3n de nuestros art\u00edculos. Somos fabricantes y mayoristas de art\u00edculos confeccionados con hilos trenzados.\u00a0 Tan solo necesitamos que nos pueda demostrar su volumen de compras y a cambio le ofrecemos: &#8211; Precios Especiales con precios de Tarifa Distribuidor. &#8211; Stock actualizado de todo nuestro catalogo y env\u00edos 24\/48 h, seg\u00fan volumen a enviar. &#8211; Material para promoci\u00f3n y exposici\u00f3n de art\u00edculos. \u00a0 Requisitos &#8211; Enviarnos el IAE o Mod036, Mod037. &#8211; Volumen de compra mensual. &#8211; Forma de comercializaci\u00f3n \u2013 DIGITAL\u00a0 (indicar p\u00e1gina web) o en TIENDA F\u00cdSICA (indicar metros de exposici\u00f3n, metros almac\u00e9n y n\u00famero de sucursales). \u00a0 Proceso de alta &#8211; Reg\u00edstrese en nuestra web como usuario &#8211; Env\u00edenos un email: distribuidores@hilaturas.es\u00a0 adjunt\u00e1ndonos una copia del IAE o Mod036, o nos indica por qu\u00e9 cree que re\u00fane las condiciones para la tarifa especial de distribuci\u00f3n.\u00a0 \u00a0 En breve le enviaremos una confirmaci\u00f3n de alta como distribuidor y al entrar de nuevo con su email y contrase\u00f1a, la web mostrara los precios de distribuci\u00f3n autom\u00e1ticamente. LA TARIFA DE DISTRIBUIDOR SOLO SE APLICAR\u00c1 A CLIENTES CON UN VOLUMEN DE COMPRA DETERMINADO Y CLIENTES QUE MANTENGAN UNA RELACI\u00d3N CORDIAL, SI NO CUMPLE CUALQUIERA DE ESTAS 2 CONDICIONES PROCEDEREMOS A DESACTIVAR DICHA TARIFA SIN PREVIO AVISO.","og_url":"https:\/\/hilaturas.es\/pt\/hazte-distribuidor\/","og_site_name":"Hilaturas.es","article_publisher":"https:\/\/facebook.com\/hilaturas.es","article_modified_time":"2023-11-07T16:00:35+00:00","og_image":[{"width":1200,"height":675,"url":"https:\/\/hilaturas.es\/wp-content\/uploads\/2025\/08\/Logo-Hilaturas-1200x675-1.webp","type":"image\/jpeg"}],"twitter_card":"summary_large_image","twitter_misc":{"Tempo estimado de leitura":"1 minuto"},"schema":{"@context":"https:\/\/schema.org","@graph":[{"@type":"WebPage","@id":"https:\/\/hilaturas.es\/hazte-distribuidor\/","url":"https:\/\/hilaturas.es\/hazte-distribuidor\/","name":"Hazte distribuidor - Hilaturas.es","isPartOf":{"@id":"https:\/\/hilaturas.es\/#website"},"datePublished":"2023-11-07T15:59:24+00:00","dateModified":"2023-11-07T16:00:35+00:00","breadcrumb":{"@id":"https:\/\/hilaturas.es\/hazte-distribuidor\/#breadcrumb"},"inLanguage":"pt-PT","potentialAction":[{"@type":"ReadAction","target":["https:\/\/hilaturas.es\/hazte-distribuidor\/"]}]},{"@type":"BreadcrumbList","@id":"https:\/\/hilaturas.es\/hazte-distribuidor\/#breadcrumb","itemListElement":[{"@type":"ListItem","position":1,"name":"Portada","item":"https:\/\/hilaturas.es\/"},{"@type":"ListItem","position":2,"name":"Hazte distribuidor"}]},{"@type":"WebSite","@id":"https:\/\/hilaturas.es\/#website","url":"https:\/\/hilaturas.es\/","name":"HilaturasMP","description":"Hilos trenzados para industria o trabajos manuales, encerados y sin encerar, hilo de kevlar, herramientas...","publisher":{"@id":"https:\/\/hilaturas.es\/#organization"},"alternateName":"HilaturasMP","potentialAction":[{"@type":"SearchAction","target":{"@type":"EntryPoint","urlTemplate":"https:\/\/hilaturas.es\/?s={search_term_string}"},"query-input":{"@type":"PropertyValueSpecification","valueRequired":true,"valueName":"search_term_string"}}],"inLanguage":"pt-PT"},{"@type":"Organization","@id":"https:\/\/hilaturas.es\/#organization","name":"Hilaturas MP - Hilos trenzados","alternateName":"HilaturasMP","url":"https:\/\/hilaturas.es\/","logo":{"@type":"ImageObject","inLanguage":"pt-PT","@id":"https:\/\/hilaturas.es\/#\/schema\/logo\/image\/","url":"https:\/\/hilaturas.es\/wp-content\/uploads\/2025\/08\/Logo-Hilaturas-696x696-1.webp","contentUrl":"https:\/\/hilaturas.es\/wp-content\/uploads\/2025\/08\/Logo-Hilaturas-696x696-1.webp","width":696,"height":696,"caption":"Hilaturas MP - Hilos trenzados"},"image":{"@id":"https:\/\/hilaturas.es\/#\/schema\/logo\/image\/"},"sameAs":["https:\/\/facebook.com\/hilaturas.es"]}]}},"_links":{"self":[{"href":"https:\/\/hilaturas.es\/pt\/wp-json\/wp\/v2\/pages\/3811","targetHints":{"allow":["GET"]}}],"collection":[{"href":"https:\/\/hilaturas.es\/pt\/wp-json\/wp\/v2\/pages"}],"about":[{"href":"https:\/\/hilaturas.es\/pt\/wp-json\/wp\/v2\/types\/page"}],"author":[{"embeddable":true,"href":"https:\/\/hilaturas.es\/pt\/wp-json\/wp\/v2\/users\/1"}],"replies":[{"embeddable":true,"href":"https:\/\/hilaturas.es\/pt\/wp-json\/wp\/v2\/comments?post=3811"}],"version-history":[{"count":4,"href":"https:\/\/hilaturas.es\/pt\/wp-json\/wp\/v2\/pages\/3811\/revisions"}],"predecessor-version":[{"id":3815,"href":"https:\/\/hilaturas.es\/pt\/wp-json\/wp\/v2\/pages\/3811\/revisions\/3815"}],"wp:attachment":[{"href":"https:\/\/hilaturas.es\/pt\/wp-json\/wp\/v2\/media?parent=3811"}],"curies":[{"name":"wp","href":"https:\/\/api.w.org\/{rel}","templated":true}]}}