{"id":4931,"date":"2023-11-13T17:40:53","date_gmt":"2023-11-13T16:40:53","guid":{"rendered":"https:\/\/hilaturas.es\/?page_id=4931"},"modified":"2023-11-13T17:46:27","modified_gmt":"2023-11-13T16:46:27","slug":"como-hacer-un-pedido","status":"publish","type":"page","link":"https:\/\/hilaturas.es\/pt\/como-hacer-un-pedido\/","title":{"rendered":"Como hacer un pedido"},"content":{"rendered":"<div data-elementor-type=\"wp-page\" data-elementor-id=\"4931\" class=\"elementor elementor-4931\">\n\t\t\t\t<div class=\"elementor-element elementor-element-87d732f e-flex e-con-boxed wpr-particle-no wpr-jarallax-no wpr-parallax-no wpr-sticky-section-no e-con e-parent\" data-id=\"87d732f\" data-element_type=\"container\">\r\n\t\t\t\t\t<div class=\"e-con-inner\">\r\n\t\t\t\t<div class=\"elementor-element elementor-element-79881a5 elementor-widget elementor-widget-heading\" data-id=\"79881a5\" data-element_type=\"widget\" data-widget_type=\"heading.default\">\n\t\t\t\t<div class=\"elementor-widget-container\">\n\t\t\t\t\t<h2 class=\"elementor-heading-title elementor-size-default\"><h1 style=\"font-size: 1.375rem;margin-right: 0px;margin-bottom: 0px;margin-left: 0px;font-family: Poppins, sans-serif;font-weight: 700;line-height: 1.1;padding: 0px;font-style: normal;letter-spacing: normal\">Como hacer un pedido<\/h1><\/h2>\t\t\t\t<\/div>\n\t\t\t\t<\/div>\n\t\t\t\t\t<\/div>\n\t\t\t\t<\/div>\n\t\t<div class=\"elementor-element elementor-element-62a8cdc e-flex e-con-boxed wpr-particle-no wpr-jarallax-no wpr-parallax-no wpr-sticky-section-no e-con e-parent\" data-id=\"62a8cdc\" data-element_type=\"container\">\r\n\t\t\t\t\t<div class=\"e-con-inner\">\r\n\t\t\t\t<div class=\"elementor-element elementor-element-b5afec6 elementor-widget elementor-widget-text-editor\" data-id=\"b5afec6\" data-element_type=\"widget\" data-widget_type=\"text-editor.default\">\n\t\t\t\t<div class=\"elementor-widget-container\">\n\t\t\t\t\t\t\t\t\t<p style=\"font-weight: 400;\"><b><strong>\u00bfC\u00d3MO HACER UN PEDIDO?<\/strong><\/b><\/p><p style=\"font-weight: 400;\">\u00a0<\/p><p style=\"font-weight: 400;\">Hacer tu pedido en www.hilaturas.es\u00a0es muy f\u00e1cil. No necesitas abrir una cuenta antes porque creas la cuenta autom\u00e1ticamente cuando haces t\u00fa primer pedido en l\u00ednea.<\/p><p style=\"font-weight: 400;\">\u00a0<\/p><p style=\"font-weight: 400;\">Estos son los pasos que debes seguir para hacer el pedido. Si encuentras alg\u00fan problema al seguir estos pasos, (ll\u00e1manos, te lo solucionaremos con la mayor brevedad posible)<\/p><p style=\"font-weight: 400;\">\u00a0<\/p><ol style=\"font-weight: 400;\"><li>Encuentra el producto que quieres<\/li><li>Agrega los productos al Carrito de Compras\u00a0<\/li><li>Comienza el proceso de compra\u00a0<\/li><li>Reg\u00edstrate \/ crea una cuenta\u00a0<\/li><li>Ingresa tu direcci\u00f3n de env\u00edo\u00a0<\/li><li>Ingresa tu informaci\u00f3n de pago\u00a0<\/li><li>Revisa y termina tu pedido\u00a0<\/li><li>Comprueba el mail de confirmaci\u00f3n de pedido en tu bandeja de entrada (si no lo encuentras, revisa la bandeja de spam)<\/li><\/ol><p style=\"font-weight: 400;\">\u00a0<\/p>\t\t\t\t\t\t\t\t<\/div>\n\t\t\t\t<\/div>\n\t\t\t\t\t<\/div>\n\t\t\t\t<\/div>\n\t\t\t\t<\/div>","protected":false},"excerpt":{"rendered":"<p>Como hacer un pedido \u00bfC\u00d3MO HACER UN PEDIDO? \u00a0 Hacer tu pedido en www.hilaturas.es\u00a0es muy f\u00e1cil. No necesitas abrir una cuenta antes porque creas la cuenta autom\u00e1ticamente cuando haces t\u00fa primer pedido en l\u00ednea. \u00a0 Estos son los pasos que debes seguir para hacer el pedido. Si encuentras alg\u00fan problema al seguir estos pasos, (ll\u00e1manos, te lo solucionaremos con la mayor brevedad posible) \u00a0 Encuentra el producto que quieres Agrega los productos al Carrito de Compras\u00a0 Comienza el proceso de compra\u00a0 Reg\u00edstrate \/ crea una cuenta\u00a0 Ingresa tu direcci\u00f3n de env\u00edo\u00a0 Ingresa tu informaci\u00f3n de pago\u00a0 Revisa y termina tu pedido\u00a0 Comprueba el mail de confirmaci\u00f3n de pedido en tu bandeja de entrada (si no lo encuentras, revisa la bandeja de spam) \u00a0<\/p>","protected":false},"author":39,"featured_media":0,"parent":0,"menu_order":0,"comment_status":"closed","ping_status":"closed","template":"","meta":{"footnotes":""},"class_list":["post-4931","page","type-page","status-publish","hentry"],"yoast_head":"<!-- This site is optimized with the Yoast SEO plugin v27.5 - https:\/\/yoast.com\/product\/yoast-seo-wordpress\/ -->\n<title>Como hacer un pedido - Hilaturas.es<\/title>\n<meta name=\"robots\" content=\"noindex, follow\" \/>\n<meta property=\"og:locale\" content=\"pt_PT\" \/>\n<meta property=\"og:type\" content=\"article\" \/>\n<meta property=\"og:title\" content=\"Como hacer un pedido - Hilaturas.es\" \/>\n<meta property=\"og:description\" content=\"Como hacer un pedido \u00bfC\u00d3MO HACER UN PEDIDO? \u00a0 Hacer tu pedido en www.hilaturas.es\u00a0es muy f\u00e1cil. No necesitas abrir una cuenta antes porque creas la cuenta autom\u00e1ticamente cuando haces t\u00fa primer pedido en l\u00ednea. \u00a0 Estos son los pasos que debes seguir para hacer el pedido. Si encuentras alg\u00fan problema al seguir estos pasos, (ll\u00e1manos, te lo solucionaremos con la mayor brevedad posible) \u00a0 Encuentra el producto que quieres Agrega los productos al Carrito de Compras\u00a0 Comienza el proceso de compra\u00a0 Reg\u00edstrate \/ crea una cuenta\u00a0 Ingresa tu direcci\u00f3n de env\u00edo\u00a0 Ingresa tu informaci\u00f3n de pago\u00a0 Revisa y termina tu pedido\u00a0 Comprueba el mail de confirmaci\u00f3n de pedido en tu bandeja de entrada (si no lo encuentras, revisa la bandeja de spam) \u00a0\" \/>\n<meta property=\"og:url\" content=\"https:\/\/hilaturas.es\/pt\/como-hacer-un-pedido\/\" \/>\n<meta property=\"og:site_name\" content=\"Hilaturas.es\" \/>\n<meta property=\"article:publisher\" content=\"https:\/\/facebook.com\/hilaturas.es\" \/>\n<meta property=\"article:modified_time\" content=\"2023-11-13T16:46:27+00:00\" \/>\n<meta property=\"og:image\" content=\"https:\/\/hilaturas.es\/wp-content\/uploads\/2025\/08\/Logo-Hilaturas-1200x675-1.webp\" \/>\n\t<meta property=\"og:image:width\" content=\"1200\" \/>\n\t<meta property=\"og:image:height\" content=\"675\" \/>\n\t<meta property=\"og:image:type\" content=\"image\/jpeg\" \/>\n<meta name=\"twitter:card\" content=\"summary_large_image\" \/>\n<meta name=\"twitter:label1\" content=\"Tempo estimado de leitura\" \/>\n\t<meta name=\"twitter:data1\" content=\"1 minuto\" \/>\n<script type=\"application\/ld+json\" class=\"yoast-schema-graph\">{\"@context\":\"https:\\\/\\\/schema.org\",\"@graph\":[{\"@type\":\"WebPage\",\"@id\":\"https:\\\/\\\/hilaturas.es\\\/como-hacer-un-pedido\\\/\",\"url\":\"https:\\\/\\\/hilaturas.es\\\/como-hacer-un-pedido\\\/\",\"name\":\"Como hacer un pedido - Hilaturas.es\",\"isPartOf\":{\"@id\":\"https:\\\/\\\/hilaturas.es\\\/#website\"},\"datePublished\":\"2023-11-13T16:40:53+00:00\",\"dateModified\":\"2023-11-13T16:46:27+00:00\",\"breadcrumb\":{\"@id\":\"https:\\\/\\\/hilaturas.es\\\/como-hacer-un-pedido\\\/#breadcrumb\"},\"inLanguage\":\"pt-PT\",\"potentialAction\":[{\"@type\":\"ReadAction\",\"target\":[\"https:\\\/\\\/hilaturas.es\\\/como-hacer-un-pedido\\\/\"]}]},{\"@type\":\"BreadcrumbList\",\"@id\":\"https:\\\/\\\/hilaturas.es\\\/como-hacer-un-pedido\\\/#breadcrumb\",\"itemListElement\":[{\"@type\":\"ListItem\",\"position\":1,\"name\":\"Portada\",\"item\":\"https:\\\/\\\/hilaturas.es\\\/\"},{\"@type\":\"ListItem\",\"position\":2,\"name\":\"Como hacer un pedido\"}]},{\"@type\":\"WebSite\",\"@id\":\"https:\\\/\\\/hilaturas.es\\\/#website\",\"url\":\"https:\\\/\\\/hilaturas.es\\\/\",\"name\":\"HilaturasMP\",\"description\":\"Hilos trenzados para industria o trabajos manuales, encerados y sin encerar, hilo de kevlar, herramientas...\",\"publisher\":{\"@id\":\"https:\\\/\\\/hilaturas.es\\\/#organization\"},\"alternateName\":\"HilaturasMP\",\"potentialAction\":[{\"@type\":\"SearchAction\",\"target\":{\"@type\":\"EntryPoint\",\"urlTemplate\":\"https:\\\/\\\/hilaturas.es\\\/?s={search_term_string}\"},\"query-input\":{\"@type\":\"PropertyValueSpecification\",\"valueRequired\":true,\"valueName\":\"search_term_string\"}}],\"inLanguage\":\"pt-PT\"},{\"@type\":\"Organization\",\"@id\":\"https:\\\/\\\/hilaturas.es\\\/#organization\",\"name\":\"Hilaturas MP - Hilos trenzados\",\"alternateName\":\"HilaturasMP\",\"url\":\"https:\\\/\\\/hilaturas.es\\\/\",\"logo\":{\"@type\":\"ImageObject\",\"inLanguage\":\"pt-PT\",\"@id\":\"https:\\\/\\\/hilaturas.es\\\/#\\\/schema\\\/logo\\\/image\\\/\",\"url\":\"https:\\\/\\\/hilaturas.es\\\/wp-content\\\/uploads\\\/2025\\\/08\\\/Logo-Hilaturas-696x696-1.webp\",\"contentUrl\":\"https:\\\/\\\/hilaturas.es\\\/wp-content\\\/uploads\\\/2025\\\/08\\\/Logo-Hilaturas-696x696-1.webp\",\"width\":696,\"height\":696,\"caption\":\"Hilaturas MP - Hilos trenzados\"},\"image\":{\"@id\":\"https:\\\/\\\/hilaturas.es\\\/#\\\/schema\\\/logo\\\/image\\\/\"},\"sameAs\":[\"https:\\\/\\\/facebook.com\\\/hilaturas.es\"]}]}<\/script>\n<!-- \/ Yoast SEO plugin. -->","yoast_head_json":{"title":"Como hacer un pedido - Hilaturas.es","robots":{"index":"noindex","follow":"follow"},"og_locale":"pt_PT","og_type":"article","og_title":"Como hacer un pedido - Hilaturas.es","og_description":"Como hacer un pedido \u00bfC\u00d3MO HACER UN PEDIDO? \u00a0 Hacer tu pedido en www.hilaturas.es\u00a0es muy f\u00e1cil. No necesitas abrir una cuenta antes porque creas la cuenta autom\u00e1ticamente cuando haces t\u00fa primer pedido en l\u00ednea. \u00a0 Estos son los pasos que debes seguir para hacer el pedido. Si encuentras alg\u00fan problema al seguir estos pasos, (ll\u00e1manos, te lo solucionaremos con la mayor brevedad posible) \u00a0 Encuentra el producto que quieres Agrega los productos al Carrito de Compras\u00a0 Comienza el proceso de compra\u00a0 Reg\u00edstrate \/ crea una cuenta\u00a0 Ingresa tu direcci\u00f3n de env\u00edo\u00a0 Ingresa tu informaci\u00f3n de pago\u00a0 Revisa y termina tu pedido\u00a0 Comprueba el mail de confirmaci\u00f3n de pedido en tu bandeja de entrada (si no lo encuentras, revisa la bandeja de spam) \u00a0","og_url":"https:\/\/hilaturas.es\/pt\/como-hacer-un-pedido\/","og_site_name":"Hilaturas.es","article_publisher":"https:\/\/facebook.com\/hilaturas.es","article_modified_time":"2023-11-13T16:46:27+00:00","og_image":[{"width":1200,"height":675,"url":"https:\/\/hilaturas.es\/wp-content\/uploads\/2025\/08\/Logo-Hilaturas-1200x675-1.webp","type":"image\/jpeg"}],"twitter_card":"summary_large_image","twitter_misc":{"Tempo estimado de leitura":"1 minuto"},"schema":{"@context":"https:\/\/schema.org","@graph":[{"@type":"WebPage","@id":"https:\/\/hilaturas.es\/como-hacer-un-pedido\/","url":"https:\/\/hilaturas.es\/como-hacer-un-pedido\/","name":"Como hacer un pedido - Hilaturas.es","isPartOf":{"@id":"https:\/\/hilaturas.es\/#website"},"datePublished":"2023-11-13T16:40:53+00:00","dateModified":"2023-11-13T16:46:27+00:00","breadcrumb":{"@id":"https:\/\/hilaturas.es\/como-hacer-un-pedido\/#breadcrumb"},"inLanguage":"pt-PT","potentialAction":[{"@type":"ReadAction","target":["https:\/\/hilaturas.es\/como-hacer-un-pedido\/"]}]},{"@type":"BreadcrumbList","@id":"https:\/\/hilaturas.es\/como-hacer-un-pedido\/#breadcrumb","itemListElement":[{"@type":"ListItem","position":1,"name":"Portada","item":"https:\/\/hilaturas.es\/"},{"@type":"ListItem","position":2,"name":"Como hacer un pedido"}]},{"@type":"WebSite","@id":"https:\/\/hilaturas.es\/#website","url":"https:\/\/hilaturas.es\/","name":"HilaturasMP","description":"Hilos trenzados para industria o trabajos manuales, encerados y sin encerar, hilo de kevlar, herramientas...","publisher":{"@id":"https:\/\/hilaturas.es\/#organization"},"alternateName":"HilaturasMP","potentialAction":[{"@type":"SearchAction","target":{"@type":"EntryPoint","urlTemplate":"https:\/\/hilaturas.es\/?s={search_term_string}"},"query-input":{"@type":"PropertyValueSpecification","valueRequired":true,"valueName":"search_term_string"}}],"inLanguage":"pt-PT"},{"@type":"Organization","@id":"https:\/\/hilaturas.es\/#organization","name":"Hilaturas MP - Hilos trenzados","alternateName":"HilaturasMP","url":"https:\/\/hilaturas.es\/","logo":{"@type":"ImageObject","inLanguage":"pt-PT","@id":"https:\/\/hilaturas.es\/#\/schema\/logo\/image\/","url":"https:\/\/hilaturas.es\/wp-content\/uploads\/2025\/08\/Logo-Hilaturas-696x696-1.webp","contentUrl":"https:\/\/hilaturas.es\/wp-content\/uploads\/2025\/08\/Logo-Hilaturas-696x696-1.webp","width":696,"height":696,"caption":"Hilaturas MP - Hilos trenzados"},"image":{"@id":"https:\/\/hilaturas.es\/#\/schema\/logo\/image\/"},"sameAs":["https:\/\/facebook.com\/hilaturas.es"]}]}},"_links":{"self":[{"href":"https:\/\/hilaturas.es\/pt\/wp-json\/wp\/v2\/pages\/4931","targetHints":{"allow":["GET"]}}],"collection":[{"href":"https:\/\/hilaturas.es\/pt\/wp-json\/wp\/v2\/pages"}],"about":[{"href":"https:\/\/hilaturas.es\/pt\/wp-json\/wp\/v2\/types\/page"}],"author":[{"embeddable":true,"href":"https:\/\/hilaturas.es\/pt\/wp-json\/wp\/v2\/users\/39"}],"replies":[{"embeddable":true,"href":"https:\/\/hilaturas.es\/pt\/wp-json\/wp\/v2\/comments?post=4931"}],"version-history":[{"count":8,"href":"https:\/\/hilaturas.es\/pt\/wp-json\/wp\/v2\/pages\/4931\/revisions"}],"predecessor-version":[{"id":4940,"href":"https:\/\/hilaturas.es\/pt\/wp-json\/wp\/v2\/pages\/4931\/revisions\/4940"}],"wp:attachment":[{"href":"https:\/\/hilaturas.es\/pt\/wp-json\/wp\/v2\/media?parent=4931"}],"curies":[{"name":"wp","href":"https:\/\/api.w.org\/{rel}","templated":true}]}}