{"id":4964,"date":"2023-11-14T10:31:32","date_gmt":"2023-11-14T09:31:32","guid":{"rendered":"https:\/\/hilaturas.es\/?page_id=4964"},"modified":"2023-11-14T10:32:25","modified_gmt":"2023-11-14T09:32:25","slug":"envio","status":"publish","type":"page","link":"https:\/\/hilaturas.es\/pt\/envio\/","title":{"rendered":"Env\u00edo"},"content":{"rendered":"<div data-elementor-type=\"wp-page\" data-elementor-id=\"4964\" class=\"elementor elementor-4964\">\n\t\t\t\t<div class=\"elementor-element elementor-element-469aefc e-flex e-con-boxed wpr-particle-no wpr-jarallax-no wpr-parallax-no wpr-sticky-section-no e-con e-parent\" data-id=\"469aefc\" data-element_type=\"container\">\r\n\t\t\t\t\t<div class=\"e-con-inner\">\r\n\t\t\t\t<div class=\"elementor-element elementor-element-d165f7c elementor-widget elementor-widget-porto_ultimate_heading\" data-id=\"d165f7c\" data-element_type=\"widget\" data-widget_type=\"porto_ultimate_heading.default\">\n\t\t\t\t<div class=\"elementor-widget-container\">\n\t\t\t\t\t<div class=\"porto-u-heading  porto-u-7cde7bb859728a21207628191890e260\"><div class=\"porto-u-main-heading\"><h2   >Env\u00edos y devoluciones<\/h2><\/div><div class=\"porto-u-sub-heading\" style=\"\"><h3>Env\u00edo del paquete<\/h3><p>Como norma general, los paquetes se env\u00edan dentro de las 48 horas h\u00e1biles siguientes a la recepci\u00f3n del pago, a trav\u00e9s de la empresa de transporte elegida, con n\u00famero de seguimiento, en caso de que esta opci\u00f3n est\u00e9 disponible. Si prefieres el env\u00edo URGENTE, se aplicar\u00e1 un cargo adicional. Ponte en contacto con nosotros antes de solicitar esta opci\u00f3n.\u00a0<\/p><p>Los gastos de env\u00edo incluyen los gastos de manipulaci\u00f3n y empaquetado, as\u00ed como los gastos postales. Los gastos de manipulaci\u00f3n tienen un precio fijo, mientras que los gastos de transporte pueden variar seg\u00fan el peso total del paquete. Te aconsejamos que agrupes todos tus art\u00edculos en un mismo pedido. No podemos combinar dos pedidos diferentes, y los gastos de env\u00edo se aplicar\u00e1n para cada uno de manera individual. No nos hacemos responsables de los da\u00f1os que pueda sufrir tu paquete tras el env\u00edo, pero hacemos todo lo posible para proteger todos los art\u00edculos fr\u00e1giles.<br \/><br \/>Las cajas van bien protegidas y tus art\u00edculos estar\u00e1n seguros.<\/p><\/div><style>.porto-u-7cde7bb859728a21207628191890e260.porto-u-heading{text-align:left}<\/style><\/div>\t\t\t\t<\/div>\n\t\t\t\t<\/div>\n\t\t\t\t\t<\/div>\n\t\t\t\t<\/div>\n\t\t\t\t<\/div>","protected":false},"excerpt":{"rendered":"<p>Env\u00edos y devoluciones Env\u00edo del paquete Como norma general, los paquetes se env\u00edan dentro de las 48 horas h\u00e1biles siguientes a la recepci\u00f3n del pago, a trav\u00e9s de la empresa de transporte elegida, con n\u00famero de seguimiento, en caso de que esta opci\u00f3n est\u00e9 disponible. Si prefieres el env\u00edo URGENTE, se aplicar\u00e1 un cargo adicional. Ponte en contacto con nosotros antes de solicitar esta opci\u00f3n.\u00a0 Los gastos de env\u00edo incluyen los gastos de manipulaci\u00f3n y empaquetado, as\u00ed como los gastos postales. Los gastos de manipulaci\u00f3n tienen un precio fijo, mientras que los gastos de transporte pueden variar seg\u00fan el peso total del paquete. Te aconsejamos que agrupes todos tus art\u00edculos en un mismo pedido. No podemos combinar dos pedidos diferentes, y los gastos de env\u00edo se aplicar\u00e1n para cada uno de manera individual. No nos hacemos responsables de los da\u00f1os que pueda sufrir tu paquete tras el env\u00edo, pero hacemos todo lo posible para proteger todos los art\u00edculos fr\u00e1giles. Las cajas van bien protegidas y tus art\u00edculos estar\u00e1n seguros.<\/p>","protected":false},"author":1,"featured_media":0,"parent":0,"menu_order":0,"comment_status":"closed","ping_status":"closed","template":"","meta":{"footnotes":""},"class_list":["post-4964","page","type-page","status-publish","hentry"],"yoast_head":"<!-- This site is optimized with the Yoast SEO plugin v27.5 - https:\/\/yoast.com\/product\/yoast-seo-wordpress\/ -->\n<title>Env\u00edo - Hilaturas.es<\/title>\n<meta name=\"robots\" content=\"noindex, follow\" \/>\n<meta property=\"og:locale\" content=\"pt_PT\" \/>\n<meta property=\"og:type\" content=\"article\" \/>\n<meta property=\"og:title\" content=\"Env\u00edo - Hilaturas.es\" \/>\n<meta property=\"og:description\" content=\"Env\u00edos y devoluciones Env\u00edo del paquete Como norma general, los paquetes se env\u00edan dentro de las 48 horas h\u00e1biles siguientes a la recepci\u00f3n del pago, a trav\u00e9s de la empresa de transporte elegida, con n\u00famero de seguimiento, en caso de que esta opci\u00f3n est\u00e9 disponible. Si prefieres el env\u00edo URGENTE, se aplicar\u00e1 un cargo adicional. Ponte en contacto con nosotros antes de solicitar esta opci\u00f3n.\u00a0 Los gastos de env\u00edo incluyen los gastos de manipulaci\u00f3n y empaquetado, as\u00ed como los gastos postales. Los gastos de manipulaci\u00f3n tienen un precio fijo, mientras que los gastos de transporte pueden variar seg\u00fan el peso total del paquete. Te aconsejamos que agrupes todos tus art\u00edculos en un mismo pedido. No podemos combinar dos pedidos diferentes, y los gastos de env\u00edo se aplicar\u00e1n para cada uno de manera individual. No nos hacemos responsables de los da\u00f1os que pueda sufrir tu paquete tras el env\u00edo, pero hacemos todo lo posible para proteger todos los art\u00edculos fr\u00e1giles. Las cajas van bien protegidas y tus art\u00edculos estar\u00e1n seguros.\" \/>\n<meta property=\"og:url\" content=\"https:\/\/hilaturas.es\/pt\/envio\/\" \/>\n<meta property=\"og:site_name\" content=\"Hilaturas.es\" \/>\n<meta property=\"article:publisher\" content=\"https:\/\/facebook.com\/hilaturas.es\" \/>\n<meta property=\"article:modified_time\" content=\"2023-11-14T09:32:25+00:00\" \/>\n<meta property=\"og:image\" content=\"https:\/\/hilaturas.es\/wp-content\/uploads\/2025\/08\/Logo-Hilaturas-1200x675-1.webp\" \/>\n\t<meta property=\"og:image:width\" content=\"1200\" \/>\n\t<meta property=\"og:image:height\" content=\"675\" \/>\n\t<meta property=\"og:image:type\" content=\"image\/jpeg\" \/>\n<meta name=\"twitter:card\" content=\"summary_large_image\" \/>\n<meta name=\"twitter:label1\" content=\"Tempo estimado de leitura\" \/>\n\t<meta name=\"twitter:data1\" content=\"1 minuto\" \/>\n<script type=\"application\/ld+json\" class=\"yoast-schema-graph\">{\"@context\":\"https:\\\/\\\/schema.org\",\"@graph\":[{\"@type\":\"WebPage\",\"@id\":\"https:\\\/\\\/hilaturas.es\\\/envio\\\/\",\"url\":\"https:\\\/\\\/hilaturas.es\\\/envio\\\/\",\"name\":\"Env\u00edo - Hilaturas.es\",\"isPartOf\":{\"@id\":\"https:\\\/\\\/hilaturas.es\\\/#website\"},\"datePublished\":\"2023-11-14T09:31:32+00:00\",\"dateModified\":\"2023-11-14T09:32:25+00:00\",\"breadcrumb\":{\"@id\":\"https:\\\/\\\/hilaturas.es\\\/envio\\\/#breadcrumb\"},\"inLanguage\":\"pt-PT\",\"potentialAction\":[{\"@type\":\"ReadAction\",\"target\":[\"https:\\\/\\\/hilaturas.es\\\/envio\\\/\"]}]},{\"@type\":\"BreadcrumbList\",\"@id\":\"https:\\\/\\\/hilaturas.es\\\/envio\\\/#breadcrumb\",\"itemListElement\":[{\"@type\":\"ListItem\",\"position\":1,\"name\":\"Portada\",\"item\":\"https:\\\/\\\/hilaturas.es\\\/\"},{\"@type\":\"ListItem\",\"position\":2,\"name\":\"Env\u00edo\"}]},{\"@type\":\"WebSite\",\"@id\":\"https:\\\/\\\/hilaturas.es\\\/#website\",\"url\":\"https:\\\/\\\/hilaturas.es\\\/\",\"name\":\"HilaturasMP\",\"description\":\"Hilos trenzados para industria o trabajos manuales, encerados y sin encerar, hilo de kevlar, herramientas...\",\"publisher\":{\"@id\":\"https:\\\/\\\/hilaturas.es\\\/#organization\"},\"alternateName\":\"HilaturasMP\",\"potentialAction\":[{\"@type\":\"SearchAction\",\"target\":{\"@type\":\"EntryPoint\",\"urlTemplate\":\"https:\\\/\\\/hilaturas.es\\\/?s={search_term_string}\"},\"query-input\":{\"@type\":\"PropertyValueSpecification\",\"valueRequired\":true,\"valueName\":\"search_term_string\"}}],\"inLanguage\":\"pt-PT\"},{\"@type\":\"Organization\",\"@id\":\"https:\\\/\\\/hilaturas.es\\\/#organization\",\"name\":\"Hilaturas MP - Hilos trenzados\",\"alternateName\":\"HilaturasMP\",\"url\":\"https:\\\/\\\/hilaturas.es\\\/\",\"logo\":{\"@type\":\"ImageObject\",\"inLanguage\":\"pt-PT\",\"@id\":\"https:\\\/\\\/hilaturas.es\\\/#\\\/schema\\\/logo\\\/image\\\/\",\"url\":\"https:\\\/\\\/hilaturas.es\\\/wp-content\\\/uploads\\\/2025\\\/08\\\/Logo-Hilaturas-696x696-1.webp\",\"contentUrl\":\"https:\\\/\\\/hilaturas.es\\\/wp-content\\\/uploads\\\/2025\\\/08\\\/Logo-Hilaturas-696x696-1.webp\",\"width\":696,\"height\":696,\"caption\":\"Hilaturas MP - Hilos trenzados\"},\"image\":{\"@id\":\"https:\\\/\\\/hilaturas.es\\\/#\\\/schema\\\/logo\\\/image\\\/\"},\"sameAs\":[\"https:\\\/\\\/facebook.com\\\/hilaturas.es\"]}]}<\/script>\n<!-- \/ Yoast SEO plugin. -->","yoast_head_json":{"title":"Env\u00edo - Hilaturas.es","robots":{"index":"noindex","follow":"follow"},"og_locale":"pt_PT","og_type":"article","og_title":"Env\u00edo - Hilaturas.es","og_description":"Env\u00edos y devoluciones Env\u00edo del paquete Como norma general, los paquetes se env\u00edan dentro de las 48 horas h\u00e1biles siguientes a la recepci\u00f3n del pago, a trav\u00e9s de la empresa de transporte elegida, con n\u00famero de seguimiento, en caso de que esta opci\u00f3n est\u00e9 disponible. Si prefieres el env\u00edo URGENTE, se aplicar\u00e1 un cargo adicional. Ponte en contacto con nosotros antes de solicitar esta opci\u00f3n.\u00a0 Los gastos de env\u00edo incluyen los gastos de manipulaci\u00f3n y empaquetado, as\u00ed como los gastos postales. Los gastos de manipulaci\u00f3n tienen un precio fijo, mientras que los gastos de transporte pueden variar seg\u00fan el peso total del paquete. Te aconsejamos que agrupes todos tus art\u00edculos en un mismo pedido. No podemos combinar dos pedidos diferentes, y los gastos de env\u00edo se aplicar\u00e1n para cada uno de manera individual. No nos hacemos responsables de los da\u00f1os que pueda sufrir tu paquete tras el env\u00edo, pero hacemos todo lo posible para proteger todos los art\u00edculos fr\u00e1giles. Las cajas van bien protegidas y tus art\u00edculos estar\u00e1n seguros.","og_url":"https:\/\/hilaturas.es\/pt\/envio\/","og_site_name":"Hilaturas.es","article_publisher":"https:\/\/facebook.com\/hilaturas.es","article_modified_time":"2023-11-14T09:32:25+00:00","og_image":[{"width":1200,"height":675,"url":"https:\/\/hilaturas.es\/wp-content\/uploads\/2025\/08\/Logo-Hilaturas-1200x675-1.webp","type":"image\/jpeg"}],"twitter_card":"summary_large_image","twitter_misc":{"Tempo estimado de leitura":"1 minuto"},"schema":{"@context":"https:\/\/schema.org","@graph":[{"@type":"WebPage","@id":"https:\/\/hilaturas.es\/envio\/","url":"https:\/\/hilaturas.es\/envio\/","name":"Env\u00edo - Hilaturas.es","isPartOf":{"@id":"https:\/\/hilaturas.es\/#website"},"datePublished":"2023-11-14T09:31:32+00:00","dateModified":"2023-11-14T09:32:25+00:00","breadcrumb":{"@id":"https:\/\/hilaturas.es\/envio\/#breadcrumb"},"inLanguage":"pt-PT","potentialAction":[{"@type":"ReadAction","target":["https:\/\/hilaturas.es\/envio\/"]}]},{"@type":"BreadcrumbList","@id":"https:\/\/hilaturas.es\/envio\/#breadcrumb","itemListElement":[{"@type":"ListItem","position":1,"name":"Portada","item":"https:\/\/hilaturas.es\/"},{"@type":"ListItem","position":2,"name":"Env\u00edo"}]},{"@type":"WebSite","@id":"https:\/\/hilaturas.es\/#website","url":"https:\/\/hilaturas.es\/","name":"HilaturasMP","description":"Hilos trenzados para industria o trabajos manuales, encerados y sin encerar, hilo de kevlar, herramientas...","publisher":{"@id":"https:\/\/hilaturas.es\/#organization"},"alternateName":"HilaturasMP","potentialAction":[{"@type":"SearchAction","target":{"@type":"EntryPoint","urlTemplate":"https:\/\/hilaturas.es\/?s={search_term_string}"},"query-input":{"@type":"PropertyValueSpecification","valueRequired":true,"valueName":"search_term_string"}}],"inLanguage":"pt-PT"},{"@type":"Organization","@id":"https:\/\/hilaturas.es\/#organization","name":"Hilaturas MP - Hilos trenzados","alternateName":"HilaturasMP","url":"https:\/\/hilaturas.es\/","logo":{"@type":"ImageObject","inLanguage":"pt-PT","@id":"https:\/\/hilaturas.es\/#\/schema\/logo\/image\/","url":"https:\/\/hilaturas.es\/wp-content\/uploads\/2025\/08\/Logo-Hilaturas-696x696-1.webp","contentUrl":"https:\/\/hilaturas.es\/wp-content\/uploads\/2025\/08\/Logo-Hilaturas-696x696-1.webp","width":696,"height":696,"caption":"Hilaturas MP - Hilos trenzados"},"image":{"@id":"https:\/\/hilaturas.es\/#\/schema\/logo\/image\/"},"sameAs":["https:\/\/facebook.com\/hilaturas.es"]}]}},"_links":{"self":[{"href":"https:\/\/hilaturas.es\/pt\/wp-json\/wp\/v2\/pages\/4964","targetHints":{"allow":["GET"]}}],"collection":[{"href":"https:\/\/hilaturas.es\/pt\/wp-json\/wp\/v2\/pages"}],"about":[{"href":"https:\/\/hilaturas.es\/pt\/wp-json\/wp\/v2\/types\/page"}],"author":[{"embeddable":true,"href":"https:\/\/hilaturas.es\/pt\/wp-json\/wp\/v2\/users\/1"}],"replies":[{"embeddable":true,"href":"https:\/\/hilaturas.es\/pt\/wp-json\/wp\/v2\/comments?post=4964"}],"version-history":[{"count":4,"href":"https:\/\/hilaturas.es\/pt\/wp-json\/wp\/v2\/pages\/4964\/revisions"}],"predecessor-version":[{"id":4968,"href":"https:\/\/hilaturas.es\/pt\/wp-json\/wp\/v2\/pages\/4964\/revisions\/4968"}],"wp:attachment":[{"href":"https:\/\/hilaturas.es\/pt\/wp-json\/wp\/v2\/media?parent=4964"}],"curies":[{"name":"wp","href":"https:\/\/api.w.org\/{rel}","templated":true}]}}