{"id":4969,"date":"2023-11-14T10:33:47","date_gmt":"2023-11-14T09:33:47","guid":{"rendered":"https:\/\/hilaturas.es\/?page_id=4969"},"modified":"2023-11-14T10:34:23","modified_gmt":"2023-11-14T09:34:23","slug":"pago-seguro","status":"publish","type":"page","link":"https:\/\/hilaturas.es\/pt\/pago-seguro\/","title":{"rendered":"Pago seguro"},"content":{"rendered":"<div data-elementor-type=\"wp-page\" data-elementor-id=\"4969\" class=\"elementor elementor-4969\">\n\t\t\t\t<div class=\"elementor-element elementor-element-a9e2c18 e-flex e-con-boxed wpr-particle-no wpr-jarallax-no wpr-parallax-no wpr-sticky-section-no e-con e-parent\" data-id=\"a9e2c18\" data-element_type=\"container\">\r\n\t\t\t\t\t<div class=\"e-con-inner\">\r\n\t\t\t\t<div class=\"elementor-element elementor-element-bda7581 elementor-widget elementor-widget-porto_ultimate_heading\" data-id=\"bda7581\" data-element_type=\"widget\" data-widget_type=\"porto_ultimate_heading.default\">\n\t\t\t\t<div class=\"elementor-widget-container\">\n\t\t\t\t\t<div class=\"porto-u-heading  porto-u-7cde7bb859728a21207628191890e260\"><div class=\"porto-u-main-heading\"><h2   >Pago Seguro<\/h2><\/div><div class=\"porto-u-sub-heading\" style=\"\"><h3>Nuestro pago seguro<\/h3><p>Nuestras formas de pago est\u00e1n avaladas por la tecnolog\u00eda de las pasarelas de terceros, expertos en seguridad tales como VISA\/Mastercard\/Paypal. Seg\u00fan la legislaci\u00f3n actual, el titular de la tarjeta es responsable de las transacciones en este sitio web. En ning\u00fan caso esta WEB NO GUARDA en ning\u00fan momento los datos de su tarjeta. Si usted elige este m\u00e9todo de pago todo el proceso se llevar\u00e1 a cabo en la pasarela segura de un tercero. Los datos de las tarjetas son transferidos a trav\u00e9s de un medio seguro SSL propiedad de la pasarela elegida seg\u00fan el pago. Los cuales avalan con su tecnolog\u00eda la seguridad del medio. Confirme antes de introducir datos bancarios de que se encuentra en un medio seguro SSL y que su certificado es valido y de confianza.\u00a0<\/p><h3>Utilizando Visa\/Mastercard\/Paypal<\/h3><p>Usamos la tecnolog\u00eda de Visa\/Mastercard\/Paypal y de terceros que nos confieren seguridad en el pago, con un entorno seguro SSL y con sus correspondientes certificados v\u00e1lidos de confianza. Esta WEB NO GUARDA en ning\u00fan momento los datos de su tarjeta. Si usted elige este m\u00e9todo de pago todo el proceso se llevar\u00e1 a cabo en la pasarela segura de Paypal o de la pasarela del medio de pago elegido.<\/p><h3>Transferencia<\/h3><p>El total del pedido ser\u00e1 abonado por adelantado mediante transferencia bancaria a nuestra cuenta, indicando claramente nombre y numero de pedido. Este n\u00famero de cuenta, se encuentra referenciado al final del proceso de compra. Una vez realizado el ingreso, el cliente nos tendr\u00e1 que notificar mediante e-mail o v\u00eda telef\u00f3nica. Si transcurridos 15 d\u00edas no se ha recibido el pago el pedido ser\u00e1 anulado. En el caso de producto a medida, hasta que no se haga el ingreso no se pasa nota a fabricaci\u00f3n.<\/p><\/div><style>.porto-u-7cde7bb859728a21207628191890e260.porto-u-heading{text-align:left}<\/style><\/div>\t\t\t\t<\/div>\n\t\t\t\t<\/div>\n\t\t\t\t\t<\/div>\n\t\t\t\t<\/div>\n\t\t\t\t<\/div>","protected":false},"excerpt":{"rendered":"<p>Pago Seguro Nuestro pago seguro Nuestras formas de pago est\u00e1n avaladas por la tecnolog\u00eda de las pasarelas de terceros, expertos en seguridad tales como VISA\/Mastercard\/Paypal. Seg\u00fan la legislaci\u00f3n actual, el titular de la tarjeta es responsable de las transacciones en este sitio web. En ning\u00fan caso esta WEB NO GUARDA en ning\u00fan momento los datos de su tarjeta. Si usted elige este m\u00e9todo de pago todo el proceso se llevar\u00e1 a cabo en la pasarela segura de un tercero. Los datos de las tarjetas son transferidos a trav\u00e9s de un medio seguro SSL propiedad de la pasarela elegida seg\u00fan el pago. Los cuales avalan con su tecnolog\u00eda la seguridad del medio. Confirme antes de introducir datos bancarios de que se encuentra en un medio seguro SSL y que su certificado es valido y de confianza.\u00a0 Utilizando Visa\/Mastercard\/Paypal Usamos la tecnolog\u00eda de Visa\/Mastercard\/Paypal y de terceros que nos confieren seguridad en el pago, con un entorno seguro SSL y con sus correspondientes certificados v\u00e1lidos de confianza. Esta WEB NO GUARDA en ning\u00fan momento los datos de su tarjeta. Si usted elige este m\u00e9todo de pago todo el proceso se llevar\u00e1 a cabo en la pasarela segura de Paypal o de la pasarela del medio de pago elegido. Transferencia El total del pedido ser\u00e1 abonado por adelantado mediante transferencia bancaria a nuestra cuenta, indicando claramente nombre y numero de pedido. Este n\u00famero de cuenta, se encuentra referenciado al final del proceso de compra. Una vez realizado el ingreso, el cliente nos tendr\u00e1 que notificar mediante e-mail o v\u00eda telef\u00f3nica. Si transcurridos 15 d\u00edas no se ha recibido el pago el pedido ser\u00e1 anulado. En el caso de producto a medida, hasta que no se haga el ingreso no se pasa nota a fabricaci\u00f3n.<\/p>","protected":false},"author":1,"featured_media":0,"parent":0,"menu_order":0,"comment_status":"closed","ping_status":"closed","template":"","meta":{"footnotes":""},"class_list":["post-4969","page","type-page","status-publish","hentry"],"yoast_head":"<!-- This site is optimized with the Yoast SEO plugin v27.5 - https:\/\/yoast.com\/product\/yoast-seo-wordpress\/ -->\n<title>Pago seguro - Hilaturas.es<\/title>\n<meta name=\"robots\" content=\"noindex, follow\" \/>\n<meta property=\"og:locale\" content=\"pt_PT\" \/>\n<meta property=\"og:type\" content=\"article\" \/>\n<meta property=\"og:title\" content=\"Pago seguro - Hilaturas.es\" \/>\n<meta property=\"og:description\" content=\"Pago Seguro Nuestro pago seguro Nuestras formas de pago est\u00e1n avaladas por la tecnolog\u00eda de las pasarelas de terceros, expertos en seguridad tales como VISA\/Mastercard\/Paypal. Seg\u00fan la legislaci\u00f3n actual, el titular de la tarjeta es responsable de las transacciones en este sitio web. En ning\u00fan caso esta WEB NO GUARDA en ning\u00fan momento los datos de su tarjeta. Si usted elige este m\u00e9todo de pago todo el proceso se llevar\u00e1 a cabo en la pasarela segura de un tercero. Los datos de las tarjetas son transferidos a trav\u00e9s de un medio seguro SSL propiedad de la pasarela elegida seg\u00fan el pago. Los cuales avalan con su tecnolog\u00eda la seguridad del medio. Confirme antes de introducir datos bancarios de que se encuentra en un medio seguro SSL y que su certificado es valido y de confianza.\u00a0 Utilizando Visa\/Mastercard\/Paypal Usamos la tecnolog\u00eda de Visa\/Mastercard\/Paypal y de terceros que nos confieren seguridad en el pago, con un entorno seguro SSL y con sus correspondientes certificados v\u00e1lidos de confianza. Esta WEB NO GUARDA en ning\u00fan momento los datos de su tarjeta. Si usted elige este m\u00e9todo de pago todo el proceso se llevar\u00e1 a cabo en la pasarela segura de Paypal o de la pasarela del medio de pago elegido. Transferencia El total del pedido ser\u00e1 abonado por adelantado mediante transferencia bancaria a nuestra cuenta, indicando claramente nombre y numero de pedido. Este n\u00famero de cuenta, se encuentra referenciado al final del proceso de compra. Una vez realizado el ingreso, el cliente nos tendr\u00e1 que notificar mediante e-mail o v\u00eda telef\u00f3nica. Si transcurridos 15 d\u00edas no se ha recibido el pago el pedido ser\u00e1 anulado. En el caso de producto a medida, hasta que no se haga el ingreso no se pasa nota a fabricaci\u00f3n.\" \/>\n<meta property=\"og:url\" content=\"https:\/\/hilaturas.es\/pt\/pago-seguro\/\" \/>\n<meta property=\"og:site_name\" content=\"Hilaturas.es\" \/>\n<meta property=\"article:publisher\" content=\"https:\/\/facebook.com\/hilaturas.es\" \/>\n<meta property=\"article:modified_time\" content=\"2023-11-14T09:34:23+00:00\" \/>\n<meta property=\"og:image\" content=\"https:\/\/hilaturas.es\/wp-content\/uploads\/2025\/08\/Logo-Hilaturas-1200x675-1.webp\" \/>\n\t<meta property=\"og:image:width\" content=\"1200\" \/>\n\t<meta property=\"og:image:height\" content=\"675\" \/>\n\t<meta property=\"og:image:type\" content=\"image\/jpeg\" \/>\n<meta name=\"twitter:card\" content=\"summary_large_image\" \/>\n<meta name=\"twitter:label1\" content=\"Tempo estimado de leitura\" \/>\n\t<meta name=\"twitter:data1\" content=\"2 minutos\" \/>\n<script type=\"application\/ld+json\" class=\"yoast-schema-graph\">{\"@context\":\"https:\\\/\\\/schema.org\",\"@graph\":[{\"@type\":\"WebPage\",\"@id\":\"https:\\\/\\\/hilaturas.es\\\/pago-seguro\\\/\",\"url\":\"https:\\\/\\\/hilaturas.es\\\/pago-seguro\\\/\",\"name\":\"Pago seguro - Hilaturas.es\",\"isPartOf\":{\"@id\":\"https:\\\/\\\/hilaturas.es\\\/#website\"},\"datePublished\":\"2023-11-14T09:33:47+00:00\",\"dateModified\":\"2023-11-14T09:34:23+00:00\",\"breadcrumb\":{\"@id\":\"https:\\\/\\\/hilaturas.es\\\/pago-seguro\\\/#breadcrumb\"},\"inLanguage\":\"pt-PT\",\"potentialAction\":[{\"@type\":\"ReadAction\",\"target\":[\"https:\\\/\\\/hilaturas.es\\\/pago-seguro\\\/\"]}]},{\"@type\":\"BreadcrumbList\",\"@id\":\"https:\\\/\\\/hilaturas.es\\\/pago-seguro\\\/#breadcrumb\",\"itemListElement\":[{\"@type\":\"ListItem\",\"position\":1,\"name\":\"Portada\",\"item\":\"https:\\\/\\\/hilaturas.es\\\/\"},{\"@type\":\"ListItem\",\"position\":2,\"name\":\"Pago seguro\"}]},{\"@type\":\"WebSite\",\"@id\":\"https:\\\/\\\/hilaturas.es\\\/#website\",\"url\":\"https:\\\/\\\/hilaturas.es\\\/\",\"name\":\"HilaturasMP\",\"description\":\"Hilos trenzados para industria o trabajos manuales, encerados y sin encerar, hilo de kevlar, herramientas...\",\"publisher\":{\"@id\":\"https:\\\/\\\/hilaturas.es\\\/#organization\"},\"alternateName\":\"HilaturasMP\",\"potentialAction\":[{\"@type\":\"SearchAction\",\"target\":{\"@type\":\"EntryPoint\",\"urlTemplate\":\"https:\\\/\\\/hilaturas.es\\\/?s={search_term_string}\"},\"query-input\":{\"@type\":\"PropertyValueSpecification\",\"valueRequired\":true,\"valueName\":\"search_term_string\"}}],\"inLanguage\":\"pt-PT\"},{\"@type\":\"Organization\",\"@id\":\"https:\\\/\\\/hilaturas.es\\\/#organization\",\"name\":\"Hilaturas MP - Hilos trenzados\",\"alternateName\":\"HilaturasMP\",\"url\":\"https:\\\/\\\/hilaturas.es\\\/\",\"logo\":{\"@type\":\"ImageObject\",\"inLanguage\":\"pt-PT\",\"@id\":\"https:\\\/\\\/hilaturas.es\\\/#\\\/schema\\\/logo\\\/image\\\/\",\"url\":\"https:\\\/\\\/hilaturas.es\\\/wp-content\\\/uploads\\\/2025\\\/08\\\/Logo-Hilaturas-696x696-1.webp\",\"contentUrl\":\"https:\\\/\\\/hilaturas.es\\\/wp-content\\\/uploads\\\/2025\\\/08\\\/Logo-Hilaturas-696x696-1.webp\",\"width\":696,\"height\":696,\"caption\":\"Hilaturas MP - Hilos trenzados\"},\"image\":{\"@id\":\"https:\\\/\\\/hilaturas.es\\\/#\\\/schema\\\/logo\\\/image\\\/\"},\"sameAs\":[\"https:\\\/\\\/facebook.com\\\/hilaturas.es\"]}]}<\/script>\n<!-- \/ Yoast SEO plugin. -->","yoast_head_json":{"title":"Pago seguro - Hilaturas.es","robots":{"index":"noindex","follow":"follow"},"og_locale":"pt_PT","og_type":"article","og_title":"Pago seguro - Hilaturas.es","og_description":"Pago Seguro Nuestro pago seguro Nuestras formas de pago est\u00e1n avaladas por la tecnolog\u00eda de las pasarelas de terceros, expertos en seguridad tales como VISA\/Mastercard\/Paypal. Seg\u00fan la legislaci\u00f3n actual, el titular de la tarjeta es responsable de las transacciones en este sitio web. En ning\u00fan caso esta WEB NO GUARDA en ning\u00fan momento los datos de su tarjeta. Si usted elige este m\u00e9todo de pago todo el proceso se llevar\u00e1 a cabo en la pasarela segura de un tercero. Los datos de las tarjetas son transferidos a trav\u00e9s de un medio seguro SSL propiedad de la pasarela elegida seg\u00fan el pago. Los cuales avalan con su tecnolog\u00eda la seguridad del medio. Confirme antes de introducir datos bancarios de que se encuentra en un medio seguro SSL y que su certificado es valido y de confianza.\u00a0 Utilizando Visa\/Mastercard\/Paypal Usamos la tecnolog\u00eda de Visa\/Mastercard\/Paypal y de terceros que nos confieren seguridad en el pago, con un entorno seguro SSL y con sus correspondientes certificados v\u00e1lidos de confianza. Esta WEB NO GUARDA en ning\u00fan momento los datos de su tarjeta. Si usted elige este m\u00e9todo de pago todo el proceso se llevar\u00e1 a cabo en la pasarela segura de Paypal o de la pasarela del medio de pago elegido. Transferencia El total del pedido ser\u00e1 abonado por adelantado mediante transferencia bancaria a nuestra cuenta, indicando claramente nombre y numero de pedido. Este n\u00famero de cuenta, se encuentra referenciado al final del proceso de compra. Una vez realizado el ingreso, el cliente nos tendr\u00e1 que notificar mediante e-mail o v\u00eda telef\u00f3nica. Si transcurridos 15 d\u00edas no se ha recibido el pago el pedido ser\u00e1 anulado. En el caso de producto a medida, hasta que no se haga el ingreso no se pasa nota a fabricaci\u00f3n.","og_url":"https:\/\/hilaturas.es\/pt\/pago-seguro\/","og_site_name":"Hilaturas.es","article_publisher":"https:\/\/facebook.com\/hilaturas.es","article_modified_time":"2023-11-14T09:34:23+00:00","og_image":[{"width":1200,"height":675,"url":"https:\/\/hilaturas.es\/wp-content\/uploads\/2025\/08\/Logo-Hilaturas-1200x675-1.webp","type":"image\/jpeg"}],"twitter_card":"summary_large_image","twitter_misc":{"Tempo estimado de leitura":"2 minutos"},"schema":{"@context":"https:\/\/schema.org","@graph":[{"@type":"WebPage","@id":"https:\/\/hilaturas.es\/pago-seguro\/","url":"https:\/\/hilaturas.es\/pago-seguro\/","name":"Pago seguro - Hilaturas.es","isPartOf":{"@id":"https:\/\/hilaturas.es\/#website"},"datePublished":"2023-11-14T09:33:47+00:00","dateModified":"2023-11-14T09:34:23+00:00","breadcrumb":{"@id":"https:\/\/hilaturas.es\/pago-seguro\/#breadcrumb"},"inLanguage":"pt-PT","potentialAction":[{"@type":"ReadAction","target":["https:\/\/hilaturas.es\/pago-seguro\/"]}]},{"@type":"BreadcrumbList","@id":"https:\/\/hilaturas.es\/pago-seguro\/#breadcrumb","itemListElement":[{"@type":"ListItem","position":1,"name":"Portada","item":"https:\/\/hilaturas.es\/"},{"@type":"ListItem","position":2,"name":"Pago seguro"}]},{"@type":"WebSite","@id":"https:\/\/hilaturas.es\/#website","url":"https:\/\/hilaturas.es\/","name":"HilaturasMP","description":"Hilos trenzados para industria o trabajos manuales, encerados y sin encerar, hilo de kevlar, herramientas...","publisher":{"@id":"https:\/\/hilaturas.es\/#organization"},"alternateName":"HilaturasMP","potentialAction":[{"@type":"SearchAction","target":{"@type":"EntryPoint","urlTemplate":"https:\/\/hilaturas.es\/?s={search_term_string}"},"query-input":{"@type":"PropertyValueSpecification","valueRequired":true,"valueName":"search_term_string"}}],"inLanguage":"pt-PT"},{"@type":"Organization","@id":"https:\/\/hilaturas.es\/#organization","name":"Hilaturas MP - Hilos trenzados","alternateName":"HilaturasMP","url":"https:\/\/hilaturas.es\/","logo":{"@type":"ImageObject","inLanguage":"pt-PT","@id":"https:\/\/hilaturas.es\/#\/schema\/logo\/image\/","url":"https:\/\/hilaturas.es\/wp-content\/uploads\/2025\/08\/Logo-Hilaturas-696x696-1.webp","contentUrl":"https:\/\/hilaturas.es\/wp-content\/uploads\/2025\/08\/Logo-Hilaturas-696x696-1.webp","width":696,"height":696,"caption":"Hilaturas MP - Hilos trenzados"},"image":{"@id":"https:\/\/hilaturas.es\/#\/schema\/logo\/image\/"},"sameAs":["https:\/\/facebook.com\/hilaturas.es"]}]}},"_links":{"self":[{"href":"https:\/\/hilaturas.es\/pt\/wp-json\/wp\/v2\/pages\/4969","targetHints":{"allow":["GET"]}}],"collection":[{"href":"https:\/\/hilaturas.es\/pt\/wp-json\/wp\/v2\/pages"}],"about":[{"href":"https:\/\/hilaturas.es\/pt\/wp-json\/wp\/v2\/types\/page"}],"author":[{"embeddable":true,"href":"https:\/\/hilaturas.es\/pt\/wp-json\/wp\/v2\/users\/1"}],"replies":[{"embeddable":true,"href":"https:\/\/hilaturas.es\/pt\/wp-json\/wp\/v2\/comments?post=4969"}],"version-history":[{"count":4,"href":"https:\/\/hilaturas.es\/pt\/wp-json\/wp\/v2\/pages\/4969\/revisions"}],"predecessor-version":[{"id":4973,"href":"https:\/\/hilaturas.es\/pt\/wp-json\/wp\/v2\/pages\/4969\/revisions\/4973"}],"wp:attachment":[{"href":"https:\/\/hilaturas.es\/pt\/wp-json\/wp\/v2\/media?parent=4969"}],"curies":[{"name":"wp","href":"https:\/\/api.w.org\/{rel}","templated":true}]}}