{"id":4184,"date":"2020-05-22T17:22:17","date_gmt":"2020-05-22T17:22:17","guid":{"rendered":"https:\/\/hilaturas.es\/\/?post_type=product&#038;p=4184"},"modified":"2026-01-02T20:58:00","modified_gmt":"2026-01-02T19:58:00","slug":"kevlar-line-coated-1-5mm-negro-hilo-trenzado-8-cabos","status":"publish","type":"product","link":"https:\/\/hilaturas.es\/pt\/kevlar-line-coated-1-5mm-negro-hilo-trenzado-8-cabos\/","title":{"rendered":"HILO DE KEVLAR &#8211; KEVLAR LINE COATED &#8211; 1.5MM &#8211;  NEGRO &#8211;  HILO TRENZADO 8 CABOS"},"content":{"rendered":"<p><strong>Hilo<\/strong> de <strong>Kevlar<\/strong> Color <strong>Negro<\/strong> de alta resistencia. Resiste con su poco grosor de tan solo <strong>1.5mm<\/strong> algo <strong>mas de 140KG. <\/strong>Hay quien lo llama \u00abCable de Kevlar\u00bb por su alta resistencia similar a los cables met\u00e1licos.<\/p>\n<p>Es un hilo trenzado a 8 cabos \u00f3 hebras, compuesto por fibra tipo aramida de la marca KEVLAR o TWARON.<\/p>\n<p>Entre los distintos usos de este producto destacamos : como l\u00ednea para el volado de cometas, para encordado de dispositivos, para deportes extremos y como l\u00ednea para anzuelos de pesca. En general este tipo de hilo se usa en infinidad de cosas. Es muy com\u00fan verlo en kits de acampada o supervivencia dada su alta resistencia y poco peso.<\/p>\n<p>Este hilo tiene un grosor aproximado de <strong>1.5mm. <\/strong>Est\u00e1 recubierto de la una fina pel\u00edcula protectora trasparente que hace que mejore el deslizamiento y baje la abrasi\u00f3n.<strong><br \/>\n<\/strong><\/p>\n<p>Las aramidas en contacto con la luz solar pueden variar su color, pasan\u00a0 de un NEGRO intenso a un GRIS OSCURO, pero esto no perjudica o altera las propiedades mec\u00e1nicas del producto, se trata s\u00f3lo de una alteraci\u00f3n en el tono del color de la fibra.<\/p>\n<p>Todos nuestros art\u00edculos son <strong>MADE IN SPAIN<\/strong>. Hechos en Espa\u00f1a y siguiendo unos estrictos controles de calidad.<\/p>","protected":false},"excerpt":{"rendered":"<p><strong>Hilo<\/strong> de <strong>Kevlar<\/strong> Color <strong>Negro<\/strong> de alta resistencia. Resiste con su poco grosor de tan solo <strong>1.5mm<\/strong> algo <strong>mas de 140KG.<\/strong><\/p>\n<p>Hilo trenzado 8 cabos \u00f3 hebras, compuesto por aramidas. Entre los distintos usos de este producto destacamos: como l\u00ednea para el volado de cometas, para encordado de dispositivos para deportes extremos y como l\u00ednea para anzuelos de pesca.<\/p>\n<p>Este hilo tiene un grosor aproximado de <strong>1.5mm.<\/strong><\/p>\n<p>Todos nuestros art\u00edculos son <strong>MADE IN SPAIN<\/strong>. Hechos en Espa\u00f1a.<\/p>","protected":false},"featured_media":4186,"template":"","meta":[],"pwb-brand":[230],"product_brand":[],"product_cat":[141],"product_tag":[],"class_list":{"0":"post-4184","1":"product","2":"type-product","3":"status-publish","4":"has-post-thumbnail","6":"pwb-brand-hilaturas-es","7":"product_cat-hilo-de-kevlar","8":"pa_longitud-15m","9":"pa_longitud-30m","10":"pa_longitud-50m","11":"pa_longitud-100m","12":"pa_longitud-150m","13":"pa_longitud-200m","14":"pa_longitud-300m","15":"pa_tratamiento-endurecido","17":"first","18":"instock","19":"taxable","20":"shipping-taxable","21":"purchasable","22":"product-type-variable","23":"has-default-attributes"},"yoast_head":"<!-- This site is optimized with the Yoast SEO plugin v27.5 - https:\/\/yoast.com\/product\/yoast-seo-wordpress\/ -->\n<title>HILO DE KEVLAR - KEVLAR LINE COATED - 1.5MM - NEGRO - HILO TRENZADO 8 CABOS - Hilaturas.es<\/title>\n<meta name=\"description\" content=\"Hilo de Kevlar negro de alta resistencia multiusos. Ideal para deportes extremos y pesca. Soporta m\u00e1s de 140kg con solo 1.5mm de grosor.\" \/>\n<meta name=\"robots\" content=\"index, follow, max-snippet:-1, max-image-preview:large, max-video-preview:-1\" \/>\n<link rel=\"canonical\" href=\"https:\/\/hilaturas.es\/pt\/kevlar-line-coated-1-5mm-negro-hilo-trenzado-8-cabos\/\" \/>\n<meta property=\"og:locale\" content=\"pt_PT\" \/>\n<meta property=\"og:type\" content=\"article\" \/>\n<meta property=\"og:title\" content=\"HILO DE KEVLAR - KEVLAR LINE COATED - 1.5MM - NEGRO - HILO TRENZADO 8 CABOS - Hilaturas.es\" \/>\n<meta property=\"og:description\" content=\"Hilo de Kevlar negro de alta resistencia multiusos. Ideal para deportes extremos y pesca. Soporta m\u00e1s de 140kg con solo 1.5mm de grosor.\" \/>\n<meta property=\"og:url\" content=\"https:\/\/hilaturas.es\/pt\/kevlar-line-coated-1-5mm-negro-hilo-trenzado-8-cabos\/\" \/>\n<meta property=\"og:site_name\" content=\"Hilaturas.es\" \/>\n<meta property=\"article:publisher\" content=\"https:\/\/facebook.com\/hilaturas.es\" \/>\n<meta property=\"article:modified_time\" content=\"2026-01-02T19:58:00+00:00\" \/>\n<meta property=\"og:image\" content=\"https:\/\/hilaturas.es\/wp-content\/uploads\/2020\/05\/products-3066-jpg-webp.webp\" \/>\n\t<meta property=\"og:image:width\" content=\"600\" \/>\n\t<meta property=\"og:image:height\" content=\"727\" \/>\n\t<meta property=\"og:image:type\" content=\"image\/jpeg\" \/>\n<meta name=\"twitter:card\" content=\"summary_large_image\" \/>\n<meta name=\"twitter:label1\" content=\"Tempo estimado de leitura\" \/>\n\t<meta name=\"twitter:data1\" content=\"2 minutos\" \/>\n<script type=\"application\/ld+json\" class=\"yoast-schema-graph\">{\"@context\":\"https:\\\/\\\/schema.org\",\"@graph\":[{\"@type\":\"WebPage\",\"@id\":\"https:\\\/\\\/hilaturas.es\\\/kevlar-line-coated-1-5mm-negro-hilo-trenzado-8-cabos\\\/\",\"url\":\"https:\\\/\\\/hilaturas.es\\\/kevlar-line-coated-1-5mm-negro-hilo-trenzado-8-cabos\\\/\",\"name\":\"HILO DE KEVLAR - KEVLAR LINE COATED - 1.5MM - NEGRO - HILO TRENZADO 8 CABOS - Hilaturas.es\",\"isPartOf\":{\"@id\":\"https:\\\/\\\/hilaturas.es\\\/#website\"},\"primaryImageOfPage\":{\"@id\":\"https:\\\/\\\/hilaturas.es\\\/kevlar-line-coated-1-5mm-negro-hilo-trenzado-8-cabos\\\/#primaryimage\"},\"image\":{\"@id\":\"https:\\\/\\\/hilaturas.es\\\/kevlar-line-coated-1-5mm-negro-hilo-trenzado-8-cabos\\\/#primaryimage\"},\"thumbnailUrl\":\"https:\\\/\\\/hilaturas.es\\\/wp-content\\\/uploads\\\/2020\\\/05\\\/products-3066-jpg-webp.webp\",\"datePublished\":\"2020-05-22T17:22:17+00:00\",\"dateModified\":\"2026-01-02T19:58:00+00:00\",\"description\":\"Hilo de Kevlar negro de alta resistencia multiusos. Ideal para deportes extremos y pesca. Soporta m\u00e1s de 140kg con solo 1.5mm de grosor.\",\"breadcrumb\":{\"@id\":\"https:\\\/\\\/hilaturas.es\\\/kevlar-line-coated-1-5mm-negro-hilo-trenzado-8-cabos\\\/#breadcrumb\"},\"inLanguage\":\"pt-PT\",\"potentialAction\":[{\"@type\":\"ReadAction\",\"target\":[\"https:\\\/\\\/hilaturas.es\\\/kevlar-line-coated-1-5mm-negro-hilo-trenzado-8-cabos\\\/\"]}]},{\"@type\":\"ImageObject\",\"inLanguage\":\"pt-PT\",\"@id\":\"https:\\\/\\\/hilaturas.es\\\/kevlar-line-coated-1-5mm-negro-hilo-trenzado-8-cabos\\\/#primaryimage\",\"url\":\"https:\\\/\\\/hilaturas.es\\\/wp-content\\\/uploads\\\/2020\\\/05\\\/products-3066-jpg-webp.webp\",\"contentUrl\":\"https:\\\/\\\/hilaturas.es\\\/wp-content\\\/uploads\\\/2020\\\/05\\\/products-3066-jpg-webp.webp\",\"width\":600,\"height\":727,\"caption\":\"KEVLAR LINE COATED\"},{\"@type\":\"BreadcrumbList\",\"@id\":\"https:\\\/\\\/hilaturas.es\\\/kevlar-line-coated-1-5mm-negro-hilo-trenzado-8-cabos\\\/#breadcrumb\",\"itemListElement\":[{\"@type\":\"ListItem\",\"position\":1,\"name\":\"Portada\",\"item\":\"https:\\\/\\\/hilaturas.es\\\/\"},{\"@type\":\"ListItem\",\"position\":2,\"name\":\"Tienda\",\"item\":\"https:\\\/\\\/hilaturas.es\\\/tienda\\\/\"},{\"@type\":\"ListItem\",\"position\":3,\"name\":\"HILO DE KEVLAR &#8211; KEVLAR LINE COATED &#8211; 1.5MM &#8211; NEGRO &#8211; HILO TRENZADO 8 CABOS\"}]},{\"@type\":\"WebSite\",\"@id\":\"https:\\\/\\\/hilaturas.es\\\/#website\",\"url\":\"https:\\\/\\\/hilaturas.es\\\/\",\"name\":\"HilaturasMP\",\"description\":\"Hilos trenzados para industria o trabajos manuales, encerados y sin encerar, hilo de kevlar, herramientas...\",\"publisher\":{\"@id\":\"https:\\\/\\\/hilaturas.es\\\/#organization\"},\"alternateName\":\"HilaturasMP\",\"potentialAction\":[{\"@type\":\"SearchAction\",\"target\":{\"@type\":\"EntryPoint\",\"urlTemplate\":\"https:\\\/\\\/hilaturas.es\\\/?s={search_term_string}\"},\"query-input\":{\"@type\":\"PropertyValueSpecification\",\"valueRequired\":true,\"valueName\":\"search_term_string\"}}],\"inLanguage\":\"pt-PT\"},{\"@type\":\"Organization\",\"@id\":\"https:\\\/\\\/hilaturas.es\\\/#organization\",\"name\":\"Hilaturas MP - Hilos trenzados\",\"alternateName\":\"HilaturasMP\",\"url\":\"https:\\\/\\\/hilaturas.es\\\/\",\"logo\":{\"@type\":\"ImageObject\",\"inLanguage\":\"pt-PT\",\"@id\":\"https:\\\/\\\/hilaturas.es\\\/#\\\/schema\\\/logo\\\/image\\\/\",\"url\":\"https:\\\/\\\/hilaturas.es\\\/wp-content\\\/uploads\\\/2025\\\/08\\\/Logo-Hilaturas-696x696-1.webp\",\"contentUrl\":\"https:\\\/\\\/hilaturas.es\\\/wp-content\\\/uploads\\\/2025\\\/08\\\/Logo-Hilaturas-696x696-1.webp\",\"width\":696,\"height\":696,\"caption\":\"Hilaturas MP - Hilos trenzados\"},\"image\":{\"@id\":\"https:\\\/\\\/hilaturas.es\\\/#\\\/schema\\\/logo\\\/image\\\/\"},\"sameAs\":[\"https:\\\/\\\/facebook.com\\\/hilaturas.es\"]}]}<\/script>\n<!-- \/ Yoast SEO plugin. -->","yoast_head_json":{"title":"HILO DE KEVLAR - KEVLAR LINE COATED - 1.5MM - NEGRO - HILO TRENZADO 8 CABOS - Hilaturas.es","description":"Hilo de Kevlar negro de alta resistencia multiusos. Ideal para deportes extremos y pesca. Soporta m\u00e1s de 140kg con solo 1.5mm de grosor.","robots":{"index":"index","follow":"follow","max-snippet":"max-snippet:-1","max-image-preview":"max-image-preview:large","max-video-preview":"max-video-preview:-1"},"canonical":"https:\/\/hilaturas.es\/pt\/kevlar-line-coated-1-5mm-negro-hilo-trenzado-8-cabos\/","og_locale":"pt_PT","og_type":"article","og_title":"HILO DE KEVLAR - KEVLAR LINE COATED - 1.5MM - NEGRO - HILO TRENZADO 8 CABOS - Hilaturas.es","og_description":"Hilo de Kevlar negro de alta resistencia multiusos. Ideal para deportes extremos y pesca. Soporta m\u00e1s de 140kg con solo 1.5mm de grosor.","og_url":"https:\/\/hilaturas.es\/pt\/kevlar-line-coated-1-5mm-negro-hilo-trenzado-8-cabos\/","og_site_name":"Hilaturas.es","article_publisher":"https:\/\/facebook.com\/hilaturas.es","article_modified_time":"2026-01-02T19:58:00+00:00","og_image":[{"width":600,"height":727,"url":"https:\/\/hilaturas.es\/wp-content\/uploads\/2020\/05\/products-3066-jpg-webp.webp","type":"image\/jpeg"}],"twitter_card":"summary_large_image","twitter_misc":{"Tempo estimado de leitura":"2 minutos"},"schema":{"@context":"https:\/\/schema.org","@graph":[{"@type":"WebPage","@id":"https:\/\/hilaturas.es\/kevlar-line-coated-1-5mm-negro-hilo-trenzado-8-cabos\/","url":"https:\/\/hilaturas.es\/kevlar-line-coated-1-5mm-negro-hilo-trenzado-8-cabos\/","name":"HILO DE KEVLAR - KEVLAR LINE COATED - 1.5MM - NEGRO - HILO TRENZADO 8 CABOS - Hilaturas.es","isPartOf":{"@id":"https:\/\/hilaturas.es\/#website"},"primaryImageOfPage":{"@id":"https:\/\/hilaturas.es\/kevlar-line-coated-1-5mm-negro-hilo-trenzado-8-cabos\/#primaryimage"},"image":{"@id":"https:\/\/hilaturas.es\/kevlar-line-coated-1-5mm-negro-hilo-trenzado-8-cabos\/#primaryimage"},"thumbnailUrl":"https:\/\/hilaturas.es\/wp-content\/uploads\/2020\/05\/products-3066-jpg-webp.webp","datePublished":"2020-05-22T17:22:17+00:00","dateModified":"2026-01-02T19:58:00+00:00","description":"Hilo de Kevlar negro de alta resistencia multiusos. Ideal para deportes extremos y pesca. Soporta m\u00e1s de 140kg con solo 1.5mm de grosor.","breadcrumb":{"@id":"https:\/\/hilaturas.es\/kevlar-line-coated-1-5mm-negro-hilo-trenzado-8-cabos\/#breadcrumb"},"inLanguage":"pt-PT","potentialAction":[{"@type":"ReadAction","target":["https:\/\/hilaturas.es\/kevlar-line-coated-1-5mm-negro-hilo-trenzado-8-cabos\/"]}]},{"@type":"ImageObject","inLanguage":"pt-PT","@id":"https:\/\/hilaturas.es\/kevlar-line-coated-1-5mm-negro-hilo-trenzado-8-cabos\/#primaryimage","url":"https:\/\/hilaturas.es\/wp-content\/uploads\/2020\/05\/products-3066-jpg-webp.webp","contentUrl":"https:\/\/hilaturas.es\/wp-content\/uploads\/2020\/05\/products-3066-jpg-webp.webp","width":600,"height":727,"caption":"KEVLAR LINE COATED"},{"@type":"BreadcrumbList","@id":"https:\/\/hilaturas.es\/kevlar-line-coated-1-5mm-negro-hilo-trenzado-8-cabos\/#breadcrumb","itemListElement":[{"@type":"ListItem","position":1,"name":"Portada","item":"https:\/\/hilaturas.es\/"},{"@type":"ListItem","position":2,"name":"Tienda","item":"https:\/\/hilaturas.es\/tienda\/"},{"@type":"ListItem","position":3,"name":"HILO DE KEVLAR &#8211; KEVLAR LINE COATED &#8211; 1.5MM &#8211; NEGRO &#8211; HILO TRENZADO 8 CABOS"}]},{"@type":"WebSite","@id":"https:\/\/hilaturas.es\/#website","url":"https:\/\/hilaturas.es\/","name":"HilaturasMP","description":"Hilos trenzados para industria o trabajos manuales, encerados y sin encerar, hilo de kevlar, herramientas...","publisher":{"@id":"https:\/\/hilaturas.es\/#organization"},"alternateName":"HilaturasMP","potentialAction":[{"@type":"SearchAction","target":{"@type":"EntryPoint","urlTemplate":"https:\/\/hilaturas.es\/?s={search_term_string}"},"query-input":{"@type":"PropertyValueSpecification","valueRequired":true,"valueName":"search_term_string"}}],"inLanguage":"pt-PT"},{"@type":"Organization","@id":"https:\/\/hilaturas.es\/#organization","name":"Hilaturas MP - Hilos trenzados","alternateName":"HilaturasMP","url":"https:\/\/hilaturas.es\/","logo":{"@type":"ImageObject","inLanguage":"pt-PT","@id":"https:\/\/hilaturas.es\/#\/schema\/logo\/image\/","url":"https:\/\/hilaturas.es\/wp-content\/uploads\/2025\/08\/Logo-Hilaturas-696x696-1.webp","contentUrl":"https:\/\/hilaturas.es\/wp-content\/uploads\/2025\/08\/Logo-Hilaturas-696x696-1.webp","width":696,"height":696,"caption":"Hilaturas MP - Hilos trenzados"},"image":{"@id":"https:\/\/hilaturas.es\/#\/schema\/logo\/image\/"},"sameAs":["https:\/\/facebook.com\/hilaturas.es"]}]}},"brands":[{"id":230,"name":"Hilaturas.es","slug":"hilaturas-es"}],"_links":{"self":[{"href":"https:\/\/hilaturas.es\/pt\/wp-json\/wp\/v2\/product\/4184","targetHints":{"allow":["GET"]}}],"collection":[{"href":"https:\/\/hilaturas.es\/pt\/wp-json\/wp\/v2\/product"}],"about":[{"href":"https:\/\/hilaturas.es\/pt\/wp-json\/wp\/v2\/types\/product"}],"wp:featuredmedia":[{"embeddable":true,"href":"https:\/\/hilaturas.es\/pt\/wp-json\/wp\/v2\/media\/4186"}],"wp:attachment":[{"href":"https:\/\/hilaturas.es\/pt\/wp-json\/wp\/v2\/media?parent=4184"}],"wp:term":[{"taxonomy":"pwb-brand","embeddable":true,"href":"https:\/\/hilaturas.es\/pt\/wp-json\/wp\/v2\/pwb-brand?post=4184"},{"taxonomy":"product_brand","embeddable":true,"href":"https:\/\/hilaturas.es\/pt\/wp-json\/wp\/v2\/product_brand?post=4184"},{"taxonomy":"product_cat","embeddable":true,"href":"https:\/\/hilaturas.es\/pt\/wp-json\/wp\/v2\/product_cat?post=4184"},{"taxonomy":"product_tag","embeddable":true,"href":"https:\/\/hilaturas.es\/pt\/wp-json\/wp\/v2\/product_tag?post=4184"}],"curies":[{"name":"wp","href":"https:\/\/api.w.org\/{rel}","templated":true}]}}