{"id":4197,"date":"2020-12-21T13:18:10","date_gmt":"2020-12-21T13:18:10","guid":{"rendered":"https:\/\/hilaturas.es\/\/?post_type=product&#038;p=4197"},"modified":"2025-05-28T18:18:34","modified_gmt":"2025-05-28T16:18:34","slug":"amarillo-rojo-hilo-elastico-3mm","status":"publish","type":"product","link":"https:\/\/hilaturas.es\/pt\/amarillo-rojo-hilo-elastico-3mm\/","title":{"rendered":"AMARILLO ROJO &#8211; HILO EL\u00c1STICO &#8211; 3MM"},"content":{"rendered":"","protected":false},"excerpt":{"rendered":"<p style=\"text-align: justify;\"><span style=\"color: #232323; font-family: Poppins, sans-serif;\"><span style=\"font-size: 14px;\">Hilo trenzado el\u00e1stico ultra suave 3mm &#8211; Poli\u00e9ster &#8211; l\u00e1tex-free<br \/>\n<\/span><\/span><span style=\"color: #232323; font-family: Poppins, sans-serif;\"><span style=\"font-size: 14px;\">Indicado para Mascarillas faciales<br \/>\n<\/span><\/span><span style=\"color: #232323; font-family: Poppins, sans-serif;\"><span style=\"font-size: 14px;\">70% Fibra Poli\u00e9ster<br \/>\n<\/span><\/span><span style=\"color: #232323; font-family: Poppins, sans-serif;\"><span style=\"font-size: 14px;\">30% Elastano &#8211; Spandex &#8211; L\u00e1tex Free (hipoalerg\u00e9nico &#8211; No contiene LATEX)<br \/>\n<\/span><\/span><span style=\"color: #232323; font-family: Poppins, sans-serif;\"><span style=\"font-size: 14px;\">Grosor real entre 2,5mm a 2,7mm<br \/>\n<\/span><\/span><span style=\"color: #232323; font-family: Poppins, sans-serif;\"><span style=\"font-size: 14px;\">Elasticidad\u00a0hasta el\u00a0250%<br \/>\n<\/span><\/span><span style=\"color: #232323; font-family: Poppins, sans-serif;\"><span style=\"font-size: 14px;\">F\u00e1cil recuperaci\u00f3n de su elasticidad.<br \/>\n<\/span><\/span><span style=\"color: #232323; font-family: Poppins, sans-serif;\"><span style=\"font-size: 14px;\">Muy suave y confortable con el roce de la cara.<br \/>\n<\/span><\/span><span style=\"color: #232323; font-family: Poppins, sans-serif;\"><span style=\"font-size: 14px;\">Es compatible con soldadura por ultrafrecuencia.<br \/>\n<\/span><\/span><span style=\"color: #232323; font-family: Poppins, sans-serif;\"><span style=\"font-size: 14px;\">Se aconseja cerrar los extremos con un nudo para su f\u00e1cil costura, o bien sellar con un corte por resistencia el\u00e9ctrica.<\/span><\/span><\/p>\n<p><strong><span style=\"color: #232323; font-family: Poppins, sans-serif; font-size: 14px; text-align: justify; background-color: #ffffff;\"><span style=\"color: #000000; font-family: Verdana, Arial, Helvetica, sans-serif; font-size: 11px; text-align: left;\">Todos nuestros art\u00edculos son MADE IN SPAIN. Hechos en Espa\u00f1a.<\/span><\/span><\/strong><\/p>","protected":false},"featured_media":4201,"template":"","meta":[],"pwb-brand":[230],"product_brand":[],"product_cat":[142],"product_tag":[],"class_list":{"0":"post-4197","1":"product","2":"type-product","3":"status-publish","4":"has-post-thumbnail","6":"pwb-brand-hilaturas-es","7":"product_cat-cordon-elastico","8":"pa_longitud-50m","9":"pa_longitud-100m","10":"pa_longitud-200m","12":"first","13":"instock","14":"taxable","15":"shipping-taxable","16":"purchasable","17":"product-type-variable","18":"has-default-attributes"},"yoast_head":"<!-- This site is optimized with the Yoast SEO plugin v27.5 - https:\/\/yoast.com\/product\/yoast-seo-wordpress\/ -->\n<title>AMARILLO ROJO - HILO EL\u00c1STICO - 3MM - Hilaturas.es<\/title>\n<meta name=\"robots\" content=\"index, follow, max-snippet:-1, max-image-preview:large, max-video-preview:-1\" \/>\n<link rel=\"canonical\" href=\"https:\/\/hilaturas.es\/pt\/amarillo-rojo-hilo-elastico-3mm\/\" \/>\n<meta property=\"og:locale\" content=\"pt_PT\" \/>\n<meta property=\"og:type\" content=\"article\" \/>\n<meta property=\"og:title\" content=\"AMARILLO ROJO - HILO EL\u00c1STICO - 3MM - Hilaturas.es\" \/>\n<meta property=\"og:description\" content=\"Hilo trenzado el\u00e1stico ultra suave 3mm - Poli\u00e9ster - l\u00e1tex-free Indicado para Mascarillas faciales 70% Fibra Poli\u00e9ster 30% Elastano - Spandex - L\u00e1tex Free (hipoalerg\u00e9nico - No contiene LATEX) Grosor real entre 2,5mm a 2,7mm Elasticidad\u00a0hasta el\u00a0250% F\u00e1cil recuperaci\u00f3n de su elasticidad. Muy suave y confortable con el roce de la cara. Es compatible con soldadura por ultrafrecuencia. Se aconseja cerrar los extremos con un nudo para su f\u00e1cil costura, o bien sellar con un corte por resistencia el\u00e9ctrica. Todos nuestros art\u00edculos son MADE IN SPAIN. Hechos en Espa\u00f1a.\" \/>\n<meta property=\"og:url\" content=\"https:\/\/hilaturas.es\/pt\/amarillo-rojo-hilo-elastico-3mm\/\" \/>\n<meta property=\"og:site_name\" content=\"Hilaturas.es\" \/>\n<meta property=\"article:publisher\" content=\"https:\/\/facebook.com\/hilaturas.es\" \/>\n<meta property=\"article:modified_time\" content=\"2025-05-28T16:18:34+00:00\" \/>\n<meta property=\"og:image\" content=\"https:\/\/hilaturas.es\/wp-content\/uploads\/2021\/01\/products-3123-scaled-jpg-webp.webp\" \/>\n\t<meta property=\"og:image:width\" content=\"2560\" \/>\n\t<meta property=\"og:image:height\" content=\"2261\" \/>\n\t<meta property=\"og:image:type\" content=\"image\/jpeg\" \/>\n<meta name=\"twitter:card\" content=\"summary_large_image\" \/>\n<meta name=\"twitter:label1\" content=\"Tempo estimado de leitura\" \/>\n\t<meta name=\"twitter:data1\" content=\"1 minuto\" \/>\n<script type=\"application\/ld+json\" class=\"yoast-schema-graph\">{\"@context\":\"https:\\\/\\\/schema.org\",\"@graph\":[{\"@type\":\"WebPage\",\"@id\":\"https:\\\/\\\/hilaturas.es\\\/amarillo-rojo-hilo-elastico-3mm\\\/\",\"url\":\"https:\\\/\\\/hilaturas.es\\\/amarillo-rojo-hilo-elastico-3mm\\\/\",\"name\":\"AMARILLO ROJO - HILO EL\u00c1STICO - 3MM - Hilaturas.es\",\"isPartOf\":{\"@id\":\"https:\\\/\\\/hilaturas.es\\\/#website\"},\"primaryImageOfPage\":{\"@id\":\"https:\\\/\\\/hilaturas.es\\\/amarillo-rojo-hilo-elastico-3mm\\\/#primaryimage\"},\"image\":{\"@id\":\"https:\\\/\\\/hilaturas.es\\\/amarillo-rojo-hilo-elastico-3mm\\\/#primaryimage\"},\"thumbnailUrl\":\"https:\\\/\\\/hilaturas.es\\\/wp-content\\\/uploads\\\/2021\\\/01\\\/products-3123-scaled-jpg-webp.webp\",\"datePublished\":\"2020-12-21T13:18:10+00:00\",\"dateModified\":\"2025-05-28T16:18:34+00:00\",\"breadcrumb\":{\"@id\":\"https:\\\/\\\/hilaturas.es\\\/amarillo-rojo-hilo-elastico-3mm\\\/#breadcrumb\"},\"inLanguage\":\"pt-PT\",\"potentialAction\":[{\"@type\":\"ReadAction\",\"target\":[\"https:\\\/\\\/hilaturas.es\\\/amarillo-rojo-hilo-elastico-3mm\\\/\"]}]},{\"@type\":\"ImageObject\",\"inLanguage\":\"pt-PT\",\"@id\":\"https:\\\/\\\/hilaturas.es\\\/amarillo-rojo-hilo-elastico-3mm\\\/#primaryimage\",\"url\":\"https:\\\/\\\/hilaturas.es\\\/wp-content\\\/uploads\\\/2021\\\/01\\\/products-3123-scaled-jpg-webp.webp\",\"contentUrl\":\"https:\\\/\\\/hilaturas.es\\\/wp-content\\\/uploads\\\/2021\\\/01\\\/products-3123-scaled-jpg-webp.webp\",\"width\":2560,\"height\":2261},{\"@type\":\"BreadcrumbList\",\"@id\":\"https:\\\/\\\/hilaturas.es\\\/amarillo-rojo-hilo-elastico-3mm\\\/#breadcrumb\",\"itemListElement\":[{\"@type\":\"ListItem\",\"position\":1,\"name\":\"Portada\",\"item\":\"https:\\\/\\\/hilaturas.es\\\/\"},{\"@type\":\"ListItem\",\"position\":2,\"name\":\"Tienda\",\"item\":\"https:\\\/\\\/hilaturas.es\\\/tienda\\\/\"},{\"@type\":\"ListItem\",\"position\":3,\"name\":\"AMARILLO ROJO &#8211; HILO EL\u00c1STICO &#8211; 3MM\"}]},{\"@type\":\"WebSite\",\"@id\":\"https:\\\/\\\/hilaturas.es\\\/#website\",\"url\":\"https:\\\/\\\/hilaturas.es\\\/\",\"name\":\"HilaturasMP\",\"description\":\"Hilos trenzados para industria o trabajos manuales, encerados y sin encerar, hilo de kevlar, herramientas...\",\"publisher\":{\"@id\":\"https:\\\/\\\/hilaturas.es\\\/#organization\"},\"alternateName\":\"HilaturasMP\",\"potentialAction\":[{\"@type\":\"SearchAction\",\"target\":{\"@type\":\"EntryPoint\",\"urlTemplate\":\"https:\\\/\\\/hilaturas.es\\\/?s={search_term_string}\"},\"query-input\":{\"@type\":\"PropertyValueSpecification\",\"valueRequired\":true,\"valueName\":\"search_term_string\"}}],\"inLanguage\":\"pt-PT\"},{\"@type\":\"Organization\",\"@id\":\"https:\\\/\\\/hilaturas.es\\\/#organization\",\"name\":\"Hilaturas MP - Hilos trenzados\",\"alternateName\":\"HilaturasMP\",\"url\":\"https:\\\/\\\/hilaturas.es\\\/\",\"logo\":{\"@type\":\"ImageObject\",\"inLanguage\":\"pt-PT\",\"@id\":\"https:\\\/\\\/hilaturas.es\\\/#\\\/schema\\\/logo\\\/image\\\/\",\"url\":\"https:\\\/\\\/hilaturas.es\\\/wp-content\\\/uploads\\\/2025\\\/08\\\/Logo-Hilaturas-696x696-1.webp\",\"contentUrl\":\"https:\\\/\\\/hilaturas.es\\\/wp-content\\\/uploads\\\/2025\\\/08\\\/Logo-Hilaturas-696x696-1.webp\",\"width\":696,\"height\":696,\"caption\":\"Hilaturas MP - Hilos trenzados\"},\"image\":{\"@id\":\"https:\\\/\\\/hilaturas.es\\\/#\\\/schema\\\/logo\\\/image\\\/\"},\"sameAs\":[\"https:\\\/\\\/facebook.com\\\/hilaturas.es\"]}]}<\/script>\n<!-- \/ Yoast SEO plugin. -->","yoast_head_json":{"title":"AMARILLO ROJO - HILO EL\u00c1STICO - 3MM - Hilaturas.es","robots":{"index":"index","follow":"follow","max-snippet":"max-snippet:-1","max-image-preview":"max-image-preview:large","max-video-preview":"max-video-preview:-1"},"canonical":"https:\/\/hilaturas.es\/pt\/amarillo-rojo-hilo-elastico-3mm\/","og_locale":"pt_PT","og_type":"article","og_title":"AMARILLO ROJO - HILO EL\u00c1STICO - 3MM - Hilaturas.es","og_description":"Hilo trenzado el\u00e1stico ultra suave 3mm - Poli\u00e9ster - l\u00e1tex-free Indicado para Mascarillas faciales 70% Fibra Poli\u00e9ster 30% Elastano - Spandex - L\u00e1tex Free (hipoalerg\u00e9nico - No contiene LATEX) Grosor real entre 2,5mm a 2,7mm Elasticidad\u00a0hasta el\u00a0250% F\u00e1cil recuperaci\u00f3n de su elasticidad. Muy suave y confortable con el roce de la cara. Es compatible con soldadura por ultrafrecuencia. Se aconseja cerrar los extremos con un nudo para su f\u00e1cil costura, o bien sellar con un corte por resistencia el\u00e9ctrica. Todos nuestros art\u00edculos son MADE IN SPAIN. Hechos en Espa\u00f1a.","og_url":"https:\/\/hilaturas.es\/pt\/amarillo-rojo-hilo-elastico-3mm\/","og_site_name":"Hilaturas.es","article_publisher":"https:\/\/facebook.com\/hilaturas.es","article_modified_time":"2025-05-28T16:18:34+00:00","og_image":[{"width":2560,"height":2261,"url":"https:\/\/hilaturas.es\/wp-content\/uploads\/2021\/01\/products-3123-scaled-jpg-webp.webp","type":"image\/jpeg"}],"twitter_card":"summary_large_image","twitter_misc":{"Tempo estimado de leitura":"1 minuto"},"schema":{"@context":"https:\/\/schema.org","@graph":[{"@type":"WebPage","@id":"https:\/\/hilaturas.es\/amarillo-rojo-hilo-elastico-3mm\/","url":"https:\/\/hilaturas.es\/amarillo-rojo-hilo-elastico-3mm\/","name":"AMARILLO ROJO - HILO EL\u00c1STICO - 3MM - Hilaturas.es","isPartOf":{"@id":"https:\/\/hilaturas.es\/#website"},"primaryImageOfPage":{"@id":"https:\/\/hilaturas.es\/amarillo-rojo-hilo-elastico-3mm\/#primaryimage"},"image":{"@id":"https:\/\/hilaturas.es\/amarillo-rojo-hilo-elastico-3mm\/#primaryimage"},"thumbnailUrl":"https:\/\/hilaturas.es\/wp-content\/uploads\/2021\/01\/products-3123-scaled-jpg-webp.webp","datePublished":"2020-12-21T13:18:10+00:00","dateModified":"2025-05-28T16:18:34+00:00","breadcrumb":{"@id":"https:\/\/hilaturas.es\/amarillo-rojo-hilo-elastico-3mm\/#breadcrumb"},"inLanguage":"pt-PT","potentialAction":[{"@type":"ReadAction","target":["https:\/\/hilaturas.es\/amarillo-rojo-hilo-elastico-3mm\/"]}]},{"@type":"ImageObject","inLanguage":"pt-PT","@id":"https:\/\/hilaturas.es\/amarillo-rojo-hilo-elastico-3mm\/#primaryimage","url":"https:\/\/hilaturas.es\/wp-content\/uploads\/2021\/01\/products-3123-scaled-jpg-webp.webp","contentUrl":"https:\/\/hilaturas.es\/wp-content\/uploads\/2021\/01\/products-3123-scaled-jpg-webp.webp","width":2560,"height":2261},{"@type":"BreadcrumbList","@id":"https:\/\/hilaturas.es\/amarillo-rojo-hilo-elastico-3mm\/#breadcrumb","itemListElement":[{"@type":"ListItem","position":1,"name":"Portada","item":"https:\/\/hilaturas.es\/"},{"@type":"ListItem","position":2,"name":"Tienda","item":"https:\/\/hilaturas.es\/tienda\/"},{"@type":"ListItem","position":3,"name":"AMARILLO ROJO &#8211; HILO EL\u00c1STICO &#8211; 3MM"}]},{"@type":"WebSite","@id":"https:\/\/hilaturas.es\/#website","url":"https:\/\/hilaturas.es\/","name":"HilaturasMP","description":"Hilos trenzados para industria o trabajos manuales, encerados y sin encerar, hilo de kevlar, herramientas...","publisher":{"@id":"https:\/\/hilaturas.es\/#organization"},"alternateName":"HilaturasMP","potentialAction":[{"@type":"SearchAction","target":{"@type":"EntryPoint","urlTemplate":"https:\/\/hilaturas.es\/?s={search_term_string}"},"query-input":{"@type":"PropertyValueSpecification","valueRequired":true,"valueName":"search_term_string"}}],"inLanguage":"pt-PT"},{"@type":"Organization","@id":"https:\/\/hilaturas.es\/#organization","name":"Hilaturas MP - Hilos trenzados","alternateName":"HilaturasMP","url":"https:\/\/hilaturas.es\/","logo":{"@type":"ImageObject","inLanguage":"pt-PT","@id":"https:\/\/hilaturas.es\/#\/schema\/logo\/image\/","url":"https:\/\/hilaturas.es\/wp-content\/uploads\/2025\/08\/Logo-Hilaturas-696x696-1.webp","contentUrl":"https:\/\/hilaturas.es\/wp-content\/uploads\/2025\/08\/Logo-Hilaturas-696x696-1.webp","width":696,"height":696,"caption":"Hilaturas MP - Hilos trenzados"},"image":{"@id":"https:\/\/hilaturas.es\/#\/schema\/logo\/image\/"},"sameAs":["https:\/\/facebook.com\/hilaturas.es"]}]}},"brands":[{"id":230,"name":"Hilaturas.es","slug":"hilaturas-es"}],"_links":{"self":[{"href":"https:\/\/hilaturas.es\/pt\/wp-json\/wp\/v2\/product\/4197","targetHints":{"allow":["GET"]}}],"collection":[{"href":"https:\/\/hilaturas.es\/pt\/wp-json\/wp\/v2\/product"}],"about":[{"href":"https:\/\/hilaturas.es\/pt\/wp-json\/wp\/v2\/types\/product"}],"wp:featuredmedia":[{"embeddable":true,"href":"https:\/\/hilaturas.es\/pt\/wp-json\/wp\/v2\/media\/4201"}],"wp:attachment":[{"href":"https:\/\/hilaturas.es\/pt\/wp-json\/wp\/v2\/media?parent=4197"}],"wp:term":[{"taxonomy":"pwb-brand","embeddable":true,"href":"https:\/\/hilaturas.es\/pt\/wp-json\/wp\/v2\/pwb-brand?post=4197"},{"taxonomy":"product_brand","embeddable":true,"href":"https:\/\/hilaturas.es\/pt\/wp-json\/wp\/v2\/product_brand?post=4197"},{"taxonomy":"product_cat","embeddable":true,"href":"https:\/\/hilaturas.es\/pt\/wp-json\/wp\/v2\/product_cat?post=4197"},{"taxonomy":"product_tag","embeddable":true,"href":"https:\/\/hilaturas.es\/pt\/wp-json\/wp\/v2\/product_tag?post=4197"}],"curies":[{"name":"wp","href":"https:\/\/api.w.org\/{rel}","templated":true}]}}