{"id":4332,"date":"2021-07-21T17:52:34","date_gmt":"2021-07-21T17:52:34","guid":{"rendered":"https:\/\/hilaturas.es\/\/?post_type=product&#038;p=4332"},"modified":"2024-07-31T18:52:52","modified_gmt":"2024-07-31T16:52:52","slug":"marron-615-hilo-encerado-no6-grosor-1mm-hilo-trenzado-alta-resistencia","status":"publish","type":"product","link":"https:\/\/hilaturas.es\/pt\/marron-615-hilo-encerado-no6-grosor-1mm-hilo-trenzado-alta-resistencia\/","title":{"rendered":"MARR\u00d3N 615 &#8211; HILO ENCERADO N\u00ba6 &#8211; Grosor 1MM &#8211; HILO TRENZADO ALTA RESISTENCIA"},"content":{"rendered":"<p>Hilo de primera calidad trenzado n\u00ba6, encerado de 8 cabos de un grosor de 1mm aprox.<br \/>\nEst\u00e1 indicado para el cosido del cuero a mano, as\u00ed como para realizar costuras vistas en el calzado, bolsos, cinturones, marroquiner\u00eda, guarnicioner\u00eda, tapicer\u00edas, etc.<br \/>\nSu uso es adecuado para macram\u00e9, trabajos con bisuter\u00eda, para realizar encuadernaciones tipo SCRAPBOOKING y para cualquier otro trabajo de cosido manual.<br \/>\nTiene aplicaciones en h\u00edpica para trenzar haciendo mo\u00f1os en la crin del caballo.<br \/>\nEl color del hilo puede variar por la cantidad de cera y por la temperatura ambiental, para restaurar su color, tan solo hay que rasgarlo para quitar el exceso de cera y que salga el color original.<br \/>\nFabricado en Espa\u00f1a con materiales provenientes de la Uni\u00f3n Europea, los cuales cumplen con el Reglamento Europeo REACH 1907\/2006\/EC.<\/p>","protected":false},"excerpt":{"rendered":"<p>Hilo de primera calidad trenzado n\u00ba6, encerado de 8 cabos de un grosor de 1mm aprox.<br \/>\nEst\u00e1 indicado para el cosido del cuero a mano, as\u00ed como para realizar costuras vistas en el calzado, bolsos, cinturones, marroquiner\u00eda, guarnicioner\u00eda, tapicer\u00edas, etc.<br \/>\nSu uso es adecuado para macram\u00e9, trabajos con bisuter\u00eda, para realizar encuadernaciones tipo SCRAPBOOKING y para cualquier otro trabajo de cosido manual.<br \/>\nTiene aplicaciones en h\u00edpica para trenzar haciendo mo\u00f1os en la crin del caballo.<\/p>","protected":false},"featured_media":4335,"template":"","meta":[],"pwb-brand":[230],"product_brand":[],"product_cat":[137],"product_tag":[],"class_list":{"0":"post-4332","1":"product","2":"type-product","3":"status-publish","4":"has-post-thumbnail","6":"pwb-brand-hilaturas-es","7":"product_cat-hilo-encerado-1mm","8":"pa_longitud-100m","9":"pa_longitud-1600m","10":"pa_tratamiento-encerado-2","12":"first","13":"instock","14":"taxable","15":"shipping-taxable","16":"purchasable","17":"product-type-variable","18":"has-default-attributes"},"yoast_head":"<!-- This site is optimized with the Yoast SEO plugin v27.5 - https:\/\/yoast.com\/product\/yoast-seo-wordpress\/ -->\n<title>MARR\u00d3N 615 - HILO ENCERADO N\u00ba6 - Grosor 1MM - HILO TRENZADO ALTA RESISTENCIA - Hilaturas.es<\/title>\n<meta name=\"description\" content=\"Hilo de primera calidad trenzado n\u00ba6, encerado de 8 cabos de un grosor de 1mm aprox. Est\u00e1 indicado para el cosido del cuero a mano\" \/>\n<meta name=\"robots\" content=\"index, follow, max-snippet:-1, max-image-preview:large, max-video-preview:-1\" \/>\n<link rel=\"canonical\" href=\"https:\/\/hilaturas.es\/pt\/marron-615-hilo-encerado-no6-grosor-1mm-hilo-trenzado-alta-resistencia\/\" \/>\n<meta property=\"og:locale\" content=\"pt_PT\" \/>\n<meta property=\"og:type\" content=\"article\" \/>\n<meta property=\"og:title\" content=\"MARR\u00d3N 615 - HILO ENCERADO N\u00ba6 - Grosor 1MM - HILO TRENZADO ALTA RESISTENCIA - Hilaturas.es\" \/>\n<meta property=\"og:description\" content=\"Hilo de primera calidad trenzado n\u00ba6, encerado de 8 cabos de un grosor de 1mm aprox. Est\u00e1 indicado para el cosido del cuero a mano\" \/>\n<meta property=\"og:url\" content=\"https:\/\/hilaturas.es\/pt\/marron-615-hilo-encerado-no6-grosor-1mm-hilo-trenzado-alta-resistencia\/\" \/>\n<meta property=\"og:site_name\" content=\"Hilaturas.es\" \/>\n<meta property=\"article:publisher\" content=\"https:\/\/facebook.com\/hilaturas.es\" \/>\n<meta property=\"article:modified_time\" content=\"2024-07-31T16:52:52+00:00\" \/>\n<meta property=\"og:image\" content=\"https:\/\/hilaturas.es\/wp-content\/uploads\/2021\/07\/products-3219-jpg-webp.webp\" \/>\n\t<meta property=\"og:image:width\" content=\"1309\" \/>\n\t<meta property=\"og:image:height\" content=\"1077\" \/>\n\t<meta property=\"og:image:type\" content=\"image\/jpeg\" \/>\n<meta name=\"twitter:card\" content=\"summary_large_image\" \/>\n<meta name=\"twitter:label1\" content=\"Tempo estimado de leitura\" \/>\n\t<meta name=\"twitter:data1\" content=\"1 minuto\" \/>\n<script type=\"application\/ld+json\" class=\"yoast-schema-graph\">{\"@context\":\"https:\\\/\\\/schema.org\",\"@graph\":[{\"@type\":\"WebPage\",\"@id\":\"https:\\\/\\\/hilaturas.es\\\/marron-615-hilo-encerado-no6-grosor-1mm-hilo-trenzado-alta-resistencia\\\/\",\"url\":\"https:\\\/\\\/hilaturas.es\\\/marron-615-hilo-encerado-no6-grosor-1mm-hilo-trenzado-alta-resistencia\\\/\",\"name\":\"MARR\u00d3N 615 - HILO ENCERADO N\u00ba6 - Grosor 1MM - HILO TRENZADO ALTA RESISTENCIA - Hilaturas.es\",\"isPartOf\":{\"@id\":\"https:\\\/\\\/hilaturas.es\\\/#website\"},\"primaryImageOfPage\":{\"@id\":\"https:\\\/\\\/hilaturas.es\\\/marron-615-hilo-encerado-no6-grosor-1mm-hilo-trenzado-alta-resistencia\\\/#primaryimage\"},\"image\":{\"@id\":\"https:\\\/\\\/hilaturas.es\\\/marron-615-hilo-encerado-no6-grosor-1mm-hilo-trenzado-alta-resistencia\\\/#primaryimage\"},\"thumbnailUrl\":\"https:\\\/\\\/hilaturas.es\\\/wp-content\\\/uploads\\\/2021\\\/07\\\/products-3219-jpg-webp.webp\",\"datePublished\":\"2021-07-21T17:52:34+00:00\",\"dateModified\":\"2024-07-31T16:52:52+00:00\",\"description\":\"Hilo de primera calidad trenzado n\u00ba6, encerado de 8 cabos de un grosor de 1mm aprox. Est\u00e1 indicado para el cosido del cuero a mano\",\"breadcrumb\":{\"@id\":\"https:\\\/\\\/hilaturas.es\\\/marron-615-hilo-encerado-no6-grosor-1mm-hilo-trenzado-alta-resistencia\\\/#breadcrumb\"},\"inLanguage\":\"pt-PT\",\"potentialAction\":[{\"@type\":\"ReadAction\",\"target\":[\"https:\\\/\\\/hilaturas.es\\\/marron-615-hilo-encerado-no6-grosor-1mm-hilo-trenzado-alta-resistencia\\\/\"]}]},{\"@type\":\"ImageObject\",\"inLanguage\":\"pt-PT\",\"@id\":\"https:\\\/\\\/hilaturas.es\\\/marron-615-hilo-encerado-no6-grosor-1mm-hilo-trenzado-alta-resistencia\\\/#primaryimage\",\"url\":\"https:\\\/\\\/hilaturas.es\\\/wp-content\\\/uploads\\\/2021\\\/07\\\/products-3219-jpg-webp.webp\",\"contentUrl\":\"https:\\\/\\\/hilaturas.es\\\/wp-content\\\/uploads\\\/2021\\\/07\\\/products-3219-jpg-webp.webp\",\"width\":1309,\"height\":1077},{\"@type\":\"BreadcrumbList\",\"@id\":\"https:\\\/\\\/hilaturas.es\\\/marron-615-hilo-encerado-no6-grosor-1mm-hilo-trenzado-alta-resistencia\\\/#breadcrumb\",\"itemListElement\":[{\"@type\":\"ListItem\",\"position\":1,\"name\":\"Portada\",\"item\":\"https:\\\/\\\/hilaturas.es\\\/\"},{\"@type\":\"ListItem\",\"position\":2,\"name\":\"Tienda\",\"item\":\"https:\\\/\\\/hilaturas.es\\\/tienda\\\/\"},{\"@type\":\"ListItem\",\"position\":3,\"name\":\"MARR\u00d3N 615 &#8211; HILO ENCERADO N\u00ba6 &#8211; Grosor 1MM &#8211; HILO TRENZADO ALTA RESISTENCIA\"}]},{\"@type\":\"WebSite\",\"@id\":\"https:\\\/\\\/hilaturas.es\\\/#website\",\"url\":\"https:\\\/\\\/hilaturas.es\\\/\",\"name\":\"HilaturasMP\",\"description\":\"Hilos trenzados para industria o trabajos manuales, encerados y sin encerar, hilo de kevlar, herramientas...\",\"publisher\":{\"@id\":\"https:\\\/\\\/hilaturas.es\\\/#organization\"},\"alternateName\":\"HilaturasMP\",\"potentialAction\":[{\"@type\":\"SearchAction\",\"target\":{\"@type\":\"EntryPoint\",\"urlTemplate\":\"https:\\\/\\\/hilaturas.es\\\/?s={search_term_string}\"},\"query-input\":{\"@type\":\"PropertyValueSpecification\",\"valueRequired\":true,\"valueName\":\"search_term_string\"}}],\"inLanguage\":\"pt-PT\"},{\"@type\":\"Organization\",\"@id\":\"https:\\\/\\\/hilaturas.es\\\/#organization\",\"name\":\"Hilaturas MP - Hilos trenzados\",\"alternateName\":\"HilaturasMP\",\"url\":\"https:\\\/\\\/hilaturas.es\\\/\",\"logo\":{\"@type\":\"ImageObject\",\"inLanguage\":\"pt-PT\",\"@id\":\"https:\\\/\\\/hilaturas.es\\\/#\\\/schema\\\/logo\\\/image\\\/\",\"url\":\"https:\\\/\\\/hilaturas.es\\\/wp-content\\\/uploads\\\/2025\\\/08\\\/Logo-Hilaturas-696x696-1.webp\",\"contentUrl\":\"https:\\\/\\\/hilaturas.es\\\/wp-content\\\/uploads\\\/2025\\\/08\\\/Logo-Hilaturas-696x696-1.webp\",\"width\":696,\"height\":696,\"caption\":\"Hilaturas MP - Hilos trenzados\"},\"image\":{\"@id\":\"https:\\\/\\\/hilaturas.es\\\/#\\\/schema\\\/logo\\\/image\\\/\"},\"sameAs\":[\"https:\\\/\\\/facebook.com\\\/hilaturas.es\"]}]}<\/script>\n<!-- \/ Yoast SEO plugin. -->","yoast_head_json":{"title":"MARR\u00d3N 615 - HILO ENCERADO N\u00ba6 - Grosor 1MM - HILO TRENZADO ALTA RESISTENCIA - Hilaturas.es","description":"Hilo de primera calidad trenzado n\u00ba6, encerado de 8 cabos de un grosor de 1mm aprox. Est\u00e1 indicado para el cosido del cuero a mano","robots":{"index":"index","follow":"follow","max-snippet":"max-snippet:-1","max-image-preview":"max-image-preview:large","max-video-preview":"max-video-preview:-1"},"canonical":"https:\/\/hilaturas.es\/pt\/marron-615-hilo-encerado-no6-grosor-1mm-hilo-trenzado-alta-resistencia\/","og_locale":"pt_PT","og_type":"article","og_title":"MARR\u00d3N 615 - HILO ENCERADO N\u00ba6 - Grosor 1MM - HILO TRENZADO ALTA RESISTENCIA - Hilaturas.es","og_description":"Hilo de primera calidad trenzado n\u00ba6, encerado de 8 cabos de un grosor de 1mm aprox. Est\u00e1 indicado para el cosido del cuero a mano","og_url":"https:\/\/hilaturas.es\/pt\/marron-615-hilo-encerado-no6-grosor-1mm-hilo-trenzado-alta-resistencia\/","og_site_name":"Hilaturas.es","article_publisher":"https:\/\/facebook.com\/hilaturas.es","article_modified_time":"2024-07-31T16:52:52+00:00","og_image":[{"width":1309,"height":1077,"url":"https:\/\/hilaturas.es\/wp-content\/uploads\/2021\/07\/products-3219-jpg-webp.webp","type":"image\/jpeg"}],"twitter_card":"summary_large_image","twitter_misc":{"Tempo estimado de leitura":"1 minuto"},"schema":{"@context":"https:\/\/schema.org","@graph":[{"@type":"WebPage","@id":"https:\/\/hilaturas.es\/marron-615-hilo-encerado-no6-grosor-1mm-hilo-trenzado-alta-resistencia\/","url":"https:\/\/hilaturas.es\/marron-615-hilo-encerado-no6-grosor-1mm-hilo-trenzado-alta-resistencia\/","name":"MARR\u00d3N 615 - HILO ENCERADO N\u00ba6 - Grosor 1MM - HILO TRENZADO ALTA RESISTENCIA - Hilaturas.es","isPartOf":{"@id":"https:\/\/hilaturas.es\/#website"},"primaryImageOfPage":{"@id":"https:\/\/hilaturas.es\/marron-615-hilo-encerado-no6-grosor-1mm-hilo-trenzado-alta-resistencia\/#primaryimage"},"image":{"@id":"https:\/\/hilaturas.es\/marron-615-hilo-encerado-no6-grosor-1mm-hilo-trenzado-alta-resistencia\/#primaryimage"},"thumbnailUrl":"https:\/\/hilaturas.es\/wp-content\/uploads\/2021\/07\/products-3219-jpg-webp.webp","datePublished":"2021-07-21T17:52:34+00:00","dateModified":"2024-07-31T16:52:52+00:00","description":"Hilo de primera calidad trenzado n\u00ba6, encerado de 8 cabos de un grosor de 1mm aprox. Est\u00e1 indicado para el cosido del cuero a mano","breadcrumb":{"@id":"https:\/\/hilaturas.es\/marron-615-hilo-encerado-no6-grosor-1mm-hilo-trenzado-alta-resistencia\/#breadcrumb"},"inLanguage":"pt-PT","potentialAction":[{"@type":"ReadAction","target":["https:\/\/hilaturas.es\/marron-615-hilo-encerado-no6-grosor-1mm-hilo-trenzado-alta-resistencia\/"]}]},{"@type":"ImageObject","inLanguage":"pt-PT","@id":"https:\/\/hilaturas.es\/marron-615-hilo-encerado-no6-grosor-1mm-hilo-trenzado-alta-resistencia\/#primaryimage","url":"https:\/\/hilaturas.es\/wp-content\/uploads\/2021\/07\/products-3219-jpg-webp.webp","contentUrl":"https:\/\/hilaturas.es\/wp-content\/uploads\/2021\/07\/products-3219-jpg-webp.webp","width":1309,"height":1077},{"@type":"BreadcrumbList","@id":"https:\/\/hilaturas.es\/marron-615-hilo-encerado-no6-grosor-1mm-hilo-trenzado-alta-resistencia\/#breadcrumb","itemListElement":[{"@type":"ListItem","position":1,"name":"Portada","item":"https:\/\/hilaturas.es\/"},{"@type":"ListItem","position":2,"name":"Tienda","item":"https:\/\/hilaturas.es\/tienda\/"},{"@type":"ListItem","position":3,"name":"MARR\u00d3N 615 &#8211; HILO ENCERADO N\u00ba6 &#8211; Grosor 1MM &#8211; HILO TRENZADO ALTA RESISTENCIA"}]},{"@type":"WebSite","@id":"https:\/\/hilaturas.es\/#website","url":"https:\/\/hilaturas.es\/","name":"HilaturasMP","description":"Hilos trenzados para industria o trabajos manuales, encerados y sin encerar, hilo de kevlar, herramientas...","publisher":{"@id":"https:\/\/hilaturas.es\/#organization"},"alternateName":"HilaturasMP","potentialAction":[{"@type":"SearchAction","target":{"@type":"EntryPoint","urlTemplate":"https:\/\/hilaturas.es\/?s={search_term_string}"},"query-input":{"@type":"PropertyValueSpecification","valueRequired":true,"valueName":"search_term_string"}}],"inLanguage":"pt-PT"},{"@type":"Organization","@id":"https:\/\/hilaturas.es\/#organization","name":"Hilaturas MP - Hilos trenzados","alternateName":"HilaturasMP","url":"https:\/\/hilaturas.es\/","logo":{"@type":"ImageObject","inLanguage":"pt-PT","@id":"https:\/\/hilaturas.es\/#\/schema\/logo\/image\/","url":"https:\/\/hilaturas.es\/wp-content\/uploads\/2025\/08\/Logo-Hilaturas-696x696-1.webp","contentUrl":"https:\/\/hilaturas.es\/wp-content\/uploads\/2025\/08\/Logo-Hilaturas-696x696-1.webp","width":696,"height":696,"caption":"Hilaturas MP - Hilos trenzados"},"image":{"@id":"https:\/\/hilaturas.es\/#\/schema\/logo\/image\/"},"sameAs":["https:\/\/facebook.com\/hilaturas.es"]}]}},"brands":[{"id":230,"name":"Hilaturas.es","slug":"hilaturas-es"}],"_links":{"self":[{"href":"https:\/\/hilaturas.es\/pt\/wp-json\/wp\/v2\/product\/4332","targetHints":{"allow":["GET"]}}],"collection":[{"href":"https:\/\/hilaturas.es\/pt\/wp-json\/wp\/v2\/product"}],"about":[{"href":"https:\/\/hilaturas.es\/pt\/wp-json\/wp\/v2\/types\/product"}],"wp:featuredmedia":[{"embeddable":true,"href":"https:\/\/hilaturas.es\/pt\/wp-json\/wp\/v2\/media\/4335"}],"wp:attachment":[{"href":"https:\/\/hilaturas.es\/pt\/wp-json\/wp\/v2\/media?parent=4332"}],"wp:term":[{"taxonomy":"pwb-brand","embeddable":true,"href":"https:\/\/hilaturas.es\/pt\/wp-json\/wp\/v2\/pwb-brand?post=4332"},{"taxonomy":"product_brand","embeddable":true,"href":"https:\/\/hilaturas.es\/pt\/wp-json\/wp\/v2\/product_brand?post=4332"},{"taxonomy":"product_cat","embeddable":true,"href":"https:\/\/hilaturas.es\/pt\/wp-json\/wp\/v2\/product_cat?post=4332"},{"taxonomy":"product_tag","embeddable":true,"href":"https:\/\/hilaturas.es\/pt\/wp-json\/wp\/v2\/product_tag?post=4332"}],"curies":[{"name":"wp","href":"https:\/\/api.w.org\/{rel}","templated":true}]}}