{"id":4352,"date":"2021-07-23T12:32:07","date_gmt":"2021-07-23T12:32:07","guid":{"rendered":"https:\/\/hilaturas.es\/\/?post_type=product&#038;p=4352"},"modified":"2024-07-31T18:52:51","modified_gmt":"2024-07-31T16:52:51","slug":"kaki-90-hilo-trenzado-alta-resistencia-no6-1mm","status":"publish","type":"product","link":"https:\/\/hilaturas.es\/pt\/kaki-90-hilo-trenzado-alta-resistencia-no6-1mm\/","title":{"rendered":"KAKI 90 &#8211; HILO TRENZADO ALTA RESISTENCIA &#8211; N\u00ba6 &#8211; 1MM"},"content":{"rendered":"<p>El hilo SIN ENCERAR, es el mismo tipo de hilo trenzado que usamos como materia prima en el proceso de ENCERADO, pero en este caso no recibe ning\u00fan tipo de tratamiento posterior al trenzado, de ah\u00ed que lo denominemos SIN ENCERAR. Est\u00e1 especialmente indicado para hacer puntadas de hilo en las tradicionales alpargatas, calzado de dise\u00f1o, bordado de prendas, ganchillo o crochet y todo aquello que no necesite un acabado con tratamiento especial.<br \/>\nFabricados con estrictos controles de calidad y con las mejores fibras de alta resistencia. Todos nuestros art\u00edculos son MADE IN SPAIN. Hechos en Espa\u00f1a.<\/p>","protected":false},"excerpt":{"rendered":"<p>El hilo SIN ENCERAR, es el mismo tipo de hilo trenzado que usamos como materia prima en el proceso de ENCERADO, pero en este caso no recibe ning\u00fan tipo de tratamiento posterior al trenzado, de ah\u00ed que lo denominemos SIN ENCERAR. Est\u00e1 especialmente indicado para hacer puntadas de hilo en las tradicionales alpargatas, calzado de dise\u00f1o, bordado de prendas, ganchillo o crochet y todo aquello que no necesite un acabado con tratamiento especial.<\/p>","protected":false},"featured_media":4355,"template":"","meta":[],"pwb-brand":[230],"product_brand":[],"product_cat":[138],"product_tag":[],"class_list":{"0":"post-4352","1":"product","2":"type-product","3":"status-publish","4":"has-post-thumbnail","6":"pwb-brand-hilaturas-es","7":"product_cat-hilo-trenzado-1mm","8":"pa_longitud-100m","9":"pa_longitud-1800m","10":"pa_tratamiento-natural-sin-tratamiento","12":"first","13":"instock","14":"taxable","15":"shipping-taxable","16":"purchasable","17":"product-type-variable","18":"has-default-attributes"},"yoast_head":"<!-- This site is optimized with the Yoast SEO plugin v27.3 - https:\/\/yoast.com\/product\/yoast-seo-wordpress\/ -->\n<title>KAKI 90 - HILO TRENZADO ALTA RESISTENCIA - N\u00ba6 - 1MM - Hilaturas.es<\/title>\n<meta name=\"description\" content=\"El hilo SIN ENCERAR est\u00e1 especialmente indicado para hacer puntadas de hilo en las tradicionales alpargatas, calzado de dise\u00f1o , bordado de prendas\" \/>\n<meta name=\"robots\" content=\"index, follow, max-snippet:-1, max-image-preview:large, max-video-preview:-1\" \/>\n<link rel=\"canonical\" href=\"https:\/\/hilaturas.es\/pt\/kaki-90-hilo-trenzado-alta-resistencia-no6-1mm\/\" \/>\n<meta property=\"og:locale\" content=\"pt_PT\" \/>\n<meta property=\"og:type\" content=\"article\" \/>\n<meta property=\"og:title\" content=\"KAKI 90 - HILO TRENZADO ALTA RESISTENCIA - N\u00ba6 - 1MM - Hilaturas.es\" \/>\n<meta property=\"og:description\" content=\"El hilo SIN ENCERAR est\u00e1 especialmente indicado para hacer puntadas de hilo en las tradicionales alpargatas, calzado de dise\u00f1o , bordado de prendas\" \/>\n<meta property=\"og:url\" content=\"https:\/\/hilaturas.es\/pt\/kaki-90-hilo-trenzado-alta-resistencia-no6-1mm\/\" \/>\n<meta property=\"og:site_name\" content=\"Hilaturas.es\" \/>\n<meta property=\"article:publisher\" content=\"https:\/\/facebook.com\/hilaturas.es\" \/>\n<meta property=\"article:modified_time\" content=\"2024-07-31T16:52:51+00:00\" \/>\n<meta property=\"og:image\" content=\"https:\/\/hilaturas.es\/wp-content\/uploads\/2021\/07\/products-3200-jpg-webp.webp\" \/>\n\t<meta property=\"og:image:width\" content=\"1920\" \/>\n\t<meta property=\"og:image:height\" content=\"1080\" \/>\n\t<meta property=\"og:image:type\" content=\"image\/jpeg\" \/>\n<meta name=\"twitter:card\" content=\"summary_large_image\" \/>\n<meta name=\"twitter:label1\" content=\"Tempo estimado de leitura\" \/>\n\t<meta name=\"twitter:data1\" content=\"1 minuto\" \/>\n<script type=\"application\/ld+json\" class=\"yoast-schema-graph\">{\"@context\":\"https:\\\/\\\/schema.org\",\"@graph\":[{\"@type\":\"WebPage\",\"@id\":\"https:\\\/\\\/hilaturas.es\\\/kaki-90-hilo-trenzado-alta-resistencia-no6-1mm\\\/\",\"url\":\"https:\\\/\\\/hilaturas.es\\\/kaki-90-hilo-trenzado-alta-resistencia-no6-1mm\\\/\",\"name\":\"KAKI 90 - HILO TRENZADO ALTA RESISTENCIA - N\u00ba6 - 1MM - Hilaturas.es\",\"isPartOf\":{\"@id\":\"https:\\\/\\\/hilaturas.es\\\/#website\"},\"primaryImageOfPage\":{\"@id\":\"https:\\\/\\\/hilaturas.es\\\/kaki-90-hilo-trenzado-alta-resistencia-no6-1mm\\\/#primaryimage\"},\"image\":{\"@id\":\"https:\\\/\\\/hilaturas.es\\\/kaki-90-hilo-trenzado-alta-resistencia-no6-1mm\\\/#primaryimage\"},\"thumbnailUrl\":\"https:\\\/\\\/hilaturas.es\\\/wp-content\\\/uploads\\\/2021\\\/07\\\/products-3200-jpg-webp.webp\",\"datePublished\":\"2021-07-23T12:32:07+00:00\",\"dateModified\":\"2024-07-31T16:52:51+00:00\",\"description\":\"El hilo SIN ENCERAR est\u00e1 especialmente indicado para hacer puntadas de hilo en las tradicionales alpargatas, calzado de dise\u00f1o , bordado de prendas\",\"breadcrumb\":{\"@id\":\"https:\\\/\\\/hilaturas.es\\\/kaki-90-hilo-trenzado-alta-resistencia-no6-1mm\\\/#breadcrumb\"},\"inLanguage\":\"pt-PT\",\"potentialAction\":[{\"@type\":\"ReadAction\",\"target\":[\"https:\\\/\\\/hilaturas.es\\\/kaki-90-hilo-trenzado-alta-resistencia-no6-1mm\\\/\"]}]},{\"@type\":\"ImageObject\",\"inLanguage\":\"pt-PT\",\"@id\":\"https:\\\/\\\/hilaturas.es\\\/kaki-90-hilo-trenzado-alta-resistencia-no6-1mm\\\/#primaryimage\",\"url\":\"https:\\\/\\\/hilaturas.es\\\/wp-content\\\/uploads\\\/2021\\\/07\\\/products-3200-jpg-webp.webp\",\"contentUrl\":\"https:\\\/\\\/hilaturas.es\\\/wp-content\\\/uploads\\\/2021\\\/07\\\/products-3200-jpg-webp.webp\",\"width\":1920,\"height\":1080},{\"@type\":\"BreadcrumbList\",\"@id\":\"https:\\\/\\\/hilaturas.es\\\/kaki-90-hilo-trenzado-alta-resistencia-no6-1mm\\\/#breadcrumb\",\"itemListElement\":[{\"@type\":\"ListItem\",\"position\":1,\"name\":\"Portada\",\"item\":\"https:\\\/\\\/hilaturas.es\\\/\"},{\"@type\":\"ListItem\",\"position\":2,\"name\":\"Tienda\",\"item\":\"https:\\\/\\\/hilaturas.es\\\/tienda\\\/\"},{\"@type\":\"ListItem\",\"position\":3,\"name\":\"KAKI 90 &#8211; HILO TRENZADO ALTA RESISTENCIA &#8211; N\u00ba6 &#8211; 1MM\"}]},{\"@type\":\"WebSite\",\"@id\":\"https:\\\/\\\/hilaturas.es\\\/#website\",\"url\":\"https:\\\/\\\/hilaturas.es\\\/\",\"name\":\"HilaturasMP\",\"description\":\"Hilos trenzados para industria o trabajos manuales, encerados y sin encerar, hilo de kevlar, herramientas...\",\"publisher\":{\"@id\":\"https:\\\/\\\/hilaturas.es\\\/#organization\"},\"alternateName\":\"HilaturasMP\",\"potentialAction\":[{\"@type\":\"SearchAction\",\"target\":{\"@type\":\"EntryPoint\",\"urlTemplate\":\"https:\\\/\\\/hilaturas.es\\\/?s={search_term_string}\"},\"query-input\":{\"@type\":\"PropertyValueSpecification\",\"valueRequired\":true,\"valueName\":\"search_term_string\"}}],\"inLanguage\":\"pt-PT\"},{\"@type\":\"Organization\",\"@id\":\"https:\\\/\\\/hilaturas.es\\\/#organization\",\"name\":\"Hilaturas MP - Hilos trenzados\",\"alternateName\":\"HilaturasMP\",\"url\":\"https:\\\/\\\/hilaturas.es\\\/\",\"logo\":{\"@type\":\"ImageObject\",\"inLanguage\":\"pt-PT\",\"@id\":\"https:\\\/\\\/hilaturas.es\\\/#\\\/schema\\\/logo\\\/image\\\/\",\"url\":\"https:\\\/\\\/hilaturas.es\\\/wp-content\\\/uploads\\\/2025\\\/08\\\/Logo-Hilaturas-696x696-1.webp\",\"contentUrl\":\"https:\\\/\\\/hilaturas.es\\\/wp-content\\\/uploads\\\/2025\\\/08\\\/Logo-Hilaturas-696x696-1.webp\",\"width\":696,\"height\":696,\"caption\":\"Hilaturas MP - Hilos trenzados\"},\"image\":{\"@id\":\"https:\\\/\\\/hilaturas.es\\\/#\\\/schema\\\/logo\\\/image\\\/\"},\"sameAs\":[\"https:\\\/\\\/facebook.com\\\/hilaturas.es\"]}]}<\/script>\n<!-- \/ Yoast SEO plugin. -->","yoast_head_json":{"title":"KAKI 90 - HILO TRENZADO ALTA RESISTENCIA - N\u00ba6 - 1MM - Hilaturas.es","description":"El hilo SIN ENCERAR est\u00e1 especialmente indicado para hacer puntadas de hilo en las tradicionales alpargatas, calzado de dise\u00f1o , bordado de prendas","robots":{"index":"index","follow":"follow","max-snippet":"max-snippet:-1","max-image-preview":"max-image-preview:large","max-video-preview":"max-video-preview:-1"},"canonical":"https:\/\/hilaturas.es\/pt\/kaki-90-hilo-trenzado-alta-resistencia-no6-1mm\/","og_locale":"pt_PT","og_type":"article","og_title":"KAKI 90 - HILO TRENZADO ALTA RESISTENCIA - N\u00ba6 - 1MM - Hilaturas.es","og_description":"El hilo SIN ENCERAR est\u00e1 especialmente indicado para hacer puntadas de hilo en las tradicionales alpargatas, calzado de dise\u00f1o , bordado de prendas","og_url":"https:\/\/hilaturas.es\/pt\/kaki-90-hilo-trenzado-alta-resistencia-no6-1mm\/","og_site_name":"Hilaturas.es","article_publisher":"https:\/\/facebook.com\/hilaturas.es","article_modified_time":"2024-07-31T16:52:51+00:00","og_image":[{"width":1920,"height":1080,"url":"https:\/\/hilaturas.es\/wp-content\/uploads\/2021\/07\/products-3200-jpg-webp.webp","type":"image\/jpeg"}],"twitter_card":"summary_large_image","twitter_misc":{"Tempo estimado de leitura":"1 minuto"},"schema":{"@context":"https:\/\/schema.org","@graph":[{"@type":"WebPage","@id":"https:\/\/hilaturas.es\/kaki-90-hilo-trenzado-alta-resistencia-no6-1mm\/","url":"https:\/\/hilaturas.es\/kaki-90-hilo-trenzado-alta-resistencia-no6-1mm\/","name":"KAKI 90 - HILO TRENZADO ALTA RESISTENCIA - N\u00ba6 - 1MM - Hilaturas.es","isPartOf":{"@id":"https:\/\/hilaturas.es\/#website"},"primaryImageOfPage":{"@id":"https:\/\/hilaturas.es\/kaki-90-hilo-trenzado-alta-resistencia-no6-1mm\/#primaryimage"},"image":{"@id":"https:\/\/hilaturas.es\/kaki-90-hilo-trenzado-alta-resistencia-no6-1mm\/#primaryimage"},"thumbnailUrl":"https:\/\/hilaturas.es\/wp-content\/uploads\/2021\/07\/products-3200-jpg-webp.webp","datePublished":"2021-07-23T12:32:07+00:00","dateModified":"2024-07-31T16:52:51+00:00","description":"El hilo SIN ENCERAR est\u00e1 especialmente indicado para hacer puntadas de hilo en las tradicionales alpargatas, calzado de dise\u00f1o , bordado de prendas","breadcrumb":{"@id":"https:\/\/hilaturas.es\/kaki-90-hilo-trenzado-alta-resistencia-no6-1mm\/#breadcrumb"},"inLanguage":"pt-PT","potentialAction":[{"@type":"ReadAction","target":["https:\/\/hilaturas.es\/kaki-90-hilo-trenzado-alta-resistencia-no6-1mm\/"]}]},{"@type":"ImageObject","inLanguage":"pt-PT","@id":"https:\/\/hilaturas.es\/kaki-90-hilo-trenzado-alta-resistencia-no6-1mm\/#primaryimage","url":"https:\/\/hilaturas.es\/wp-content\/uploads\/2021\/07\/products-3200-jpg-webp.webp","contentUrl":"https:\/\/hilaturas.es\/wp-content\/uploads\/2021\/07\/products-3200-jpg-webp.webp","width":1920,"height":1080},{"@type":"BreadcrumbList","@id":"https:\/\/hilaturas.es\/kaki-90-hilo-trenzado-alta-resistencia-no6-1mm\/#breadcrumb","itemListElement":[{"@type":"ListItem","position":1,"name":"Portada","item":"https:\/\/hilaturas.es\/"},{"@type":"ListItem","position":2,"name":"Tienda","item":"https:\/\/hilaturas.es\/tienda\/"},{"@type":"ListItem","position":3,"name":"KAKI 90 &#8211; HILO TRENZADO ALTA RESISTENCIA &#8211; N\u00ba6 &#8211; 1MM"}]},{"@type":"WebSite","@id":"https:\/\/hilaturas.es\/#website","url":"https:\/\/hilaturas.es\/","name":"HilaturasMP","description":"Hilos trenzados para industria o trabajos manuales, encerados y sin encerar, hilo de kevlar, herramientas...","publisher":{"@id":"https:\/\/hilaturas.es\/#organization"},"alternateName":"HilaturasMP","potentialAction":[{"@type":"SearchAction","target":{"@type":"EntryPoint","urlTemplate":"https:\/\/hilaturas.es\/?s={search_term_string}"},"query-input":{"@type":"PropertyValueSpecification","valueRequired":true,"valueName":"search_term_string"}}],"inLanguage":"pt-PT"},{"@type":"Organization","@id":"https:\/\/hilaturas.es\/#organization","name":"Hilaturas MP - Hilos trenzados","alternateName":"HilaturasMP","url":"https:\/\/hilaturas.es\/","logo":{"@type":"ImageObject","inLanguage":"pt-PT","@id":"https:\/\/hilaturas.es\/#\/schema\/logo\/image\/","url":"https:\/\/hilaturas.es\/wp-content\/uploads\/2025\/08\/Logo-Hilaturas-696x696-1.webp","contentUrl":"https:\/\/hilaturas.es\/wp-content\/uploads\/2025\/08\/Logo-Hilaturas-696x696-1.webp","width":696,"height":696,"caption":"Hilaturas MP - Hilos trenzados"},"image":{"@id":"https:\/\/hilaturas.es\/#\/schema\/logo\/image\/"},"sameAs":["https:\/\/facebook.com\/hilaturas.es"]}]}},"brands":[{"id":230,"name":"Hilaturas.es","slug":"hilaturas-es"}],"_links":{"self":[{"href":"https:\/\/hilaturas.es\/pt\/wp-json\/wp\/v2\/product\/4352","targetHints":{"allow":["GET"]}}],"collection":[{"href":"https:\/\/hilaturas.es\/pt\/wp-json\/wp\/v2\/product"}],"about":[{"href":"https:\/\/hilaturas.es\/pt\/wp-json\/wp\/v2\/types\/product"}],"wp:featuredmedia":[{"embeddable":true,"href":"https:\/\/hilaturas.es\/pt\/wp-json\/wp\/v2\/media\/4355"}],"wp:attachment":[{"href":"https:\/\/hilaturas.es\/pt\/wp-json\/wp\/v2\/media?parent=4352"}],"wp:term":[{"taxonomy":"pwb-brand","embeddable":true,"href":"https:\/\/hilaturas.es\/pt\/wp-json\/wp\/v2\/pwb-brand?post=4352"},{"taxonomy":"product_brand","embeddable":true,"href":"https:\/\/hilaturas.es\/pt\/wp-json\/wp\/v2\/product_brand?post=4352"},{"taxonomy":"product_cat","embeddable":true,"href":"https:\/\/hilaturas.es\/pt\/wp-json\/wp\/v2\/product_cat?post=4352"},{"taxonomy":"product_tag","embeddable":true,"href":"https:\/\/hilaturas.es\/pt\/wp-json\/wp\/v2\/product_tag?post=4352"}],"curies":[{"name":"wp","href":"https:\/\/api.w.org\/{rel}","templated":true}]}}