{"id":4387,"date":"2022-09-16T18:15:27","date_gmt":"2022-09-16T18:15:27","guid":{"rendered":"https:\/\/hilaturas.es\/\/?post_type=product&#038;p=4387"},"modified":"2024-01-25T10:45:36","modified_gmt":"2024-01-25T09:45:36","slug":"quemador-de-hilo","status":"publish","type":"product","link":"https:\/\/hilaturas.es\/pt\/quemador-de-hilo\/","title":{"rendered":"Quemador de hilo"},"content":{"rendered":"<p class=\"MsoNormal\"><strong>Caracter\u00edsticas:<\/strong><\/p>\n<p class=\"MsoNormal\">Un toque, la punta se calienta al instante con solo pulsar un bot\u00f3n. Puede calentar hasta aproximadamente 1000 \u00b0C\/1832 \u00b0F en cuesti\u00f3n de 2-3 segundos.<\/p>\n<p class=\"MsoNormal\">Preciso, la punta del filamento produce quemaduras de precisi\u00f3n incluso en los hilos y nudos m\u00e1s finos.<\/p>\n<p class=\"MsoNormal\">Funciona con pilas, el quemador utiliza 1xaa (1,5 v). Consigue m\u00faltiples horas de uso con esta herramienta con una sola bater\u00eda.<\/p>\n<p class=\"MsoNormal\">F\u00e1cil de usar, simplemente pulse el bot\u00f3n y toque el hilo. Una vez que haya terminado, deje que la punta se enfr\u00ede.<\/p>\n<p class=\"MsoNormal\">Acabado profesional, quema el exceso de cuerda en el borde del nudo, creando un acabado limpio.<\/p>\n<p class=\"MsoNormal\"><strong>Especificaciones:<\/strong><\/p>\n<p class=\"MsoNormal\"><strong>Material:<\/strong> ABS<\/p>\n<p class=\"MsoNormal\"><strong>Nota: <\/strong>El color del quemador de hilo puede variar al de la imagen.<\/p>","protected":false},"excerpt":{"rendered":"<p>Un toque, la punta se calienta al instante con solo pulsar un bot\u00f3n. Puede calentar hasta aproximadamente 1000 \u00b0C\/1832 \u00b0F en cuesti\u00f3n de 2-3 segundos.<\/p>\n<p>Preciso, la punta del filamento produce quemaduras de precisi\u00f3n incluso en los hilos y nudos m\u00e1s finos.<\/p>\n<p><strong><span style=\"color: #232323; font-family: Poppins, sans-serif; font-size: 14px; text-align: justify; background-color: #ffffff;\"><span style=\"color: #000000; font-family: Verdana, Arial, Helvetica, sans-serif; font-size: 11px; text-align: left;\">Para un correcto funcionamiento, es recomendable el uso de BATER\u00cdAS RECARGABLES AA<\/span><\/span><\/strong><\/p>","protected":false},"featured_media":4388,"template":"","meta":[],"pwb-brand":[],"product_brand":[],"product_cat":[144],"product_tag":[],"class_list":{"0":"post-4387","1":"product","2":"type-product","3":"status-publish","4":"has-post-thumbnail","6":"product_cat-herramientas","8":"first","9":"instock","10":"taxable","11":"shipping-taxable","12":"purchasable","13":"product-type-simple"},"yoast_head":"<!-- This site is optimized with the Yoast SEO plugin v27.5 - https:\/\/yoast.com\/product\/yoast-seo-wordpress\/ -->\n<title>Quemador de hilo - Hilaturas.es<\/title>\n<meta name=\"description\" content=\"La punta se calienta instant\u00e1neamente con solo presionar el bot\u00f3n y tambi\u00e9n se enfr\u00eda r\u00e1pidamente, un corte m\u00e1s limpio que con tijeras para evitar los molestos extremos de hilo peque\u00f1os. Perfecto para todo tipo de hilos.\" \/>\n<meta name=\"robots\" content=\"index, follow, max-snippet:-1, max-image-preview:large, max-video-preview:-1\" \/>\n<link rel=\"canonical\" href=\"https:\/\/hilaturas.es\/pt\/quemador-de-hilo\/\" \/>\n<meta property=\"og:locale\" content=\"pt_PT\" \/>\n<meta property=\"og:type\" content=\"article\" \/>\n<meta property=\"og:title\" content=\"Quemador de hilo - Hilaturas.es\" \/>\n<meta property=\"og:description\" content=\"La punta se calienta instant\u00e1neamente con solo presionar el bot\u00f3n y tambi\u00e9n se enfr\u00eda r\u00e1pidamente, un corte m\u00e1s limpio que con tijeras para evitar los molestos extremos de hilo peque\u00f1os. Perfecto para todo tipo de hilos.\" \/>\n<meta property=\"og:url\" content=\"https:\/\/hilaturas.es\/pt\/quemador-de-hilo\/\" \/>\n<meta property=\"og:site_name\" content=\"Hilaturas.es\" \/>\n<meta property=\"article:publisher\" content=\"https:\/\/facebook.com\/hilaturas.es\" \/>\n<meta property=\"article:modified_time\" content=\"2024-01-25T09:45:36+00:00\" \/>\n<meta property=\"og:image\" content=\"https:\/\/hilaturas.es\/wp-content\/uploads\/2022\/09\/products-3257-jpg.webp\" \/>\n\t<meta property=\"og:image:width\" content=\"800\" \/>\n\t<meta property=\"og:image:height\" content=\"800\" \/>\n\t<meta property=\"og:image:type\" content=\"image\/jpeg\" \/>\n<meta name=\"twitter:card\" content=\"summary_large_image\" \/>\n<meta name=\"twitter:label1\" content=\"Tempo estimado de leitura\" \/>\n\t<meta name=\"twitter:data1\" content=\"1 minuto\" \/>\n<script type=\"application\/ld+json\" class=\"yoast-schema-graph\">{\"@context\":\"https:\\\/\\\/schema.org\",\"@graph\":[{\"@type\":\"WebPage\",\"@id\":\"https:\\\/\\\/hilaturas.es\\\/quemador-de-hilo\\\/\",\"url\":\"https:\\\/\\\/hilaturas.es\\\/quemador-de-hilo\\\/\",\"name\":\"Quemador de hilo - Hilaturas.es\",\"isPartOf\":{\"@id\":\"https:\\\/\\\/hilaturas.es\\\/#website\"},\"primaryImageOfPage\":{\"@id\":\"https:\\\/\\\/hilaturas.es\\\/quemador-de-hilo\\\/#primaryimage\"},\"image\":{\"@id\":\"https:\\\/\\\/hilaturas.es\\\/quemador-de-hilo\\\/#primaryimage\"},\"thumbnailUrl\":\"https:\\\/\\\/hilaturas.es\\\/wp-content\\\/uploads\\\/2022\\\/09\\\/products-3257-jpg-webp.webp\",\"datePublished\":\"2022-09-16T18:15:27+00:00\",\"dateModified\":\"2024-01-25T09:45:36+00:00\",\"description\":\"La punta se calienta instant\u00e1neamente con solo presionar el bot\u00f3n y tambi\u00e9n se enfr\u00eda r\u00e1pidamente, un corte m\u00e1s limpio que con tijeras para evitar los molestos extremos de hilo peque\u00f1os. Perfecto para todo tipo de hilos.\",\"breadcrumb\":{\"@id\":\"https:\\\/\\\/hilaturas.es\\\/quemador-de-hilo\\\/#breadcrumb\"},\"inLanguage\":\"pt-PT\",\"potentialAction\":[{\"@type\":\"ReadAction\",\"target\":[\"https:\\\/\\\/hilaturas.es\\\/quemador-de-hilo\\\/\"]}]},{\"@type\":\"ImageObject\",\"inLanguage\":\"pt-PT\",\"@id\":\"https:\\\/\\\/hilaturas.es\\\/quemador-de-hilo\\\/#primaryimage\",\"url\":\"https:\\\/\\\/hilaturas.es\\\/wp-content\\\/uploads\\\/2022\\\/09\\\/products-3257-jpg-webp.webp\",\"contentUrl\":\"https:\\\/\\\/hilaturas.es\\\/wp-content\\\/uploads\\\/2022\\\/09\\\/products-3257-jpg-webp.webp\",\"width\":800,\"height\":800},{\"@type\":\"BreadcrumbList\",\"@id\":\"https:\\\/\\\/hilaturas.es\\\/quemador-de-hilo\\\/#breadcrumb\",\"itemListElement\":[{\"@type\":\"ListItem\",\"position\":1,\"name\":\"Portada\",\"item\":\"https:\\\/\\\/hilaturas.es\\\/\"},{\"@type\":\"ListItem\",\"position\":2,\"name\":\"Tienda\",\"item\":\"https:\\\/\\\/hilaturas.es\\\/tienda\\\/\"},{\"@type\":\"ListItem\",\"position\":3,\"name\":\"Quemador de hilo\"}]},{\"@type\":\"WebSite\",\"@id\":\"https:\\\/\\\/hilaturas.es\\\/#website\",\"url\":\"https:\\\/\\\/hilaturas.es\\\/\",\"name\":\"HilaturasMP\",\"description\":\"Hilos trenzados para industria o trabajos manuales, encerados y sin encerar, hilo de kevlar, herramientas...\",\"publisher\":{\"@id\":\"https:\\\/\\\/hilaturas.es\\\/#organization\"},\"alternateName\":\"HilaturasMP\",\"potentialAction\":[{\"@type\":\"SearchAction\",\"target\":{\"@type\":\"EntryPoint\",\"urlTemplate\":\"https:\\\/\\\/hilaturas.es\\\/?s={search_term_string}\"},\"query-input\":{\"@type\":\"PropertyValueSpecification\",\"valueRequired\":true,\"valueName\":\"search_term_string\"}}],\"inLanguage\":\"pt-PT\"},{\"@type\":\"Organization\",\"@id\":\"https:\\\/\\\/hilaturas.es\\\/#organization\",\"name\":\"Hilaturas MP - Hilos trenzados\",\"alternateName\":\"HilaturasMP\",\"url\":\"https:\\\/\\\/hilaturas.es\\\/\",\"logo\":{\"@type\":\"ImageObject\",\"inLanguage\":\"pt-PT\",\"@id\":\"https:\\\/\\\/hilaturas.es\\\/#\\\/schema\\\/logo\\\/image\\\/\",\"url\":\"https:\\\/\\\/hilaturas.es\\\/wp-content\\\/uploads\\\/2025\\\/08\\\/Logo-Hilaturas-696x696-1.webp\",\"contentUrl\":\"https:\\\/\\\/hilaturas.es\\\/wp-content\\\/uploads\\\/2025\\\/08\\\/Logo-Hilaturas-696x696-1.webp\",\"width\":696,\"height\":696,\"caption\":\"Hilaturas MP - Hilos trenzados\"},\"image\":{\"@id\":\"https:\\\/\\\/hilaturas.es\\\/#\\\/schema\\\/logo\\\/image\\\/\"},\"sameAs\":[\"https:\\\/\\\/facebook.com\\\/hilaturas.es\"]}]}<\/script>\n<!-- \/ Yoast SEO plugin. -->","yoast_head_json":{"title":"Quemador de hilo - Hilaturas.es","description":"La punta se calienta instant\u00e1neamente con solo presionar el bot\u00f3n y tambi\u00e9n se enfr\u00eda r\u00e1pidamente, un corte m\u00e1s limpio que con tijeras para evitar los molestos extremos de hilo peque\u00f1os. Perfecto para todo tipo de hilos.","robots":{"index":"index","follow":"follow","max-snippet":"max-snippet:-1","max-image-preview":"max-image-preview:large","max-video-preview":"max-video-preview:-1"},"canonical":"https:\/\/hilaturas.es\/pt\/quemador-de-hilo\/","og_locale":"pt_PT","og_type":"article","og_title":"Quemador de hilo - Hilaturas.es","og_description":"La punta se calienta instant\u00e1neamente con solo presionar el bot\u00f3n y tambi\u00e9n se enfr\u00eda r\u00e1pidamente, un corte m\u00e1s limpio que con tijeras para evitar los molestos extremos de hilo peque\u00f1os. Perfecto para todo tipo de hilos.","og_url":"https:\/\/hilaturas.es\/pt\/quemador-de-hilo\/","og_site_name":"Hilaturas.es","article_publisher":"https:\/\/facebook.com\/hilaturas.es","article_modified_time":"2024-01-25T09:45:36+00:00","og_image":[{"width":800,"height":800,"url":"https:\/\/hilaturas.es\/wp-content\/uploads\/2022\/09\/products-3257-jpg.webp","type":"image\/jpeg"}],"twitter_card":"summary_large_image","twitter_misc":{"Tempo estimado de leitura":"1 minuto"},"schema":{"@context":"https:\/\/schema.org","@graph":[{"@type":"WebPage","@id":"https:\/\/hilaturas.es\/quemador-de-hilo\/","url":"https:\/\/hilaturas.es\/quemador-de-hilo\/","name":"Quemador de hilo - Hilaturas.es","isPartOf":{"@id":"https:\/\/hilaturas.es\/#website"},"primaryImageOfPage":{"@id":"https:\/\/hilaturas.es\/quemador-de-hilo\/#primaryimage"},"image":{"@id":"https:\/\/hilaturas.es\/quemador-de-hilo\/#primaryimage"},"thumbnailUrl":"https:\/\/hilaturas.es\/wp-content\/uploads\/2022\/09\/products-3257-jpg-webp.webp","datePublished":"2022-09-16T18:15:27+00:00","dateModified":"2024-01-25T09:45:36+00:00","description":"La punta se calienta instant\u00e1neamente con solo presionar el bot\u00f3n y tambi\u00e9n se enfr\u00eda r\u00e1pidamente, un corte m\u00e1s limpio que con tijeras para evitar los molestos extremos de hilo peque\u00f1os. Perfecto para todo tipo de hilos.","breadcrumb":{"@id":"https:\/\/hilaturas.es\/quemador-de-hilo\/#breadcrumb"},"inLanguage":"pt-PT","potentialAction":[{"@type":"ReadAction","target":["https:\/\/hilaturas.es\/quemador-de-hilo\/"]}]},{"@type":"ImageObject","inLanguage":"pt-PT","@id":"https:\/\/hilaturas.es\/quemador-de-hilo\/#primaryimage","url":"https:\/\/hilaturas.es\/wp-content\/uploads\/2022\/09\/products-3257-jpg-webp.webp","contentUrl":"https:\/\/hilaturas.es\/wp-content\/uploads\/2022\/09\/products-3257-jpg-webp.webp","width":800,"height":800},{"@type":"BreadcrumbList","@id":"https:\/\/hilaturas.es\/quemador-de-hilo\/#breadcrumb","itemListElement":[{"@type":"ListItem","position":1,"name":"Portada","item":"https:\/\/hilaturas.es\/"},{"@type":"ListItem","position":2,"name":"Tienda","item":"https:\/\/hilaturas.es\/tienda\/"},{"@type":"ListItem","position":3,"name":"Quemador de hilo"}]},{"@type":"WebSite","@id":"https:\/\/hilaturas.es\/#website","url":"https:\/\/hilaturas.es\/","name":"HilaturasMP","description":"Hilos trenzados para industria o trabajos manuales, encerados y sin encerar, hilo de kevlar, herramientas...","publisher":{"@id":"https:\/\/hilaturas.es\/#organization"},"alternateName":"HilaturasMP","potentialAction":[{"@type":"SearchAction","target":{"@type":"EntryPoint","urlTemplate":"https:\/\/hilaturas.es\/?s={search_term_string}"},"query-input":{"@type":"PropertyValueSpecification","valueRequired":true,"valueName":"search_term_string"}}],"inLanguage":"pt-PT"},{"@type":"Organization","@id":"https:\/\/hilaturas.es\/#organization","name":"Hilaturas MP - Hilos trenzados","alternateName":"HilaturasMP","url":"https:\/\/hilaturas.es\/","logo":{"@type":"ImageObject","inLanguage":"pt-PT","@id":"https:\/\/hilaturas.es\/#\/schema\/logo\/image\/","url":"https:\/\/hilaturas.es\/wp-content\/uploads\/2025\/08\/Logo-Hilaturas-696x696-1.webp","contentUrl":"https:\/\/hilaturas.es\/wp-content\/uploads\/2025\/08\/Logo-Hilaturas-696x696-1.webp","width":696,"height":696,"caption":"Hilaturas MP - Hilos trenzados"},"image":{"@id":"https:\/\/hilaturas.es\/#\/schema\/logo\/image\/"},"sameAs":["https:\/\/facebook.com\/hilaturas.es"]}]}},"brands":[],"_links":{"self":[{"href":"https:\/\/hilaturas.es\/pt\/wp-json\/wp\/v2\/product\/4387","targetHints":{"allow":["GET"]}}],"collection":[{"href":"https:\/\/hilaturas.es\/pt\/wp-json\/wp\/v2\/product"}],"about":[{"href":"https:\/\/hilaturas.es\/pt\/wp-json\/wp\/v2\/types\/product"}],"wp:featuredmedia":[{"embeddable":true,"href":"https:\/\/hilaturas.es\/pt\/wp-json\/wp\/v2\/media\/4388"}],"wp:attachment":[{"href":"https:\/\/hilaturas.es\/pt\/wp-json\/wp\/v2\/media?parent=4387"}],"wp:term":[{"taxonomy":"pwb-brand","embeddable":true,"href":"https:\/\/hilaturas.es\/pt\/wp-json\/wp\/v2\/pwb-brand?post=4387"},{"taxonomy":"product_brand","embeddable":true,"href":"https:\/\/hilaturas.es\/pt\/wp-json\/wp\/v2\/product_brand?post=4387"},{"taxonomy":"product_cat","embeddable":true,"href":"https:\/\/hilaturas.es\/pt\/wp-json\/wp\/v2\/product_cat?post=4387"},{"taxonomy":"product_tag","embeddable":true,"href":"https:\/\/hilaturas.es\/pt\/wp-json\/wp\/v2\/product_tag?post=4387"}],"curies":[{"name":"wp","href":"https:\/\/api.w.org\/{rel}","templated":true}]}}