{"id":4408,"date":"2023-03-15T11:52:20","date_gmt":"2023-03-15T11:52:20","guid":{"rendered":"https:\/\/hilaturas.es\/\/?post_type=product&#038;p=4408"},"modified":"2024-02-29T10:32:14","modified_gmt":"2024-02-29T09:32:14","slug":"pulsera-nautica-nudos-bicolor-con-pompom-corto-ref-3","status":"publish","type":"product","link":"https:\/\/hilaturas.es\/pt\/pulsera-nautica-nudos-bicolor-con-pompom-corto-ref-3\/","title":{"rendered":"PULSERA NAUTICA NUDOS BICOLOR CON POMPOM CORTO REF.3"},"content":{"rendered":"<p>PULSERAS ELABORADAS CON HILO DE NYLON, TIPO CORD\u00d3N N\u00c1UTICO, CON LOS COLORES DE LA BANDERA DE ESPA\u00d1A .<br \/>\nPULSERAS DE NUDOS.<\/p>\n<p>Pulsera ajustable elaborada con nuestro hilo trenzado de nylon multiusos de 3mm de grosor, utilizando los colores de la bandera de Espa\u00f1a, el rojo y el amarillo.<br \/>\n\u270c\ufe0f Su estilo es informal y casual y est\u00e1 hecha a mano.<br \/>\n\ud83c\udf81 Un regalo muy original y bonito.<br \/>\n\ud83e\udeb6 Son suaves y duraderas, ya que est\u00e1n confeccionadas en <strong>nylon muy suave<\/strong>.<br \/>\n\ud83d\udca6 Se puede lavar a mano o a m\u00e1quina.<\/p>\n<p>Pulsera N\u00e1utica Nudos Bicolor disponible en <strong>TALLA \u00daNICA: <\/strong>Totalmente cerrada mide 20cm y se extiende para poder abrirla hasta un m\u00e1ximo de 32cm de di\u00e1metro.<\/p>\n<p>Puedes medir el per\u00edmetro de tu mu\u00f1eca de dos formas:<\/p>\n<ol>\n<li><strong>Con cinta m\u00e9trica:<\/strong>\n<ol>\n<li>Toma una cinta m\u00e9trica y rodea la mu\u00f1eca.<\/li>\n<li>La medida que te d\u00e9, s\u00famale 1cm para que quede holgada.<\/li>\n<\/ol>\n<\/li>\n<li><strong>Con un trozo de cuerda:<\/strong>\n<ol>\n<li>Sujeta un trozo de hilo y rodea la mu\u00f1eca.<\/li>\n<li>Extiende la cuerda sobre una regla y mide su longitud.<\/li>\n<li>A esta medida s\u00famale 1cm para que te quede un poco holgada.<\/li>\n<\/ol>\n<\/li>\n<\/ol>","protected":false},"excerpt":{"rendered":"<p>PULSERAS ELABORADAS CON HILO DE NYLON, TIPO CORD\u00d3N N\u00c1UTICO, CON LOS COLORES DE LA BANDERA DE ESPA\u00d1A .<br \/>\nPULSERAS DE NUDOS.<\/p>\n<p>Pulsera ajustable elaborada con nuestro hilo trenzado de nylon multiusos de 3mm de grosor, utilizando los colores de la bandera de Espa\u00f1a, el rojo y el amarillo.<br \/>\n\u270c\ufe0f Su estilo es informal y casual y est\u00e1 hecha a mano.<br \/>\n\ud83c\udf81 Un regalo muy original y bonito.<br \/>\n\ud83e\udeb6 Son suaves y duraderas, ya que est\u00e1n confeccionadas en <strong>nylon muy suave<\/strong>.<br \/>\n\ud83d\udca6 Se puede lavar a mano o a m\u00e1quina.<\/p>\n<p>Pulsera N\u00e1utica Nudos Bicolor disponible en <strong>TALLA \u00daNICA: <\/strong>Totalmente cerrada mide 20cm y se extiende para poder abrirla hasta un m\u00e1ximo de 32cm de di\u00e1metro.<\/p>","protected":false},"featured_media":4410,"template":"","meta":[],"pwb-brand":[],"product_brand":[],"product_cat":[145],"product_tag":[],"class_list":{"0":"post-4408","1":"product","2":"type-product","3":"status-publish","4":"has-post-thumbnail","6":"product_cat-pulseras-nudos","7":"pa_tamano-pulsera-talla-unica","9":"first","10":"instock","11":"taxable","12":"shipping-taxable","13":"purchasable","14":"product-type-simple"},"yoast_head":"<!-- This site is optimized with the Yoast SEO plugin v27.5 - https:\/\/yoast.com\/product\/yoast-seo-wordpress\/ -->\n<title>PULSERA NAUTICA NUDOS BICOLOR CON POMPOM CORTO REF.3 - Hilaturas.es<\/title>\n<meta name=\"robots\" content=\"index, follow, max-snippet:-1, max-image-preview:large, max-video-preview:-1\" \/>\n<link rel=\"canonical\" href=\"https:\/\/hilaturas.es\/pt\/pulsera-nautica-nudos-bicolor-con-pompom-corto-ref-3\/\" \/>\n<meta property=\"og:locale\" content=\"pt_PT\" \/>\n<meta property=\"og:type\" content=\"article\" \/>\n<meta property=\"og:title\" content=\"PULSERA NAUTICA NUDOS BICOLOR CON POMPOM CORTO REF.3 - Hilaturas.es\" \/>\n<meta property=\"og:description\" content=\"PULSERAS ELABORADAS CON HILO DE NYLON, TIPO CORD\u00d3N N\u00c1UTICO, CON LOS COLORES DE LA BANDERA DE ESPA\u00d1A . PULSERAS DE NUDOS.  Pulsera ajustable elaborada con nuestro hilo trenzado de nylon multiusos de 3mm de grosor, utilizando los colores de la bandera de Espa\u00f1a, el rojo y el amarillo. \u270c\ufe0f Su estilo es informal y casual y est\u00e1 hecha a mano. \ud83c\udf81 Un regalo muy original y bonito. \ud83e\udeb6 Son suaves y duraderas, ya que est\u00e1n confeccionadas en nylon muy suave. \ud83d\udca6 Se puede lavar a mano o a m\u00e1quina.  Pulsera N\u00e1utica Nudos Bicolor disponible en TALLA \u00daNICA: Totalmente cerrada mide 20cm y se extiende para poder abrirla hasta un m\u00e1ximo de 32cm de di\u00e1metro.\" \/>\n<meta property=\"og:url\" content=\"https:\/\/hilaturas.es\/pt\/pulsera-nautica-nudos-bicolor-con-pompom-corto-ref-3\/\" \/>\n<meta property=\"og:site_name\" content=\"Hilaturas.es\" \/>\n<meta property=\"article:publisher\" content=\"https:\/\/facebook.com\/hilaturas.es\" \/>\n<meta property=\"article:modified_time\" content=\"2024-02-29T09:32:14+00:00\" \/>\n<meta property=\"og:image\" content=\"https:\/\/hilaturas.es\/wp-content\/uploads\/2023\/03\/products-3324-scaled-jpg.webp\" \/>\n\t<meta property=\"og:image:width\" content=\"1920\" \/>\n\t<meta property=\"og:image:height\" content=\"2560\" \/>\n\t<meta property=\"og:image:type\" content=\"image\/jpeg\" \/>\n<meta name=\"twitter:card\" content=\"summary_large_image\" \/>\n<meta name=\"twitter:label1\" content=\"Tempo estimado de leitura\" \/>\n\t<meta name=\"twitter:data1\" content=\"2 minutos\" \/>\n<script type=\"application\/ld+json\" class=\"yoast-schema-graph\">{\"@context\":\"https:\\\/\\\/schema.org\",\"@graph\":[{\"@type\":\"WebPage\",\"@id\":\"https:\\\/\\\/hilaturas.es\\\/pulsera-nautica-nudos-bicolor-con-pompom-corto-ref-3\\\/\",\"url\":\"https:\\\/\\\/hilaturas.es\\\/pulsera-nautica-nudos-bicolor-con-pompom-corto-ref-3\\\/\",\"name\":\"PULSERA NAUTICA NUDOS BICOLOR CON POMPOM CORTO REF.3 - Hilaturas.es\",\"isPartOf\":{\"@id\":\"https:\\\/\\\/hilaturas.es\\\/#website\"},\"primaryImageOfPage\":{\"@id\":\"https:\\\/\\\/hilaturas.es\\\/pulsera-nautica-nudos-bicolor-con-pompom-corto-ref-3\\\/#primaryimage\"},\"image\":{\"@id\":\"https:\\\/\\\/hilaturas.es\\\/pulsera-nautica-nudos-bicolor-con-pompom-corto-ref-3\\\/#primaryimage\"},\"thumbnailUrl\":\"https:\\\/\\\/hilaturas.es\\\/wp-content\\\/uploads\\\/2023\\\/03\\\/products-3324-scaled-jpg-webp.webp\",\"datePublished\":\"2023-03-15T11:52:20+00:00\",\"dateModified\":\"2024-02-29T09:32:14+00:00\",\"breadcrumb\":{\"@id\":\"https:\\\/\\\/hilaturas.es\\\/pulsera-nautica-nudos-bicolor-con-pompom-corto-ref-3\\\/#breadcrumb\"},\"inLanguage\":\"pt-PT\",\"potentialAction\":[{\"@type\":\"ReadAction\",\"target\":[\"https:\\\/\\\/hilaturas.es\\\/pulsera-nautica-nudos-bicolor-con-pompom-corto-ref-3\\\/\"]}]},{\"@type\":\"ImageObject\",\"inLanguage\":\"pt-PT\",\"@id\":\"https:\\\/\\\/hilaturas.es\\\/pulsera-nautica-nudos-bicolor-con-pompom-corto-ref-3\\\/#primaryimage\",\"url\":\"https:\\\/\\\/hilaturas.es\\\/wp-content\\\/uploads\\\/2023\\\/03\\\/products-3324-scaled-jpg-webp.webp\",\"contentUrl\":\"https:\\\/\\\/hilaturas.es\\\/wp-content\\\/uploads\\\/2023\\\/03\\\/products-3324-scaled-jpg-webp.webp\",\"width\":1920,\"height\":2560},{\"@type\":\"BreadcrumbList\",\"@id\":\"https:\\\/\\\/hilaturas.es\\\/pulsera-nautica-nudos-bicolor-con-pompom-corto-ref-3\\\/#breadcrumb\",\"itemListElement\":[{\"@type\":\"ListItem\",\"position\":1,\"name\":\"Portada\",\"item\":\"https:\\\/\\\/hilaturas.es\\\/\"},{\"@type\":\"ListItem\",\"position\":2,\"name\":\"Tienda\",\"item\":\"https:\\\/\\\/hilaturas.es\\\/tienda\\\/\"},{\"@type\":\"ListItem\",\"position\":3,\"name\":\"PULSERA NAUTICA NUDOS BICOLOR CON POMPOM CORTO REF.3\"}]},{\"@type\":\"WebSite\",\"@id\":\"https:\\\/\\\/hilaturas.es\\\/#website\",\"url\":\"https:\\\/\\\/hilaturas.es\\\/\",\"name\":\"HilaturasMP\",\"description\":\"Hilos trenzados para industria o trabajos manuales, encerados y sin encerar, hilo de kevlar, herramientas...\",\"publisher\":{\"@id\":\"https:\\\/\\\/hilaturas.es\\\/#organization\"},\"alternateName\":\"HilaturasMP\",\"potentialAction\":[{\"@type\":\"SearchAction\",\"target\":{\"@type\":\"EntryPoint\",\"urlTemplate\":\"https:\\\/\\\/hilaturas.es\\\/?s={search_term_string}\"},\"query-input\":{\"@type\":\"PropertyValueSpecification\",\"valueRequired\":true,\"valueName\":\"search_term_string\"}}],\"inLanguage\":\"pt-PT\"},{\"@type\":\"Organization\",\"@id\":\"https:\\\/\\\/hilaturas.es\\\/#organization\",\"name\":\"Hilaturas MP - Hilos trenzados\",\"alternateName\":\"HilaturasMP\",\"url\":\"https:\\\/\\\/hilaturas.es\\\/\",\"logo\":{\"@type\":\"ImageObject\",\"inLanguage\":\"pt-PT\",\"@id\":\"https:\\\/\\\/hilaturas.es\\\/#\\\/schema\\\/logo\\\/image\\\/\",\"url\":\"https:\\\/\\\/hilaturas.es\\\/wp-content\\\/uploads\\\/2025\\\/08\\\/Logo-Hilaturas-696x696-1.webp\",\"contentUrl\":\"https:\\\/\\\/hilaturas.es\\\/wp-content\\\/uploads\\\/2025\\\/08\\\/Logo-Hilaturas-696x696-1.webp\",\"width\":696,\"height\":696,\"caption\":\"Hilaturas MP - Hilos trenzados\"},\"image\":{\"@id\":\"https:\\\/\\\/hilaturas.es\\\/#\\\/schema\\\/logo\\\/image\\\/\"},\"sameAs\":[\"https:\\\/\\\/facebook.com\\\/hilaturas.es\"]}]}<\/script>\n<!-- \/ Yoast SEO plugin. -->","yoast_head_json":{"title":"PULSERA NAUTICA NUDOS BICOLOR CON POMPOM CORTO REF.3 - Hilaturas.es","robots":{"index":"index","follow":"follow","max-snippet":"max-snippet:-1","max-image-preview":"max-image-preview:large","max-video-preview":"max-video-preview:-1"},"canonical":"https:\/\/hilaturas.es\/pt\/pulsera-nautica-nudos-bicolor-con-pompom-corto-ref-3\/","og_locale":"pt_PT","og_type":"article","og_title":"PULSERA NAUTICA NUDOS BICOLOR CON POMPOM CORTO REF.3 - Hilaturas.es","og_description":"PULSERAS ELABORADAS CON HILO DE NYLON, TIPO CORD\u00d3N N\u00c1UTICO, CON LOS COLORES DE LA BANDERA DE ESPA\u00d1A . PULSERAS DE NUDOS.  Pulsera ajustable elaborada con nuestro hilo trenzado de nylon multiusos de 3mm de grosor, utilizando los colores de la bandera de Espa\u00f1a, el rojo y el amarillo. \u270c\ufe0f Su estilo es informal y casual y est\u00e1 hecha a mano. \ud83c\udf81 Un regalo muy original y bonito. \ud83e\udeb6 Son suaves y duraderas, ya que est\u00e1n confeccionadas en nylon muy suave. \ud83d\udca6 Se puede lavar a mano o a m\u00e1quina.  Pulsera N\u00e1utica Nudos Bicolor disponible en TALLA \u00daNICA: Totalmente cerrada mide 20cm y se extiende para poder abrirla hasta un m\u00e1ximo de 32cm de di\u00e1metro.","og_url":"https:\/\/hilaturas.es\/pt\/pulsera-nautica-nudos-bicolor-con-pompom-corto-ref-3\/","og_site_name":"Hilaturas.es","article_publisher":"https:\/\/facebook.com\/hilaturas.es","article_modified_time":"2024-02-29T09:32:14+00:00","og_image":[{"width":1920,"height":2560,"url":"https:\/\/hilaturas.es\/wp-content\/uploads\/2023\/03\/products-3324-scaled-jpg.webp","type":"image\/jpeg"}],"twitter_card":"summary_large_image","twitter_misc":{"Tempo estimado de leitura":"2 minutos"},"schema":{"@context":"https:\/\/schema.org","@graph":[{"@type":"WebPage","@id":"https:\/\/hilaturas.es\/pulsera-nautica-nudos-bicolor-con-pompom-corto-ref-3\/","url":"https:\/\/hilaturas.es\/pulsera-nautica-nudos-bicolor-con-pompom-corto-ref-3\/","name":"PULSERA NAUTICA NUDOS BICOLOR CON POMPOM CORTO REF.3 - Hilaturas.es","isPartOf":{"@id":"https:\/\/hilaturas.es\/#website"},"primaryImageOfPage":{"@id":"https:\/\/hilaturas.es\/pulsera-nautica-nudos-bicolor-con-pompom-corto-ref-3\/#primaryimage"},"image":{"@id":"https:\/\/hilaturas.es\/pulsera-nautica-nudos-bicolor-con-pompom-corto-ref-3\/#primaryimage"},"thumbnailUrl":"https:\/\/hilaturas.es\/wp-content\/uploads\/2023\/03\/products-3324-scaled-jpg-webp.webp","datePublished":"2023-03-15T11:52:20+00:00","dateModified":"2024-02-29T09:32:14+00:00","breadcrumb":{"@id":"https:\/\/hilaturas.es\/pulsera-nautica-nudos-bicolor-con-pompom-corto-ref-3\/#breadcrumb"},"inLanguage":"pt-PT","potentialAction":[{"@type":"ReadAction","target":["https:\/\/hilaturas.es\/pulsera-nautica-nudos-bicolor-con-pompom-corto-ref-3\/"]}]},{"@type":"ImageObject","inLanguage":"pt-PT","@id":"https:\/\/hilaturas.es\/pulsera-nautica-nudos-bicolor-con-pompom-corto-ref-3\/#primaryimage","url":"https:\/\/hilaturas.es\/wp-content\/uploads\/2023\/03\/products-3324-scaled-jpg-webp.webp","contentUrl":"https:\/\/hilaturas.es\/wp-content\/uploads\/2023\/03\/products-3324-scaled-jpg-webp.webp","width":1920,"height":2560},{"@type":"BreadcrumbList","@id":"https:\/\/hilaturas.es\/pulsera-nautica-nudos-bicolor-con-pompom-corto-ref-3\/#breadcrumb","itemListElement":[{"@type":"ListItem","position":1,"name":"Portada","item":"https:\/\/hilaturas.es\/"},{"@type":"ListItem","position":2,"name":"Tienda","item":"https:\/\/hilaturas.es\/tienda\/"},{"@type":"ListItem","position":3,"name":"PULSERA NAUTICA NUDOS BICOLOR CON POMPOM CORTO REF.3"}]},{"@type":"WebSite","@id":"https:\/\/hilaturas.es\/#website","url":"https:\/\/hilaturas.es\/","name":"HilaturasMP","description":"Hilos trenzados para industria o trabajos manuales, encerados y sin encerar, hilo de kevlar, herramientas...","publisher":{"@id":"https:\/\/hilaturas.es\/#organization"},"alternateName":"HilaturasMP","potentialAction":[{"@type":"SearchAction","target":{"@type":"EntryPoint","urlTemplate":"https:\/\/hilaturas.es\/?s={search_term_string}"},"query-input":{"@type":"PropertyValueSpecification","valueRequired":true,"valueName":"search_term_string"}}],"inLanguage":"pt-PT"},{"@type":"Organization","@id":"https:\/\/hilaturas.es\/#organization","name":"Hilaturas MP - Hilos trenzados","alternateName":"HilaturasMP","url":"https:\/\/hilaturas.es\/","logo":{"@type":"ImageObject","inLanguage":"pt-PT","@id":"https:\/\/hilaturas.es\/#\/schema\/logo\/image\/","url":"https:\/\/hilaturas.es\/wp-content\/uploads\/2025\/08\/Logo-Hilaturas-696x696-1.webp","contentUrl":"https:\/\/hilaturas.es\/wp-content\/uploads\/2025\/08\/Logo-Hilaturas-696x696-1.webp","width":696,"height":696,"caption":"Hilaturas MP - Hilos trenzados"},"image":{"@id":"https:\/\/hilaturas.es\/#\/schema\/logo\/image\/"},"sameAs":["https:\/\/facebook.com\/hilaturas.es"]}]}},"brands":[],"_links":{"self":[{"href":"https:\/\/hilaturas.es\/pt\/wp-json\/wp\/v2\/product\/4408","targetHints":{"allow":["GET"]}}],"collection":[{"href":"https:\/\/hilaturas.es\/pt\/wp-json\/wp\/v2\/product"}],"about":[{"href":"https:\/\/hilaturas.es\/pt\/wp-json\/wp\/v2\/types\/product"}],"wp:featuredmedia":[{"embeddable":true,"href":"https:\/\/hilaturas.es\/pt\/wp-json\/wp\/v2\/media\/4410"}],"wp:attachment":[{"href":"https:\/\/hilaturas.es\/pt\/wp-json\/wp\/v2\/media?parent=4408"}],"wp:term":[{"taxonomy":"pwb-brand","embeddable":true,"href":"https:\/\/hilaturas.es\/pt\/wp-json\/wp\/v2\/pwb-brand?post=4408"},{"taxonomy":"product_brand","embeddable":true,"href":"https:\/\/hilaturas.es\/pt\/wp-json\/wp\/v2\/product_brand?post=4408"},{"taxonomy":"product_cat","embeddable":true,"href":"https:\/\/hilaturas.es\/pt\/wp-json\/wp\/v2\/product_cat?post=4408"},{"taxonomy":"product_tag","embeddable":true,"href":"https:\/\/hilaturas.es\/pt\/wp-json\/wp\/v2\/product_tag?post=4408"}],"curies":[{"name":"wp","href":"https:\/\/api.w.org\/{rel}","templated":true}]}}