{"id":5422,"date":"2024-05-03T19:02:14","date_gmt":"2024-05-03T17:02:14","guid":{"rendered":"https:\/\/hilaturas.es\/?post_type=product&#038;p=5422"},"modified":"2025-03-04T12:09:13","modified_gmt":"2025-03-04T11:09:13","slug":"pinza-miniatura-punta-curva-truper","status":"publish","type":"product","link":"https:\/\/hilaturas.es\/pt\/pinza-miniatura-punta-curva-truper\/","title":{"rendered":"Pinza miniatura punta curva Truper"},"content":{"rendered":"","protected":false},"excerpt":{"rendered":"<p>Especificaciones<br \/>\nLargo total: 5&#8243; (127 mm)<br \/>\nLongitud de mordaza: 27 mm<br \/>\nPeso: 72 g<br \/>\nEmpaque: Tarjeta<br \/>\nUsos<br \/>\nIdeales para alambrados e instalaci\u00f3n en equipos electr\u00f3nicos.<br \/>\nPara una mejor sujeci\u00f3n de alambres y\/o cables.<\/p>\n<ul>\n<li>Dise\u00f1o miniatura para un mejor comfort.<\/li>\n<li>Fabricada en acero al cromo vanadio 2 veces m\u00e1s resistentes al desgaste que las de acero al carbono.<\/li>\n<li>Acabado niquelado, 3 veces m\u00e1s resistente a la corrosi\u00f3n.<\/li>\n<li>Mango comfort grip fabricado en pl\u00e1stico TPR con doble inyecci\u00f3n en color naranja y negro.<\/li>\n<li>Con dise\u00f1o de punta media ca\u00f1a curva para mejor sujeci\u00f3n.<\/li>\n<li>Cuenta con topes en los mangos que proporcionan mayor comodidad.<\/li>\n<li>Con resorte entre los mangos para facilitar la apertura de la pinza.<\/li>\n<\/ul>","protected":false},"featured_media":5476,"template":"","meta":[],"pwb-brand":[],"product_brand":[],"product_cat":[225],"product_tag":[],"class_list":{"0":"post-5422","1":"product","2":"type-product","3":"status-publish","4":"has-post-thumbnail","6":"product_cat-alicates-y-pinzas","8":"first","9":"instock","10":"taxable","11":"shipping-taxable","12":"purchasable","13":"product-type-simple"},"yoast_head":"<!-- This site is optimized with the Yoast SEO plugin v27.4 - https:\/\/yoast.com\/product\/yoast-seo-wordpress\/ -->\n<title>Pinza miniatura punta curva Truper - Hilaturas.es<\/title>\n<meta name=\"robots\" content=\"index, follow, max-snippet:-1, max-image-preview:large, max-video-preview:-1\" \/>\n<link rel=\"canonical\" href=\"https:\/\/hilaturas.es\/pt\/pinza-miniatura-punta-curva-truper\/\" \/>\n<meta property=\"og:locale\" content=\"pt_PT\" \/>\n<meta property=\"og:type\" content=\"article\" \/>\n<meta property=\"og:title\" content=\"Pinza miniatura punta curva Truper - Hilaturas.es\" \/>\n<meta property=\"og:description\" content=\"Especificaciones Largo total: 5&quot; (127 mm) Longitud de mordaza: 27 mm Peso: 72 g Empaque: Tarjeta Usos Ideales para alambrados e instalaci\u00f3n en equipos electr\u00f3nicos. Para una mejor sujeci\u00f3n de alambres y\/o cables.   Dise\u00f1o miniatura para un mejor comfort.  Fabricada en acero al cromo vanadio 2 veces m\u00e1s resistentes al desgaste que las de acero al carbono.  Acabado niquelado, 3 veces m\u00e1s resistente a la corrosi\u00f3n.  Mango comfort grip fabricado en pl\u00e1stico TPR con doble inyecci\u00f3n en color naranja y negro.  Con dise\u00f1o de punta media ca\u00f1a curva para mejor sujeci\u00f3n.  Cuenta con topes en los mangos que proporcionan mayor comodidad.  Con resorte entre los mangos para facilitar la apertura de la pinza.\" \/>\n<meta property=\"og:url\" content=\"https:\/\/hilaturas.es\/pt\/pinza-miniatura-punta-curva-truper\/\" \/>\n<meta property=\"og:site_name\" content=\"Hilaturas.es\" \/>\n<meta property=\"article:publisher\" content=\"https:\/\/facebook.com\/hilaturas.es\" \/>\n<meta property=\"article:modified_time\" content=\"2025-03-04T11:09:13+00:00\" \/>\n<meta property=\"og:image\" content=\"https:\/\/hilaturas.es\/wp-content\/uploads\/2024\/05\/Pinza-miniatura-punta-curva-Truper-jpg-webp.webp\" \/>\n\t<meta property=\"og:image:width\" content=\"1024\" \/>\n\t<meta property=\"og:image:height\" content=\"1024\" \/>\n\t<meta property=\"og:image:type\" content=\"image\/jpeg\" \/>\n<meta name=\"twitter:card\" content=\"summary_large_image\" \/>\n<meta name=\"twitter:label1\" content=\"Tempo estimado de leitura\" \/>\n\t<meta name=\"twitter:data1\" content=\"1 minuto\" \/>\n<script type=\"application\/ld+json\" class=\"yoast-schema-graph\">{\"@context\":\"https:\\\/\\\/schema.org\",\"@graph\":[{\"@type\":\"WebPage\",\"@id\":\"https:\\\/\\\/hilaturas.es\\\/pinza-miniatura-punta-curva-truper\\\/\",\"url\":\"https:\\\/\\\/hilaturas.es\\\/pinza-miniatura-punta-curva-truper\\\/\",\"name\":\"Pinza miniatura punta curva Truper - Hilaturas.es\",\"isPartOf\":{\"@id\":\"https:\\\/\\\/hilaturas.es\\\/#website\"},\"primaryImageOfPage\":{\"@id\":\"https:\\\/\\\/hilaturas.es\\\/pinza-miniatura-punta-curva-truper\\\/#primaryimage\"},\"image\":{\"@id\":\"https:\\\/\\\/hilaturas.es\\\/pinza-miniatura-punta-curva-truper\\\/#primaryimage\"},\"thumbnailUrl\":\"https:\\\/\\\/hilaturas.es\\\/wp-content\\\/uploads\\\/2024\\\/05\\\/Pinza-miniatura-punta-curva-Truper-jpg-webp.webp\",\"datePublished\":\"2024-05-03T17:02:14+00:00\",\"dateModified\":\"2025-03-04T11:09:13+00:00\",\"breadcrumb\":{\"@id\":\"https:\\\/\\\/hilaturas.es\\\/pinza-miniatura-punta-curva-truper\\\/#breadcrumb\"},\"inLanguage\":\"pt-PT\",\"potentialAction\":[{\"@type\":\"ReadAction\",\"target\":[\"https:\\\/\\\/hilaturas.es\\\/pinza-miniatura-punta-curva-truper\\\/\"]}]},{\"@type\":\"ImageObject\",\"inLanguage\":\"pt-PT\",\"@id\":\"https:\\\/\\\/hilaturas.es\\\/pinza-miniatura-punta-curva-truper\\\/#primaryimage\",\"url\":\"https:\\\/\\\/hilaturas.es\\\/wp-content\\\/uploads\\\/2024\\\/05\\\/Pinza-miniatura-punta-curva-Truper-jpg-webp.webp\",\"contentUrl\":\"https:\\\/\\\/hilaturas.es\\\/wp-content\\\/uploads\\\/2024\\\/05\\\/Pinza-miniatura-punta-curva-Truper-jpg-webp.webp\",\"width\":1024,\"height\":1024},{\"@type\":\"BreadcrumbList\",\"@id\":\"https:\\\/\\\/hilaturas.es\\\/pinza-miniatura-punta-curva-truper\\\/#breadcrumb\",\"itemListElement\":[{\"@type\":\"ListItem\",\"position\":1,\"name\":\"Portada\",\"item\":\"https:\\\/\\\/hilaturas.es\\\/\"},{\"@type\":\"ListItem\",\"position\":2,\"name\":\"Tienda\",\"item\":\"https:\\\/\\\/hilaturas.es\\\/tienda\\\/\"},{\"@type\":\"ListItem\",\"position\":3,\"name\":\"Pinza miniatura punta curva Truper\"}]},{\"@type\":\"WebSite\",\"@id\":\"https:\\\/\\\/hilaturas.es\\\/#website\",\"url\":\"https:\\\/\\\/hilaturas.es\\\/\",\"name\":\"HilaturasMP\",\"description\":\"Hilos trenzados para industria o trabajos manuales, encerados y sin encerar, hilo de kevlar, herramientas...\",\"publisher\":{\"@id\":\"https:\\\/\\\/hilaturas.es\\\/#organization\"},\"alternateName\":\"HilaturasMP\",\"potentialAction\":[{\"@type\":\"SearchAction\",\"target\":{\"@type\":\"EntryPoint\",\"urlTemplate\":\"https:\\\/\\\/hilaturas.es\\\/?s={search_term_string}\"},\"query-input\":{\"@type\":\"PropertyValueSpecification\",\"valueRequired\":true,\"valueName\":\"search_term_string\"}}],\"inLanguage\":\"pt-PT\"},{\"@type\":\"Organization\",\"@id\":\"https:\\\/\\\/hilaturas.es\\\/#organization\",\"name\":\"Hilaturas MP - Hilos trenzados\",\"alternateName\":\"HilaturasMP\",\"url\":\"https:\\\/\\\/hilaturas.es\\\/\",\"logo\":{\"@type\":\"ImageObject\",\"inLanguage\":\"pt-PT\",\"@id\":\"https:\\\/\\\/hilaturas.es\\\/#\\\/schema\\\/logo\\\/image\\\/\",\"url\":\"https:\\\/\\\/hilaturas.es\\\/wp-content\\\/uploads\\\/2025\\\/08\\\/Logo-Hilaturas-696x696-1.webp\",\"contentUrl\":\"https:\\\/\\\/hilaturas.es\\\/wp-content\\\/uploads\\\/2025\\\/08\\\/Logo-Hilaturas-696x696-1.webp\",\"width\":696,\"height\":696,\"caption\":\"Hilaturas MP - Hilos trenzados\"},\"image\":{\"@id\":\"https:\\\/\\\/hilaturas.es\\\/#\\\/schema\\\/logo\\\/image\\\/\"},\"sameAs\":[\"https:\\\/\\\/facebook.com\\\/hilaturas.es\"]}]}<\/script>\n<!-- \/ Yoast SEO plugin. -->","yoast_head_json":{"title":"Pinza miniatura punta curva Truper - Hilaturas.es","robots":{"index":"index","follow":"follow","max-snippet":"max-snippet:-1","max-image-preview":"max-image-preview:large","max-video-preview":"max-video-preview:-1"},"canonical":"https:\/\/hilaturas.es\/pt\/pinza-miniatura-punta-curva-truper\/","og_locale":"pt_PT","og_type":"article","og_title":"Pinza miniatura punta curva Truper - Hilaturas.es","og_description":"Especificaciones Largo total: 5\" (127 mm) Longitud de mordaza: 27 mm Peso: 72 g Empaque: Tarjeta Usos Ideales para alambrados e instalaci\u00f3n en equipos electr\u00f3nicos. Para una mejor sujeci\u00f3n de alambres y\/o cables.   Dise\u00f1o miniatura para un mejor comfort.  Fabricada en acero al cromo vanadio 2 veces m\u00e1s resistentes al desgaste que las de acero al carbono.  Acabado niquelado, 3 veces m\u00e1s resistente a la corrosi\u00f3n.  Mango comfort grip fabricado en pl\u00e1stico TPR con doble inyecci\u00f3n en color naranja y negro.  Con dise\u00f1o de punta media ca\u00f1a curva para mejor sujeci\u00f3n.  Cuenta con topes en los mangos que proporcionan mayor comodidad.  Con resorte entre los mangos para facilitar la apertura de la pinza.","og_url":"https:\/\/hilaturas.es\/pt\/pinza-miniatura-punta-curva-truper\/","og_site_name":"Hilaturas.es","article_publisher":"https:\/\/facebook.com\/hilaturas.es","article_modified_time":"2025-03-04T11:09:13+00:00","og_image":[{"width":1024,"height":1024,"url":"https:\/\/hilaturas.es\/wp-content\/uploads\/2024\/05\/Pinza-miniatura-punta-curva-Truper-jpg-webp.webp","type":"image\/jpeg"}],"twitter_card":"summary_large_image","twitter_misc":{"Tempo estimado de leitura":"1 minuto"},"schema":{"@context":"https:\/\/schema.org","@graph":[{"@type":"WebPage","@id":"https:\/\/hilaturas.es\/pinza-miniatura-punta-curva-truper\/","url":"https:\/\/hilaturas.es\/pinza-miniatura-punta-curva-truper\/","name":"Pinza miniatura punta curva Truper - Hilaturas.es","isPartOf":{"@id":"https:\/\/hilaturas.es\/#website"},"primaryImageOfPage":{"@id":"https:\/\/hilaturas.es\/pinza-miniatura-punta-curva-truper\/#primaryimage"},"image":{"@id":"https:\/\/hilaturas.es\/pinza-miniatura-punta-curva-truper\/#primaryimage"},"thumbnailUrl":"https:\/\/hilaturas.es\/wp-content\/uploads\/2024\/05\/Pinza-miniatura-punta-curva-Truper-jpg-webp.webp","datePublished":"2024-05-03T17:02:14+00:00","dateModified":"2025-03-04T11:09:13+00:00","breadcrumb":{"@id":"https:\/\/hilaturas.es\/pinza-miniatura-punta-curva-truper\/#breadcrumb"},"inLanguage":"pt-PT","potentialAction":[{"@type":"ReadAction","target":["https:\/\/hilaturas.es\/pinza-miniatura-punta-curva-truper\/"]}]},{"@type":"ImageObject","inLanguage":"pt-PT","@id":"https:\/\/hilaturas.es\/pinza-miniatura-punta-curva-truper\/#primaryimage","url":"https:\/\/hilaturas.es\/wp-content\/uploads\/2024\/05\/Pinza-miniatura-punta-curva-Truper-jpg-webp.webp","contentUrl":"https:\/\/hilaturas.es\/wp-content\/uploads\/2024\/05\/Pinza-miniatura-punta-curva-Truper-jpg-webp.webp","width":1024,"height":1024},{"@type":"BreadcrumbList","@id":"https:\/\/hilaturas.es\/pinza-miniatura-punta-curva-truper\/#breadcrumb","itemListElement":[{"@type":"ListItem","position":1,"name":"Portada","item":"https:\/\/hilaturas.es\/"},{"@type":"ListItem","position":2,"name":"Tienda","item":"https:\/\/hilaturas.es\/tienda\/"},{"@type":"ListItem","position":3,"name":"Pinza miniatura punta curva Truper"}]},{"@type":"WebSite","@id":"https:\/\/hilaturas.es\/#website","url":"https:\/\/hilaturas.es\/","name":"HilaturasMP","description":"Hilos trenzados para industria o trabajos manuales, encerados y sin encerar, hilo de kevlar, herramientas...","publisher":{"@id":"https:\/\/hilaturas.es\/#organization"},"alternateName":"HilaturasMP","potentialAction":[{"@type":"SearchAction","target":{"@type":"EntryPoint","urlTemplate":"https:\/\/hilaturas.es\/?s={search_term_string}"},"query-input":{"@type":"PropertyValueSpecification","valueRequired":true,"valueName":"search_term_string"}}],"inLanguage":"pt-PT"},{"@type":"Organization","@id":"https:\/\/hilaturas.es\/#organization","name":"Hilaturas MP - Hilos trenzados","alternateName":"HilaturasMP","url":"https:\/\/hilaturas.es\/","logo":{"@type":"ImageObject","inLanguage":"pt-PT","@id":"https:\/\/hilaturas.es\/#\/schema\/logo\/image\/","url":"https:\/\/hilaturas.es\/wp-content\/uploads\/2025\/08\/Logo-Hilaturas-696x696-1.webp","contentUrl":"https:\/\/hilaturas.es\/wp-content\/uploads\/2025\/08\/Logo-Hilaturas-696x696-1.webp","width":696,"height":696,"caption":"Hilaturas MP - Hilos trenzados"},"image":{"@id":"https:\/\/hilaturas.es\/#\/schema\/logo\/image\/"},"sameAs":["https:\/\/facebook.com\/hilaturas.es"]}]}},"brands":[],"_links":{"self":[{"href":"https:\/\/hilaturas.es\/pt\/wp-json\/wp\/v2\/product\/5422","targetHints":{"allow":["GET"]}}],"collection":[{"href":"https:\/\/hilaturas.es\/pt\/wp-json\/wp\/v2\/product"}],"about":[{"href":"https:\/\/hilaturas.es\/pt\/wp-json\/wp\/v2\/types\/product"}],"wp:featuredmedia":[{"embeddable":true,"href":"https:\/\/hilaturas.es\/pt\/wp-json\/wp\/v2\/media\/5476"}],"wp:attachment":[{"href":"https:\/\/hilaturas.es\/pt\/wp-json\/wp\/v2\/media?parent=5422"}],"wp:term":[{"taxonomy":"pwb-brand","embeddable":true,"href":"https:\/\/hilaturas.es\/pt\/wp-json\/wp\/v2\/pwb-brand?post=5422"},{"taxonomy":"product_brand","embeddable":true,"href":"https:\/\/hilaturas.es\/pt\/wp-json\/wp\/v2\/product_brand?post=5422"},{"taxonomy":"product_cat","embeddable":true,"href":"https:\/\/hilaturas.es\/pt\/wp-json\/wp\/v2\/product_cat?post=5422"},{"taxonomy":"product_tag","embeddable":true,"href":"https:\/\/hilaturas.es\/pt\/wp-json\/wp\/v2\/product_tag?post=5422"}],"curies":[{"name":"wp","href":"https:\/\/api.w.org\/{rel}","templated":true}]}}